{"id":284494,"date":"2026-02-24T15:55:47","date_gmt":"2026-02-24T13:55:47","guid":{"rendered":"https:\/\/variset.fi\/?page_id=284494"},"modified":"2026-02-25T14:11:31","modified_gmt":"2026-02-25T12:11:31","slug":"salesperson","status":"publish","type":"page","link":"https:\/\/variset.fi\/en\/company\/recruitment\/salesperson\/","title":{"rendered":"Customer Acquisition Representative"},"content":{"rendered":"<section class=\"block block-hero has-media layout-full\">\r\n\r\n    <div class=\"hero-media\">\r\n                            <img decoding=\"async\" src=\"https:\/\/variset.fi\/wp-content\/uploads\/2026\/02\/variset_joona_myyjarekry-890x593.jpg\" alt=\"\" width=\"2560\" height=\"1707\" srcset=\"https:\/\/variset.fi\/wp-content\/uploads\/2026\/02\/variset_joona_myyjarekry-300x200.jpg 300w, https:\/\/variset.fi\/wp-content\/uploads\/2026\/02\/variset_joona_myyjarekry-1024x683.jpg 1024w, https:\/\/variset.fi\/wp-content\/uploads\/2026\/02\/variset_joona_myyjarekry-768x512.jpg 768w, https:\/\/variset.fi\/wp-content\/uploads\/2026\/02\/variset_joona_myyjarekry-1536x1024.jpg 1536w, https:\/\/variset.fi\/wp-content\/uploads\/2026\/02\/variset_joona_myyjarekry-2048x1365.jpg 2048w, https:\/\/variset.fi\/wp-content\/uploads\/2026\/02\/variset_joona_myyjarekry-1920x1280.jpg 1920w, https:\/\/variset.fi\/wp-content\/uploads\/2026\/02\/variset_joona_myyjarekry-890x593.jpg 890w, https:\/\/variset.fi\/wp-content\/uploads\/2026\/02\/variset_joona_myyjarekry-714x476.jpg 714w, https:\/\/variset.fi\/wp-content\/uploads\/2026\/02\/variset_joona_myyjarekry-590x393.jpg 590w, https:\/\/variset.fi\/wp-content\/uploads\/2026\/02\/variset_joona_myyjarekry-367x245.jpg 367w, https:\/\/variset.fi\/wp-content\/uploads\/2026\/02\/variset_joona_myyjarekry-600x400.jpg 600w\" data-no-lazy=\"1\" fetchpriority=\"high\">            <\/div>\r\n\r\n    <div class=\"hero-content\">\r\n        <div class=\"hero-container\">\r\n            <div class=\"content-container\">\r\n                                \n<div class=\"wp-block-wds-hero\">\n<h2 class=\"wp-block-heading\">We are looking for customer acquisition representatives across Finland<\/h2>\n\n\n\n<h1 class=\"wp-block-heading\">Become a customer acquisition representative at V\u00e4riset<\/h1>\n\n\n\n<div class=\"wp-block-buttons is-layout-flex wp-block-buttons-is-layout-flex\">\n<div class=\"wp-block-button\"><a class=\"wp-block-button__link wp-element-button\" href=\"#lomake\">Submit application<\/a><\/div>\n<\/div>\n<\/div>\n            <\/div>\r\n        <\/div>\r\n    <\/div>\r\n<\/section><section class=\"block block-value-propositions\">\r\n    <div class=\"content-container\">\r\n        <div class=\"value-propositions-grid\">\r\n            <div class=\"scroll-container\">\r\n                <div class=\"content\">\r\n                    \n<div class=\"wp-block-wds-value-propositions\">\n<div class=\"wp-block-group value-propositions-grid is-layout-flex wp-block-group-is-layout-flex\"><div class=\"block block-icon-text\">\r\n            <div class=\"icon-container\">\r\n            <img width=\"36\" height=\"35\" src=\"https:\/\/variset.fi\/wp-content\/uploads\/2026\/02\/icon-star.svg\" class=\"attachment-thumbnail size-thumbnail\" alt=\"\" loading=\"lazy\" decoding=\"async\" \/>        <\/div>\r\n        <div class=\"content-container\">\r\n        \n<div class=\"wp-block-wds-icon-text\">\n<h3 class=\"wp-block-heading\">Great colleagues<\/h3>\n\n\n\n<p><\/p>\n<\/div>\n    <\/div>\r\n<\/div>\r\n\n\n<div class=\"block block-icon-text\">\r\n            <div class=\"icon-container\">\r\n            <img width=\"36\" height=\"35\" src=\"https:\/\/variset.fi\/wp-content\/uploads\/2026\/02\/icon-star.svg\" class=\"attachment-thumbnail size-thumbnail\" alt=\"\" loading=\"lazy\" decoding=\"async\" \/>        <\/div>\r\n        <div class=\"content-container\">\r\n        \n<div class=\"wp-block-wds-icon-text\">\n<h3 class=\"wp-block-heading\">Comprehensive training<\/h3>\n\n\n\n<p><\/p>\n<\/div>\n    <\/div>\r\n<\/div>\r\n\n\n<div class=\"block block-icon-text\">\r\n            <div class=\"icon-container\">\r\n            <img width=\"36\" height=\"35\" src=\"https:\/\/variset.fi\/wp-content\/uploads\/2026\/02\/icon-star.svg\" class=\"attachment-thumbnail size-thumbnail\" alt=\"\" loading=\"lazy\" decoding=\"async\" \/>        <\/div>\r\n        <div class=\"content-container\">\r\n        \n<div class=\"wp-block-wds-icon-text\">\n<h3 class=\"wp-block-heading\">Fair pay<\/h3>\n\n\n\n<p><\/p>\n<\/div>\n    <\/div>\r\n<\/div>\r\n\n\n<div class=\"block block-icon-text\">\r\n        <div class=\"content-container\">\r\n        \n<div class=\"wp-block-wds-icon-text\">\n<h3 class=\"wp-block-heading\"><\/h3>\n\n\n\n<p><\/p>\n<\/div>\n    <\/div>\r\n<\/div>\r\n<\/div>\n<\/div>\n                <\/div>\r\n                <div class=\"mobile-content\">\r\n                    \n<div class=\"wp-block-wds-value-propositions\">\n<div class=\"wp-block-group value-propositions-grid is-layout-flex wp-block-group-is-layout-flex\"><div class=\"block block-icon-text\">\r\n            <div class=\"icon-container\">\r\n            <img width=\"36\" height=\"35\" src=\"https:\/\/variset.fi\/wp-content\/uploads\/2026\/02\/icon-star.svg\" class=\"attachment-thumbnail size-thumbnail\" alt=\"\" loading=\"lazy\" decoding=\"async\" \/>        <\/div>\r\n        <div class=\"content-container\">\r\n        \n<div class=\"wp-block-wds-icon-text\">\n<h3 class=\"wp-block-heading\">Great colleagues<\/h3>\n\n\n\n<p><\/p>\n<\/div>\n    <\/div>\r\n<\/div>\r\n\n\n<div class=\"block block-icon-text\">\r\n            <div class=\"icon-container\">\r\n            <img width=\"36\" height=\"35\" src=\"https:\/\/variset.fi\/wp-content\/uploads\/2026\/02\/icon-star.svg\" class=\"attachment-thumbnail size-thumbnail\" alt=\"\" loading=\"lazy\" decoding=\"async\" \/>        <\/div>\r\n        <div class=\"content-container\">\r\n        \n<div class=\"wp-block-wds-icon-text\">\n<h3 class=\"wp-block-heading\">Comprehensive training<\/h3>\n\n\n\n<p><\/p>\n<\/div>\n    <\/div>\r\n<\/div>\r\n\n\n<div class=\"block block-icon-text\">\r\n            <div class=\"icon-container\">\r\n            <img width=\"36\" height=\"35\" src=\"https:\/\/variset.fi\/wp-content\/uploads\/2026\/02\/icon-star.svg\" class=\"attachment-thumbnail size-thumbnail\" alt=\"\" loading=\"lazy\" decoding=\"async\" \/>        <\/div>\r\n        <div class=\"content-container\">\r\n        \n<div class=\"wp-block-wds-icon-text\">\n<h3 class=\"wp-block-heading\">Fair pay<\/h3>\n\n\n\n<p><\/p>\n<\/div>\n    <\/div>\r\n<\/div>\r\n\n\n<div class=\"block block-icon-text\">\r\n        <div class=\"content-container\">\r\n        \n<div class=\"wp-block-wds-icon-text\">\n<h3 class=\"wp-block-heading\"><\/h3>\n\n\n\n<p><\/p>\n<\/div>\n    <\/div>\r\n<\/div>\r\n<\/div>\n<\/div>\n                <\/div>\r\n            <\/div>\r\n        <\/div>\r\n    <\/div>\r\n<\/section>\r\n\n<div style=\"height:30px\" aria-hidden=\"true\" class=\"wp-block-spacer\"><\/div>\n<section class=\"block block-basic\">\r\n    <div class=\"container\">\r\n        <div class=\"content-container reveal\">\r\n            \n<div class=\"wp-block-wds-basic\">\n<p class=\"has-medium-font-size\"><strong>Want a job where your own activity directly affects your salary?<\/strong><\/p>\n\n\n\n<p>Do you enjoy meeting people and want to represent a service you can stand behind 100%?<\/p>\n\n\n\n<p>We are now looking for customer acquisition specialists in Uusimaa, Pirkanmaa, Southwest Finland, Central Finland, and P\u00e4ij\u00e4t-H\u00e4me.<\/p>\n\n\n\n<p>The job involves door-to-door customer acquisition, at trade shows and stands: you schedule appointments for our salespeople for exterior painting, tile roof coatings, and metal roof painting.<\/p>\n\n\n\n<h3 class=\"wp-block-heading\">What the job involves in practice:<\/h3>\n\n\n\n<ul class=\"wp-block-list\">\n<li>You discuss the condition of exterior surfaces with homeowners<\/li>\n\n\n\n<li>You schedule appointments for our salespeople<\/li>\n\n\n\n<li>You travel around the service area with your colleague<\/li>\n\n\n\n<li>You build your expertise as a sales professional<\/li>\n<\/ul>\n\n\n\n<h3 class=\"wp-block-heading\">What we offer you:<\/h3>\n\n\n\n<ul class=\"wp-block-list\">\n<li>Flexible working hours<\/li>\n\n\n\n<li>Mileage compensation for using your own car<\/li>\n\n\n\n<li>Proven quality service (Google 4.8 \u2b50)<\/li>\n\n\n\n<li>Opportunity for excellent earnings (\u20ac2,000\u2013\u20ac6,000\/month) \u2013 active performers achieve good monthly income<\/li>\n<\/ul>\n\n\n\n<h3 class=\"wp-block-heading\">Who is this job for?<\/h3>\n\n\n\n<ul class=\"wp-block-list\">\n<li>You&#8217;re not afraid of doorbells<\/li>\n\n\n\n<li>You can handle meeting people daily<\/li>\n\n\n\n<li>You want to influence your own salary<\/li>\n\n\n\n<li>You have a driver&#8217;s license and access to your own car<\/li>\n\n\n\n<li>Previous experience in painting or sales is a plus<\/li>\n<\/ul>\n\n\n\n<p>V\u00e4riset is growing moderately and in a controlled manner. Our goal is to be Finland&#8217;s best painting company \u2013 not the biggest, but the best. <\/p>\n\n\n\n<p>Our values are courage, responsibility, and enthusiasm. We keep our promises to customers and to each other. The most important things in your work are to greet people, work hard, and support your colleagues.  <\/p>\n\n\n\n<p><strong>Please submit your application as soon as possible, as the position will be filled immediately once a suitable candidate is found. If you&#8217;re interested, send in your application or call<\/strong>:<\/p>\n\n\n\n<p>In Uusimaa, Taneli<br\/>\ud83d\udce9 <a>taneli.jamsa@variset.fi<\/a><br\/>\ud83d\udcde 040 015 0564<\/p>\n\n\n\n<p>In Pirkanmaa, Eemil<br\/>\ud83d\udce9 <a>eemil.pitkala@variset.fi<\/a><br\/>\ud83d\udcde 050 524 2131<\/p>\n\n\n\n<p>In Southwest Finland, Perttu<br\/>\ud83d\udce9 <a>perttu.aunio@variset.fi<\/a><br\/>\ud83d\udcde 040 640 4032<\/p>\n\n\n\n<p>Elsewhere in Finland, Verneri<br\/>\ud83d\udce9 <a>verneri.tuomikoski@variset.fi<\/a><br\/>\ud83d\udcde 040 026 1507<\/p>\n\n\n\n<p><strong><br\/><\/strong><\/p>\n\n\n\n<div class=\"wp-block-buttons is-layout-flex wp-block-buttons-is-layout-flex\">\n<div class=\"wp-block-button\"><a class=\"wp-block-button__link wp-element-button\" href=\"#lomake\">Submit application<\/a><\/div>\n<\/div>\n<\/div>\n        <\/div>\r\n    <\/div>\r\n<\/section><section class=\"block block-content-tabs\">\r\n    <div class=\"container\">\r\n        <ul class=\"nav nav-tabs\" id=\"tabs-69da6336aa225\" role=\"tablist\">\r\n                            <li class=\"nav-item\" role=\"presentation\">\r\n                    <button\r\n                        class=\"nav-link active\"\r\n                        id=\"tabs-69da6336aa225-0-tab\"\r\n                        data-bs-toggle=\"tab\"\r\n                        data-bs-target=\"#tabs-69da6336aa225-0\"\r\n                        type=\"button\"\r\n                        role=\"tab\"\r\n                        aria-controls=\"tabs-69da6336aa225-0\"\r\n                        aria-selected=\"true\"\r\n                    >\r\n                        What our workers think                    <\/button>\r\n                <\/li>\r\n                            <li class=\"nav-item\" role=\"presentation\">\r\n                    <button\r\n                        class=\"nav-link\"\r\n                        id=\"tabs-69da6336aa225-1-tab\"\r\n                        data-bs-toggle=\"tab\"\r\n                        data-bs-target=\"#tabs-69da6336aa225-1\"\r\n                        type=\"button\"\r\n                        role=\"tab\"\r\n                        aria-controls=\"tabs-69da6336aa225-1\"\r\n                        aria-selected=\"false\"\r\n                    >\r\n                        Read experiences                    <\/button>\r\n                <\/li>\r\n                    <\/ul>\r\n        <div class=\"tab-content\" id=\"tabs-69da6336aa225-content\">\r\n                            <div\r\n                    class=\"tab-pane fade show active\"\r\n                    id=\"tabs-69da6336aa225-0\"\r\n                    role=\"tabpanel\"\r\n                    aria-labelledby=\"tabs-69da6336aa225-0-tab\"\r\n                >\r\n                    \n<div class=\"wp-block-wds-content-tab\"><section class=\"block block-video\">\r\n    <div class=\"container\">\r\n                    <div class=\"video-content\">\r\n                \n<div class=\"wp-block-wds-video\">\n<h3 class=\"wp-block-heading\">What our employees think about V\u00e4riset<\/h3>\n<\/div>\n            <\/div>\r\n        \r\n                    <div class=\"video-container\">\r\n                                    <div class=\"video-embed\">\r\n                        <div class=\"video-embed-wrapper\"><iframe src=\"https:\/\/www.youtube.com\/embed\/CVZT7XPLbiI?playlist=CVZT7XPLbiI&#038;controls=1&#038;showinfo=0&#038;rel=0&#038;modestbranding=1\" allowfullscreen><\/iframe><\/div>\r\n                    <\/div>\r\n                            <\/div>\r\n            <\/div>\r\n<\/section>\r\n<\/div>\n                <\/div>\r\n                            <div\r\n                    class=\"tab-pane fade\"\r\n                    id=\"tabs-69da6336aa225-1\"\r\n                    role=\"tabpanel\"\r\n                    aria-labelledby=\"tabs-69da6336aa225-1-tab\"\r\n                >\r\n                                    <\/div>\r\n                    <\/div>\r\n    <\/div>\r\n<\/section>\r\n<section class=\"block block-text-form has-background-image\">\r\n    <div class=\"content-container\">\r\n                    <div class=\"background-container\"><img width=\"1024\" height=\"1001\" src=\"https:\/\/variset.fi\/wp-content\/uploads\/2026\/01\/joonat-1024x1001.png\" class=\"attachment-large size-large\" alt=\"\" loading=\"lazy\" decoding=\"async\" srcset=\"https:\/\/variset.fi\/wp-content\/uploads\/2026\/01\/joonat-1024x1001.png 1024w, https:\/\/variset.fi\/wp-content\/uploads\/2026\/01\/joonat-300x293.png 300w, https:\/\/variset.fi\/wp-content\/uploads\/2026\/01\/joonat-768x751.png 768w, https:\/\/variset.fi\/wp-content\/uploads\/2026\/01\/joonat-606x593.png 606w, https:\/\/variset.fi\/wp-content\/uploads\/2026\/01\/joonat-543x531.png 543w, https:\/\/variset.fi\/wp-content\/uploads\/2026\/01\/joonat-590x577.png 590w, https:\/\/variset.fi\/wp-content\/uploads\/2026\/01\/joonat.png 1456w\" sizes=\"auto, (max-width: 1024px) 100vw, 1024px\" \/><\/div>\r\n        \r\n        <div class=\"content\">\r\n\r\n            <div class=\"text-content reveal\">\r\n                \n<div id=\"lomake\" class=\"wp-block-wds-text-form\">\n<h2 class=\"wp-block-heading\">Apply to become a customer acquisition specialist,<br\/>fill out the application!<\/h2>\n\n\n\n<p class=\"has-medium-font-size\">Submit your application now and we&#8217;ll be in touch.<\/p>\n<\/div>\n            <\/div>\r\n\r\n            <div class=\"form-content reveal\">\r\n                                    \n<div class=\"wpcf7 no-js\" id=\"wpcf7-f284315-o1\" lang=\"en-US\" dir=\"ltr\" data-wpcf7-id=\"284315\">\n<div class=\"screen-reader-response\"><p role=\"status\" aria-live=\"polite\" aria-atomic=\"true\"><\/p> <ul><\/ul><\/div>\n<form action=\"\/en\/wp-json\/wp\/v2\/pages\/284494#wpcf7-f284315-o1\" method=\"post\" class=\"wpcf7-form init\" aria-label=\"Contact form\" enctype=\"multipart\/form-data\" novalidate=\"novalidate\" data-status=\"init\">\n<fieldset class=\"hidden-fields-container\"><input type=\"hidden\" name=\"_wpcf7\" value=\"284315\" \/><input type=\"hidden\" name=\"_wpcf7_version\" value=\"6.1.5\" \/><input type=\"hidden\" name=\"_wpcf7_locale\" value=\"en_US\" \/><input type=\"hidden\" name=\"_wpcf7_unit_tag\" value=\"wpcf7-f284315-o1\" \/><input type=\"hidden\" name=\"_wpcf7_container_post\" value=\"0\" \/><input type=\"hidden\" name=\"_wpcf7_posted_data_hash\" value=\"\" \/>\n<\/fieldset>\n<div class=\"wpcf7-turnstile cf-turnstile\" data-sitekey=\"0x4AAAAAACes2WIGZ21uqEaf\" data-response-field-name=\"_wpcf7_turnstile_response\"><\/div>\n\n<fieldset><label>Name *\n    <span class=\"wpcf7-form-control-wrap\" data-name=\"fullname\"><input size=\"40\" maxlength=\"400\" class=\"wpcf7-form-control wpcf7-text form-control form-control-gray  wpcf7-validates-as-required\" autocomplete=\"name\" aria-required=\"true\" aria-invalid=\"false\" value=\"\" type=\"text\" name=\"fullname\" \/><\/span> <\/label><\/fieldset>\n\n<fieldset class=\"narrow\"><label>Email *\n    <span class=\"wpcf7-form-control-wrap\" data-name=\"email\"><input size=\"40\" maxlength=\"400\" class=\"wpcf7-form-control wpcf7-email wpcf7-validates-as-required wpcf7-text form-control form-control-gray  wpcf7-validates-as-email\" autocomplete=\"email\" aria-required=\"true\" aria-invalid=\"false\" value=\"\" type=\"email\" name=\"email\" \/><\/span> <\/label><\/fieldset>\n\n<fieldset class=\"narrow\"><label>Phone *\n    <span class=\"wpcf7-form-control-wrap\" data-name=\"phone\"><input size=\"40\" maxlength=\"400\" class=\"wpcf7-form-control wpcf7-text form-control form-control-gray  wpcf7-validates-as-required\" autocomplete=\"tel\" aria-required=\"true\" aria-invalid=\"false\" value=\"\" type=\"text\" name=\"phone\" \/><\/span> <\/label><\/fieldset>\n\n<fieldset><label>Position Applied For *<\/label>\n    <span class=\"wpcf7-form-control-wrap\" data-name=\"hakukohde\"><span class=\"wpcf7-form-control wpcf7-radio\"><div class=\"form-check\"><input id=\"cf7_radio_1\" class=\"form-check-input\" type=\"radio\" name=\"hakukohde\" value=\"Salesperson\" \/><label class=\"form-check-label\" for=\"cf7_radio_1\"><span class=\"wpcf7-list-item-label\">Salesperson<\/span><\/label><\/div><div class=\"form-check\"><input id=\"cf7_radio_2\" class=\"form-check-input\" type=\"radio\" name=\"hakukohde\" value=\"Customer Acquisition Specialist\" \/><label class=\"form-check-label\" for=\"cf7_radio_2\"><span class=\"wpcf7-list-item-label\">Customer Acquisition Specialist<\/span><\/label><\/div><div class=\"form-check\"><input id=\"cf7_radio_3\" class=\"form-check-input\" type=\"radio\" name=\"hakukohde\" value=\"Painter\" \/><label class=\"form-check-label\" for=\"cf7_radio_3\"><span class=\"wpcf7-list-item-label\">Painter<\/span><\/label><\/div><div class=\"form-check\"><input id=\"cf7_radio_4\" class=\"form-check-input\" type=\"radio\" name=\"hakukohde\" value=\"Other open application\" \/><label class=\"form-check-label\" for=\"cf7_radio_4\"><span class=\"wpcf7-list-item-label\">Other open application<\/span><\/label><\/div><\/span><\/span><\/fieldset>\n\n\n<fieldset> <label>I am interested in working *<\/label>\n    <span class=\"wpcf7-form-control-wrap\" data-name=\"Sijainti\"><span class=\"wpcf7-form-control wpcf7-checkbox wpcf7-validates-as-required\"><div class=\"form-check\"><input id=\"cf7_checkbox_1\" class=\"form-check-input\" type=\"checkbox\" name=\"Sijainti[]\" value=\"in Uusimaa\" \/><label class=\"form-check-label\" for=\"cf7_checkbox_1\"><span class=\"wpcf7-list-item-label\">in Uusimaa<\/span><\/label><\/div><div class=\"form-check\"><input id=\"cf7_checkbox_2\" class=\"form-check-input\" type=\"checkbox\" name=\"Sijainti[]\" value=\"in Pirkanmaa\" \/><label class=\"form-check-label\" for=\"cf7_checkbox_2\"><span class=\"wpcf7-list-item-label\">in Pirkanmaa<\/span><\/label><\/div><div class=\"form-check\"><input id=\"cf7_checkbox_3\" class=\"form-check-input\" type=\"checkbox\" name=\"Sijainti[]\" value=\"in Southwest Finland\" \/><label class=\"form-check-label\" for=\"cf7_checkbox_3\"><span class=\"wpcf7-list-item-label\">in Southwest Finland<\/span><\/label><\/div><div class=\"form-check\"><input id=\"cf7_checkbox_4\" class=\"form-check-input\" type=\"checkbox\" name=\"Sijainti[]\" value=\"elsewhere in Finland\" \/><label class=\"form-check-label\" for=\"cf7_checkbox_4\"><span class=\"wpcf7-list-item-label\">elsewhere in Finland<\/span><\/label><\/div><\/span><\/span> <\/fieldset>\n\n<fieldset><label> Car\n    <span class=\"wpcf7-form-control-wrap\" data-name=\"Auto\"><span class=\"wpcf7-form-control wpcf7-checkbox\"><span class=\"wpcf7-list-item first last\"><input type=\"checkbox\" name=\"Auto[]\" value=\"I have a car available\" \/><span class=\"wpcf7-list-item-label\">I have a car available<\/span><\/span><\/span><\/span> <\/label><\/fieldset>\n\n<fieldset><label> What time period could you work (over 3 months is considered an advantage)\n    <span class=\"wpcf7-form-control-wrap\" data-name=\"Aikavali\"><input size=\"40\" maxlength=\"400\" class=\"wpcf7-form-control wpcf7-text form-control form-control-gray \" aria-invalid=\"false\" value=\"\" type=\"text\" name=\"Aikavali\" \/><\/span> <\/label><\/fieldset>\n\n<fieldset><label> Why would you be the right person for the job?*\n    <span class=\"wpcf7-form-control-wrap\" data-name=\"Miksihaet\"><textarea cols=\"40\" rows=\"10\" maxlength=\"2000\" class=\"wpcf7-form-control wpcf7-text form-control form-control-gray area wpcf7-validates-as-required\" aria-required=\"true\" aria-invalid=\"false\" name=\"Miksihaet\"><\/textarea><\/span> <\/label><\/fieldset>\n\n<fieldset><label>What kind of education do you have? What kind of work have you done before?*\n    <span class=\"wpcf7-form-control-wrap\" data-name=\"tausta\"><textarea cols=\"40\" rows=\"10\" maxlength=\"2000\" class=\"wpcf7-form-control wpcf7-text form-control form-control-gray area wpcf7-validates-as-required\" aria-required=\"true\" aria-invalid=\"false\" name=\"tausta\"><\/textarea><\/span> <\/label><\/fieldset>\n\n<fieldset> <label>Attach CV (optional)\n    <span class=\"wpcf7-form-control-wrap\" data-name=\"CV\"><input size=\"40\" class=\"wpcf7-form-control wpcf7-file\" accept=\".pdf,.doc,.docx\" aria-invalid=\"false\" type=\"file\" name=\"CV\" \/><\/span> <\/label>\n    <span style=\"font-size: 0.85em; display: block; margin-top: 5px; opacity: 0.8;\">Maximum file size 10 MB. CV can be in PDF or Word format<\/span>\n<\/fieldset>\n\n<fieldset><label><span class=\"wpcf7-form-control-wrap\" data-name=\"markkinointilupa\"><span class=\"wpcf7-form-control wpcf7-acceptance\"><div class=\"form-check\"><input id=\"cf7_checkbox_5\" class=\"form-check-input\" type=\"checkbox\" name=\"markkinointilupa\" value=\"1\" aria-invalid=\"false\" \/><label class=\"form-check-label\" for=\"cf7_checkbox_5\"><span class=\"wpcf7-list-item-label\">* I accept V\u00e4riset&#8217;s <a href=\"\/tietosuojaseloste\/\" target=\"_blank\">privacy policy<\/a><\/span><\/label><\/div><\/span><\/span><\/label><\/fieldset>\n\n\n\n\n<fieldset>\n    <button type=\"submit\" class=\"btn btn-fill\">Submit application<\/button>\n<\/fieldset>\n\n<p class=\"disclaimer\">Please note that the form cannot be submitted unless you have accepted the privacy policy and filled in the required fields.<\/p><div class=\"wpcf7-response-output\" aria-hidden=\"true\"><\/div>\n<\/form>\n<\/div>\n                            <\/div>\r\n\r\n        <\/div>\r\n    <\/div>\r\n<\/section>","protected":false},"excerpt":{"rendered":"","protected":false},"author":6,"featured_media":0,"parent":282466,"menu_order":0,"comment_status":"closed","ping_status":"closed","template":"","meta":{"_acf_changed":false,"_page_background_color":"","_accent_color":"","footnotes":""},"class_list":["post-284494","page","type-page","status-publish","hentry"],"acf":[],"_links":{"self":[{"href":"https:\/\/variset.fi\/en\/wp-json\/wp\/v2\/pages\/284494","targetHints":{"allow":["GET"]}}],"collection":[{"href":"https:\/\/variset.fi\/en\/wp-json\/wp\/v2\/pages"}],"about":[{"href":"https:\/\/variset.fi\/en\/wp-json\/wp\/v2\/types\/page"}],"author":[{"embeddable":true,"href":"https:\/\/variset.fi\/en\/wp-json\/wp\/v2\/users\/6"}],"replies":[{"embeddable":true,"href":"https:\/\/variset.fi\/en\/wp-json\/wp\/v2\/comments?post=284494"}],"version-history":[{"count":9,"href":"https:\/\/variset.fi\/en\/wp-json\/wp\/v2\/pages\/284494\/revisions"}],"predecessor-version":[{"id":284726,"href":"https:\/\/variset.fi\/en\/wp-json\/wp\/v2\/pages\/284494\/revisions\/284726"}],"up":[{"embeddable":true,"href":"https:\/\/variset.fi\/en\/wp-json\/wp\/v2\/pages\/282466"}],"wp:attachment":[{"href":"https:\/\/variset.fi\/en\/wp-json\/wp\/v2\/media?parent=284494"}],"curies":[{"name":"wp","href":"https:\/\/api.w.org\/{rel}","templated":true}]}}