{"id":282257,"date":"2026-02-09T15:26:19","date_gmt":"2026-02-09T13:26:19","guid":{"rendered":"https:\/\/variset.fi\/priskalkylator"},"modified":"2026-03-31T13:29:28","modified_gmt":"2026-03-31T10:29:28","slug":"priskalkylator","status":"publish","type":"page","link":"https:\/\/variset.fi\/sv\/priskalkylator\/","title":{"rendered":"Priskalkylator"},"content":{"rendered":"\n<h3 class=\"wp-block-heading has-text-align-center\">Ber\u00e4kna priset f\u00f6r husm\u00e5lning eller tegeltaksbel\u00e4ggning<\/h3>\n\n<p class=\"has-text-align-center\">Med v\u00e5r priskalkylator ber\u00e4knar du enkelt priset f\u00f6r husm\u00e5lning, tegeltaksbel\u00e4ggning eller pl\u00e5ttaksm\u00e5lning p\u00e5 n\u00e5gra minuter.<\/p>\n\n<iframe src=\"https:\/\/laskuri.variset.fi\" style=\"width:100%; border:none;\"><\/iframe>\n  <script src=\"https:\/\/laskuri.variset.fi\/embed.js?v=12\"><\/script>\n\n<div style=\"height:30px\" aria-hidden=\"true\" class=\"wp-block-spacer\"><\/div>\n","protected":false},"excerpt":{"rendered":"<p>Ber\u00e4kna priset f\u00f6r husm\u00e5lning eller tegeltaksbel\u00e4ggning Med v\u00e5r priskalkylator ber\u00e4knar du enkelt priset f\u00f6r&#8230;<\/p>\n","protected":false},"author":3,"featured_media":0,"parent":0,"menu_order":0,"comment_status":"closed","ping_status":"closed","template":"","meta":{"_acf_changed":false,"_page_background_color":"","_accent_color":"","footnotes":""},"class_list":["post-282257","page","type-page","status-publish","hentry"],"acf":[],"_links":{"self":[{"href":"https:\/\/variset.fi\/sv\/wp-json\/wp\/v2\/pages\/282257","targetHints":{"allow":["GET"]}}],"collection":[{"href":"https:\/\/variset.fi\/sv\/wp-json\/wp\/v2\/pages"}],"about":[{"href":"https:\/\/variset.fi\/sv\/wp-json\/wp\/v2\/types\/page"}],"author":[{"embeddable":true,"href":"https:\/\/variset.fi\/sv\/wp-json\/wp\/v2\/users\/3"}],"replies":[{"embeddable":true,"href":"https:\/\/variset.fi\/sv\/wp-json\/wp\/v2\/comments?post=282257"}],"version-history":[{"count":6,"href":"https:\/\/variset.fi\/sv\/wp-json\/wp\/v2\/pages\/282257\/revisions"}],"predecessor-version":[{"id":292774,"href":"https:\/\/variset.fi\/sv\/wp-json\/wp\/v2\/pages\/282257\/revisions\/292774"}],"wp:attachment":[{"href":"https:\/\/variset.fi\/sv\/wp-json\/wp\/v2\/media?parent=282257"}],"curies":[{"name":"wp","href":"https:\/\/api.w.org\/{rel}","templated":true}]}}