{"id":282265,"date":"2026-02-08T19:16:26","date_gmt":"2026-02-08T17:16:26","guid":{"rendered":"https:\/\/variset.fi\/gratis-kartlaggning"},"modified":"2026-03-31T13:41:49","modified_gmt":"2026-03-31T10:41:49","slug":"gratis-kartlaggning","status":"publish","type":"page","link":"https:\/\/variset.fi\/sv\/gratis-kartlaggning\/","title":{"rendered":"Gratis kartl\u00e4ggning"},"content":{"rendered":"<section class=\"block block-hero has-media layout-full\">\r\n\r\n    <div class=\"hero-media\">\r\n                            <img decoding=\"async\" src=\"https:\/\/variset.fi\/wp-content\/uploads\/2026\/02\/Tiilikaton_huolto_Inkeri_YpyaElia_Airas_PekkaRousi-17-Edit-889x593.jpg\" alt=\"\" width=\"2560\" height=\"1707\" srcset=\"https:\/\/variset.fi\/wp-content\/uploads\/2026\/02\/Tiilikaton_huolto_Inkeri_YpyaElia_Airas_PekkaRousi-17-Edit-300x200.jpg 300w, https:\/\/variset.fi\/wp-content\/uploads\/2026\/02\/Tiilikaton_huolto_Inkeri_YpyaElia_Airas_PekkaRousi-17-Edit-1024x683.jpg 1024w, https:\/\/variset.fi\/wp-content\/uploads\/2026\/02\/Tiilikaton_huolto_Inkeri_YpyaElia_Airas_PekkaRousi-17-Edit-768x512.jpg 768w, https:\/\/variset.fi\/wp-content\/uploads\/2026\/02\/Tiilikaton_huolto_Inkeri_YpyaElia_Airas_PekkaRousi-17-Edit-1536x1024.jpg 1536w, https:\/\/variset.fi\/wp-content\/uploads\/2026\/02\/Tiilikaton_huolto_Inkeri_YpyaElia_Airas_PekkaRousi-17-Edit-2048x1366.jpg 2048w, https:\/\/variset.fi\/wp-content\/uploads\/2026\/02\/Tiilikaton_huolto_Inkeri_YpyaElia_Airas_PekkaRousi-17-Edit-1920x1281.jpg 1920w, https:\/\/variset.fi\/wp-content\/uploads\/2026\/02\/Tiilikaton_huolto_Inkeri_YpyaElia_Airas_PekkaRousi-17-Edit-889x593.jpg 889w, https:\/\/variset.fi\/wp-content\/uploads\/2026\/02\/Tiilikaton_huolto_Inkeri_YpyaElia_Airas_PekkaRousi-17-Edit-714x476.jpg 714w, https:\/\/variset.fi\/wp-content\/uploads\/2026\/02\/Tiilikaton_huolto_Inkeri_YpyaElia_Airas_PekkaRousi-17-Edit-590x393.jpg 590w, https:\/\/variset.fi\/wp-content\/uploads\/2026\/02\/Tiilikaton_huolto_Inkeri_YpyaElia_Airas_PekkaRousi-17-Edit-367x245.jpg 367w, https:\/\/variset.fi\/wp-content\/uploads\/2026\/02\/Tiilikaton_huolto_Inkeri_YpyaElia_Airas_PekkaRousi-17-Edit-600x400.jpg 600w\" data-no-lazy=\"1\" fetchpriority=\"high\">            <\/div>\r\n\r\n    <div class=\"hero-content\">\r\n        <div class=\"hero-container\">\r\n            <div class=\"content-container\">\r\n                                \n<div class=\"wp-block-wds-hero\">\n<h1 class=\"wp-block-heading\">Boka gratis kartl\u00e4ggning<\/h1>\n\n\n\n<p><strong>Vid kartl\u00e4ggningsbes\u00f6ket g\u00e5r vi igenom skicket p\u00e5 ditt hus yttre v\u00e4ggar eller tak. Du f\u00e5r en bed\u00f6mning av r\u00e4tta underh\u00e5lls\u00e5tg\u00e4rder samt en offert p\u00e5 m\u00e5lnings- eller takarbete. Boka tid direkt i kalendern eller beg\u00e4r att vi kontaktar dig s\u00e5 h\u00f6r vi av oss. Att best\u00e4lla ett kartl\u00e4ggningsbes\u00f6k binder dig inte till n\u00e5got.   <\/strong><\/p>\n<\/div>\n            <\/div>\r\n        <\/div>\r\n    <\/div>\r\n<\/section><section class=\"block block-content-tabs\">\r\n    <div class=\"container\">\r\n        <ul class=\"nav nav-tabs\" id=\"tabs-69dec23d22fb2\" role=\"tablist\">\r\n                            <li class=\"nav-item\" role=\"presentation\">\r\n                    <button\r\n                        class=\"nav-link active\"\r\n                        id=\"tabs-69dec23d22fb2-0-tab\"\r\n                        data-bs-toggle=\"tab\"\r\n                        data-bs-target=\"#tabs-69dec23d22fb2-0\"\r\n                        type=\"button\"\r\n                        role=\"tab\"\r\n                        aria-controls=\"tabs-69dec23d22fb2-0\"\r\n                        aria-selected=\"true\"\r\n                    >\r\n                        Beg\u00e4r att bli kontaktad                    <\/button>\r\n                <\/li>\r\n                            <li class=\"nav-item\" role=\"presentation\">\r\n                    <button\r\n                        class=\"nav-link\"\r\n                        id=\"tabs-69dec23d22fb2-1-tab\"\r\n                        data-bs-toggle=\"tab\"\r\n                        data-bs-target=\"#tabs-69dec23d22fb2-1\"\r\n                        type=\"button\"\r\n                        role=\"tab\"\r\n                        aria-controls=\"tabs-69dec23d22fb2-1\"\r\n                        aria-selected=\"false\"\r\n                    >\r\n                        Boka tid i kalendern                    <\/button>\r\n                <\/li>\r\n                    <\/ul>\r\n        <div class=\"tab-content\" id=\"tabs-69dec23d22fb2-content\">\r\n                            <div\r\n                    class=\"tab-pane fade show active\"\r\n                    id=\"tabs-69dec23d22fb2-0\"\r\n                    role=\"tabpanel\"\r\n                    aria-labelledby=\"tabs-69dec23d22fb2-0-tab\"\r\n                >\r\n                    \n<div class=\"wp-block-wds-content-tab\"><section class=\"block block-text-form\">\r\n    <div class=\"content-container\">\r\n        \r\n        <div class=\"content\">\r\n\r\n            <div class=\"text-content reveal\">\r\n                \n<div class=\"wp-block-wds-text-form\">\n<p class=\"has-text-align-left has-medium-font-size\"><strong>Fyll i dina uppgifter<\/strong> s\u00e5 h\u00f6r vi av oss senast n\u00e4sta vardag f\u00f6r att boka tid f\u00f6r kartl\u00e4ggningen.<\/p>\n<\/div>\n            <\/div>\r\n\r\n            <div class=\"form-content reveal\">\r\n                                    \n<div class=\"wpcf7 no-js\" id=\"wpcf7-f282954-o2\" lang=\"sv-SE\" dir=\"ltr\" data-wpcf7-id=\"282954\">\n<div class=\"screen-reader-response\"><p role=\"status\" aria-live=\"polite\" aria-atomic=\"true\"><\/p> <ul><\/ul><\/div>\n<form action=\"\/sv\/wp-json\/wp\/v2\/pages\/282265#wpcf7-f282954-o2\" method=\"post\" class=\"wpcf7-form init\" aria-label=\"Kontaktformul\u00e4r\" novalidate=\"novalidate\" data-status=\"init\">\n<fieldset class=\"hidden-fields-container\"><input type=\"hidden\" name=\"_wpcf7\" value=\"282954\" \/><input type=\"hidden\" name=\"_wpcf7_version\" value=\"6.1.5\" \/><input type=\"hidden\" name=\"_wpcf7_locale\" value=\"sv_SE\" \/><input type=\"hidden\" name=\"_wpcf7_unit_tag\" value=\"wpcf7-f282954-o2\" \/><input type=\"hidden\" name=\"_wpcf7_container_post\" value=\"0\" \/><input type=\"hidden\" name=\"_wpcf7_posted_data_hash\" value=\"\" \/>\n<\/fieldset>\n<div class=\"wpcf7-turnstile cf-turnstile\" data-sitekey=\"0x4AAAAAACes2WIGZ21uqEaf\" data-response-field-name=\"_wpcf7_turnstile_response\"><\/div>\n\n<fieldset><label for=\"palvelu\">\n\n<span class=\"wpcf7-form-control-wrap\" data-name=\"Palvelu\"><select class=\"wpcf7-form-control wpcf7-select form-control form-control-gray \" aria-invalid=\"false\" name=\"Palvelu\"><option value=\"Vad \u00e4r du intresserad av? *\">Vad \u00e4r du intresserad av? *<\/option><option value=\"Husm\u00e5lning\">Husm\u00e5lning<\/option><option value=\"Bel\u00e4ggning av tegeltak\">Bel\u00e4ggning av tegeltak<\/option><option value=\"Reng\u00f6ring av tegeltak\">Reng\u00f6ring av tegeltak<\/option><option value=\"M\u00e5lning av pl\u00e5ttak\">M\u00e5lning av pl\u00e5ttak<\/option><\/select><\/span>\n\n<\/label><\/fieldset>\n\n<fieldset><label>  Namn *\n <span class=\"wpcf7-form-control-wrap\" data-name=\"fullname\"><input size=\"40\" maxlength=\"400\" class=\"wpcf7-form-control wpcf7-text form-control form-control-gray  wpcf7-validates-as-required\" aria-required=\"true\" aria-invalid=\"false\" placeholder=\"Namn\" value=\"\" type=\"text\" name=\"fullname\" \/><\/span> <\/label><\/fieldset>\n\n<fieldset class=\"narrow\"><label>  E-post *\n <span class=\"wpcf7-form-control-wrap\" data-name=\"email\"><input size=\"40\" maxlength=\"400\" class=\"wpcf7-form-control wpcf7-email wpcf7-validates-as-required wpcf7-text form-control form-control-gray  wpcf7-validates-as-email\" aria-required=\"true\" aria-invalid=\"false\" placeholder=\"E-post\" value=\"\" type=\"email\" name=\"email\" \/><\/span> <\/label><\/fieldset>\n\n<fieldset class=\"narrow\"><label>  Telefon *\n <span class=\"wpcf7-form-control-wrap\" data-name=\"phone\"><input size=\"40\" maxlength=\"400\" class=\"wpcf7-form-control wpcf7-text form-control form-control-gray  wpcf7-validates-as-required\" aria-required=\"true\" aria-invalid=\"false\" placeholder=\"Telefon\" value=\"\" type=\"text\" name=\"phone\" \/><\/span> <\/label><\/fieldset>\n\n<fieldset><label>  Adress *\n <span class=\"wpcf7-form-control-wrap\" data-name=\"address\"><input size=\"40\" maxlength=\"400\" class=\"wpcf7-form-control wpcf7-text form-control form-control-gray  wpcf7-validates-as-required\" aria-required=\"true\" aria-invalid=\"false\" placeholder=\"Adress\" value=\"\" type=\"text\" name=\"address\" \/><\/span> <\/label><\/fieldset>\n\n<fieldset class=\"narrow\"><label>  Postnummer *\n <span class=\"wpcf7-form-control-wrap\" data-name=\"Postinumero\"><input size=\"40\" maxlength=\"400\" class=\"wpcf7-form-control wpcf7-text form-control form-control-gray  wpcf7-validates-as-required\" aria-required=\"true\" aria-invalid=\"false\" placeholder=\"Postnummer\" value=\"\" type=\"text\" name=\"Postinumero\" \/><\/span> <\/label><\/fieldset>\n\n<fieldset class=\"narrow\"><label>  Ort *\n <span class=\"wpcf7-form-control-wrap\" data-name=\"Paikkakunta\"><input size=\"40\" maxlength=\"400\" class=\"wpcf7-form-control wpcf7-text form-control form-control-gray  wpcf7-validates-as-required\" aria-required=\"true\" aria-invalid=\"false\" placeholder=\"Ort\" value=\"\" type=\"text\" name=\"Paikkakunta\" \/><\/span> <\/label><\/fieldset>\n\n<fieldset><label>  Meddelande\n        <span class=\"wpcf7-form-control-wrap\" data-name=\"message\"><textarea cols=\"40\" rows=\"10\" maxlength=\"2000\" class=\"wpcf7-form-control wpcf7-text form-control form-control-gray area\" aria-invalid=\"false\" placeholder=\"Meddelande\/till\u00e4ggsuppgifter\" name=\"message\"><\/textarea><\/span> <\/label><\/fieldset>\n\n<fieldset><label><span class=\"wpcf7-form-control-wrap\" data-name=\"order-newsletter\"><span class=\"wpcf7-form-control wpcf7-acceptance optional\"><div class=\"form-check\"><input id=\"cf7_checkbox_1\" class=\"form-check-input\" type=\"checkbox\" name=\"order-newsletter\" value=\"1\" aria-invalid=\"false\" \/><label class=\"form-check-label\" for=\"cf7_checkbox_1\"><span class=\"wpcf7-list-item-label\">Tack, jag best\u00e4ller V\u00e4risets nyhetsbrev och deltar samtidigt i m\u00e5nadsutlottningen av takunderh\u00e5ll till ett v\u00e4rde av 349 \u20ac.<\/span><\/label><\/div><\/span><\/span><\/label><\/fieldset>\n\n\n<fieldset><button type=\"submit\" class=\"btn btn-fill\">Best\u00e4ll nu<\/button><\/fieldset>\n\n<p class=\"disclaimer\">Genom att skicka meddelandet godk\u00e4nner jag <a href=\"\/tietosuojaseloste\/\">V\u00e4risets integritetspolicy<\/a><\/p><div class=\"wpcf7-response-output\" aria-hidden=\"true\"><\/div>\n<\/form>\n<\/div>\n                            <\/div>\r\n\r\n        <\/div>\r\n    <\/div>\r\n<\/section><\/div>\n                <\/div>\r\n                            <div\r\n                    class=\"tab-pane fade\"\r\n                    id=\"tabs-69dec23d22fb2-1\"\r\n                    role=\"tabpanel\"\r\n                    aria-labelledby=\"tabs-69dec23d22fb2-1-tab\"\r\n                >\r\n                    \n<div class=\"wp-block-wds-content-tab\">\n<script type=\"text\/javascript\" async=\"\" src=\"https:\/\/bot.leadoo.com\/bot\/visual.js?code=a09d1d3f676c140c#seamless\"><\/script>\n<\/div>\n                <\/div>\r\n                    <\/div>\r\n    <\/div>\r\n<\/section>\r\n","protected":false},"excerpt":{"rendered":"","protected":false},"author":3,"featured_media":282266,"parent":0,"menu_order":0,"comment_status":"closed","ping_status":"closed","template":"","meta":{"_acf_changed":false,"_page_background_color":"","_accent_color":"","footnotes":""},"class_list":["post-282265","page","type-page","status-publish","has-post-thumbnail","hentry"],"acf":[],"_links":{"self":[{"href":"https:\/\/variset.fi\/sv\/wp-json\/wp\/v2\/pages\/282265","targetHints":{"allow":["GET"]}}],"collection":[{"href":"https:\/\/variset.fi\/sv\/wp-json\/wp\/v2\/pages"}],"about":[{"href":"https:\/\/variset.fi\/sv\/wp-json\/wp\/v2\/types\/page"}],"author":[{"embeddable":true,"href":"https:\/\/variset.fi\/sv\/wp-json\/wp\/v2\/users\/3"}],"replies":[{"embeddable":true,"href":"https:\/\/variset.fi\/sv\/wp-json\/wp\/v2\/comments?post=282265"}],"version-history":[{"count":13,"href":"https:\/\/variset.fi\/sv\/wp-json\/wp\/v2\/pages\/282265\/revisions"}],"predecessor-version":[{"id":292791,"href":"https:\/\/variset.fi\/sv\/wp-json\/wp\/v2\/pages\/282265\/revisions\/292791"}],"wp:featuredmedia":[{"embeddable":true,"href":"https:\/\/variset.fi\/sv\/wp-json\/wp\/v2\/media\/282266"}],"wp:attachment":[{"href":"https:\/\/variset.fi\/sv\/wp-json\/wp\/v2\/media?parent=282265"}],"curies":[{"name":"wp","href":"https:\/\/api.w.org\/{rel}","templated":true}]}}