{"id":282288,"date":"2026-02-08T13:06:07","date_gmt":"2026-02-08T11:06:07","guid":{"rendered":"https:\/\/variset.fi\/variset-oys-dataskyddsredogorelse"},"modified":"2026-02-12T16:52:03","modified_gmt":"2026-02-12T14:52:03","slug":"variset-oys-dataskyddsredogorelse","status":"publish","type":"page","link":"https:\/\/variset.fi\/sv\/variset-oys-dataskyddsredogorelse\/","title":{"rendered":"V\u00e4riset Oy:s dataskyddsredog\u00f6relse"},"content":{"rendered":"<section class=\"block block-basic\">\r\n    <div class=\"container\">\r\n        <div class=\"content-container reveal\">\r\n            \n<div class=\"wp-block-wds-basic\">\n<h2 class=\"wp-block-heading\">V\u00e4riset Oy:s dataskyddsredog\u00f6relse<\/h2>\n\n\n\n<p><em>Dataskyddsredog\u00f6relse enligt EU:s allm\u00e4nna dataskyddsf\u00f6rordning 2016\/679. Uppdaterad 2.12.2025 <\/em><\/p>\n\n\n\n<h2 class=\"wp-block-heading\"><strong>1. Registeransvarig<\/strong><\/h2>\n\n\n\n<p><strong>Registeransvarig:<\/strong> <br\/>V\u00e4riset Oy<br\/>FO-nummer 2461882\u20135<br\/>Rajamaankaari 22a<br\/>02970 Esbo<br\/><br\/>(Nedan kallad &#8221;registeransvarig\u201d)<\/p>\n\n\n\n<p>Bolag inom V\u00e4riset-koncernen som behandlar personuppgifter f\u00f6r kundregistrets behandlings\u00e4ndam\u00e5l som personuppgiftsbitr\u00e4den f\u00f6r den registeransvariges r\u00e4kning \u00e4r:<\/p>\n\n\n\n<p>a) V\u00e4riset Uusimaa Oy 3167184\u20133<br\/>b) V\u00e4riset Pirkanmaa Oy 3167183\u20135 <br\/>c) V\u00e4riset Varsinais-Suomi Oy 3322540-9<br\/>d) V\u00e4riset Suomi Oy 3498613-8<\/p>\n\n\n\n<p>Alla bolag fungerar som personuppgiftsbitr\u00e4den.<\/p>\n\n\n\n<h2 class=\"wp-block-heading\"><strong>2. Kontaktuppgifter f\u00f6r register\u00e4renden<\/strong><\/h2>\n\n\n\n<p>info@variset.fi<\/p>\n\n\n\n<p><strong>3. Registrets namn<\/strong><\/p>\n\n\n\n<p>V\u00e4riset-koncernens personuppgiftsregister f\u00f6r behandling av personuppgifter i f\u00f6rs\u00e4ljning, marknadsf\u00f6ring och kundrelationer.<\/p>\n\n\n\n<p><strong>4. Uppgifter som ing\u00e5r i registret<\/strong><\/p>\n\n\n\n<p>V\u00e5rt kund-, f\u00f6rs\u00e4ljnings- och marknadsf\u00f6ringsregister kan inneh\u00e5lla f\u00f6ljande uppgifter om registrerade: namn, adress, e-postadress, telefonnummer, l\u00e4genhetsbeteckning, uppgifter om entreprenadgaranti och andra reparationsuppgifter, fakturerings- och betalningsuppgifter, uppgifter om marknadsf\u00f6ringstillst\u00e5nd eller -f\u00f6rbud, uppgifter som uppst\u00e5r i samband med opinionsunders\u00f6kningar, uppgifter fr\u00e5n fritext-konversationer i samband med anv\u00e4ndning av chatttj\u00e4nsten samt uppgifter som erh\u00e5lls i samband med anv\u00e4ndning av kommunikations- och andra tj\u00e4nster.<\/p>\n\n\n\n<p><strong>Cookies<\/strong><\/p>\n\n\n\n<p>P\u00e5 webbplatsen Variset.fi anv\u00e4nds cookies f\u00f6r att f\u00f6rb\u00e4ttra anv\u00e4ndarupplevelsen, optimera kundkommunikationen och samla in information om anv\u00e4ndningen av webbplatsen. Genom att anv\u00e4nda webbplatsen ska anv\u00e4ndaren antingen acceptera eller avvisa anv\u00e4ndningen av cookies vid bes\u00f6k p\u00e5 sidorna. I cookief\u00f6rklaringen avser &#8221;cookies\u201d cookies eller motsvarande tekniker som uppfyller kraven i den allm\u00e4nna dataskyddsf\u00f6rordningen.  <\/p>\n\n\n\n<p>N\u00e4r du bes\u00f6ker v\u00e5ra sidor kan information samlas in om bl.a. bes\u00f6karens dator, IP-adress, webbl\u00e4sare och server. Anv\u00e4ndningen av cookies baseras p\u00e5 samtycke som den registrerade ger p\u00e5 webbplatsen. Att neka anv\u00e4ndning av cookies kan p\u00e5verka sidornas tekniska funktionalitet.  <\/p>\n\n\n\n<p><em>Vad \u00e4r en cookie?<\/em><\/p>\n\n\n\n<p>Cookies \u00e4r sm\u00e5 textfiler som inneh\u00e5ller information och som skapas av en \u00f6ppnad webbplats. De sparas p\u00e5 bes\u00f6karens enhet s\u00e5 att anv\u00e4ndaren kan anv\u00e4nda webbplatsens olika funktioner. P\u00e5 v\u00e5r webbplats anv\u00e4nds b\u00e5de sessionsbaserade, tidsbundna och permanenta cookies. En sessionscookie sparas tillf\u00e4lligt i datorns minne medan bes\u00f6karen surfar p\u00e5 webbplatsen. Denna cookie raderas n\u00e4r anv\u00e4ndaren st\u00e4nger webbl\u00e4saren eller n\u00e4r sessionen avslutas. En permanent cookie finns kvar p\u00e5 bes\u00f6karens dator tills den raderas.     <\/p>\n\n\n\n<p><strong>5. \u00c4ndam\u00e5l med behandlingen av personuppgifter och r\u00e4ttslig grund f\u00f6r behandlingen<\/strong><\/p>\n\n\n\n<p>Personuppgifter behandlas f\u00f6r \u00e4ndam\u00e5l som \u00e4r relaterade till hantering, utveckling och administration av kundrelationer, fullg\u00f6rande av avtal eller \u00e5tg\u00e4rder som f\u00f6reg\u00e5r avtal, f\u00f6rfr\u00e5gningar, f\u00f6rberedelse och s\u00e4ndning av anbudsf\u00f6rfr\u00e5gningar, tillhandah\u00e5llande och leverans av tj\u00e4nster, kommunikation om h\u00e4ndelser p\u00e5 entreprenadprojekt, hantering av garantireparationer och fakturering. Dessutom anv\u00e4nds uppgifterna f\u00f6r att genomf\u00f6ra kundn\u00f6jdhetsunders\u00f6kningar. <\/p>\n\n\n\n<p><strong>6. Mottagare eller kategorier av mottagare av personuppgifter<\/strong><br\/><br\/>Den registeransvarige kan anv\u00e4nda tredje parts tj\u00e4nster vid behandling av uppgifter, till exempel f\u00f6r IT-tj\u00e4nster, varvid den registeransvarige s\u00e4kerst\u00e4ller laglig behandling av uppgifter genom avtalsarrangemang samt genom att instruera tredje parter om behandling av uppgifter. Tredje parter kan variera. Dessa tredje parter behandlar uppgifter endast p\u00e5 uppdrag av och f\u00f6r den registeransvariges r\u00e4kning.  <\/p>\n\n\n\n<p><strong>7. \u00d6verf\u00f6ring av personuppgifter utanf\u00f6r EU eller EES<\/strong><\/p>\n\n\n\n<p>En del av de tj\u00e4nster som den registeransvarige anv\u00e4nder f\u00f6r behandling av personuppgifter kan vara verksamma utanf\u00f6r Europeiska unionens medlemsstaters omr\u00e5de eller Europeiska ekonomiska samarbetsomr\u00e5det. Vid \u00f6verf\u00f6ring av uppgifter f\u00f6ljs d\u00e5 kraven i dataskyddslagstiftningen och man anv\u00e4nder till exempel Europeiska kommissionens standardavtalsklausuler vid \u00f6verenskommelse om \u00f6verf\u00f6ring av uppgifter med personuppgiftsbitr\u00e4det. <\/p>\n\n\n\n<p><strong>8. Lagringstid f\u00f6r personuppgifter<\/strong><\/p>\n\n\n\n<p>Personuppgifter lagras s\u00e5 l\u00e4nge som det \u00e4r n\u00f6dv\u00e4ndigt att lagra dem f\u00f6r att uppfylla det \u00e4ndam\u00e5l f\u00f6r vilket de samlats in enligt denna dataskyddsredog\u00f6relse. Vid lagring av personuppgifter beaktas personuppgifter som blivit passiva, vilka raderas regelbundet. Lagringstiden p\u00e5verkas till exempel av avtalets garantitids l\u00e4ngd.  <\/p>\n\n\n\n<p><strong>9. Den registrerades r\u00e4ttigheter<\/strong><\/p>\n\n\n\n<p><em>a. R\u00e4tt till tillg\u00e5ng till personuppgifter och r\u00e4tt till r\u00e4ttelse av uppgifter <\/em><\/p>\n\n\n\n<p>Enligt artikel 15 i dataskyddsf\u00f6rordningen har den registrerade r\u00e4tt att kostnadsfritt f\u00e5 en kopia av sina personuppgifter eller p\u00e5 annat s\u00e4tt f\u00e5 tillg\u00e5ng till sina egna personuppgifter. Den registrerade har r\u00e4tt att kr\u00e4va att den registeransvarige utan on\u00f6digt dr\u00f6jsm\u00e5l r\u00e4ttar inexakta och felaktiga personuppgifter som r\u00f6r den registrerade.  <\/p>\n\n\n\n<p><em>b. R\u00e4tt till radering av uppgifter <\/em><\/p>\n\n\n\n<p>Den registrerade har r\u00e4tt att f\u00e5 uppgifter som r\u00f6r hen raderade fr\u00e5n registret om uppgifterna inte l\u00e4ngre beh\u00f6vs f\u00f6r de ursprungliga \u00e4ndam\u00e5len och det inte l\u00e4ngre finns n\u00e5gon grund f\u00f6r behandling av uppgifterna, till exempel f\u00f6r fullg\u00f6rande av avtal eller lagstadgad skyldighet.<\/p>\n\n\n\n<p><em>c. R\u00e4tt till begr\u00e4nsning av behandling <\/em><\/p>\n\n\n\n<p>Den registrerade har r\u00e4tt att f\u00e5 behandlingen begr\u00e4nsad till endast lagring av uppgifter om uppgifterna \u00e4r felaktiga; behandlingen \u00e4r olaglig och den registrerade inte vill att uppgifterna raderas; den registeransvarige inte l\u00e4ngre beh\u00f6ver uppgifterna f\u00f6r behandlings\u00e4ndam\u00e5len, men den registrerade beh\u00f6ver dem f\u00f6r att uppr\u00e4tta, g\u00f6ra g\u00e4llande eller f\u00f6rsvara r\u00e4ttsliga anspr\u00e5k; eller den registrerade har inv\u00e4nt mot behandlingen av personuppgifter p\u00e5 grund av sin s\u00e4rskilda situation i avvaktan p\u00e5 verifiering av huruvida den registeransvariges ber\u00e4ttigade sk\u00e4l v\u00e4ger tyngre \u00e4n den registrerades sk\u00e4l.<\/p>\n\n\n\n<p><em>d. R\u00e4tt till dataportabilitet <\/em><\/p>\n\n\n\n<p>Den registrerade har r\u00e4tt att f\u00e5 de uppgifter som r\u00f6r hen och som hen har tillhandah\u00e5llit den registeransvarige \u00f6verf\u00f6rda fr\u00e5n ett system till ett annat bland annat n\u00e4r den r\u00e4ttsliga grunden f\u00f6r behandlingen \u00e4r den registrerades samtycke eller avtal och behandlingen.<\/p>\n\n\n\n<p><em>e. R\u00e4tt att \u00e5terkalla samtycke <\/em><\/p>\n\n\n\n<p>N\u00e4r behandlingen baseras p\u00e5 samtycke har den registrerade r\u00e4tt att n\u00e4r som helst \u00e5terkalla samtycket under behandlingen. \u00c5terkallelse av samtycke p\u00e5verkar inte lagligheten av behandling som utf\u00f6rts p\u00e5 grundval av samtycket innan det \u00e5terkallades. <\/p>\n\n\n\n<p><em>f. R\u00e4tt att l\u00e4mna in klagom\u00e5l till tillsynsmyndighet <\/em><\/p>\n\n\n\n<p>Den registrerade har r\u00e4tt att l\u00e4mna in ett klagom\u00e5l till tillsynsmyndigheten om hen anser att behandlingen av personuppgifter som r\u00f6r hen har skett i strid med best\u00e4mmelserna om dataskydd. I Finland \u00e4r tillsynsmyndigheten dataombudsmannen (www.tietosuoja.fi). Ut\u00f6vandet av denna r\u00e4ttighet begr\u00e4nsar inte den registrerades \u00f6vriga administrativa besv\u00e4rsmedel eller r\u00e4ttsmedel.  <\/p>\n\n\n\n<p><strong>10. M\u00f6jliga risker f\u00f6r den registrerades r\u00e4ttigheter och friheter samt till\u00e4mpliga datas\u00e4kerhetsf\u00f6rfaranden<\/strong><\/p>\n\n\n\n<p>Den registeransvarige och de leverant\u00f6rer av system f\u00f6r kund- och marknadsf\u00f6ringsregistret som behandlar personuppgifter f\u00f6r den registeransvariges r\u00e4kning har f\u00f6rbundit sig att behandla och skydda personuppgifter i enlighet med g\u00e4llande lagstiftning. Datakommunikationsf\u00f6rbindelsen fr\u00e5n anv\u00e4ndarens webbl\u00e4sare till den registeransvariges externa server \u00e4r krypterad. Elektroniskt behandlat material samlas in i databaser som \u00e4r skyddade med brandv\u00e4ggar, l\u00f6senord och andra tekniska medel, och \u00e5tkomstr\u00e4ttigheterna \u00e4r begr\u00e4nsade till endast personer vars arbetsuppgifter kr\u00e4ver anv\u00e4ndning av systemen. Anv\u00e4ndning av systemen kr\u00e4ver anv\u00e4ndarnamn och l\u00f6senord, och endast personer med beh\u00f6righet har tillg\u00e5ng till de personuppgifter som behandlas. Systemgranskningar utf\u00f6rs regelbundet f\u00f6r att s\u00e4kerst\u00e4lla kontinuiteten i datas\u00e4kerheten.    <\/p>\n\n\n\n<div class=\"wp-block-buttons is-layout-flex wp-block-buttons-is-layout-flex\"><\/div>\n<\/div>\n        <\/div>\r\n    <\/div>\r\n<\/section>","protected":false},"excerpt":{"rendered":"","protected":false},"author":3,"featured_media":0,"parent":0,"menu_order":0,"comment_status":"closed","ping_status":"closed","template":"","meta":{"_acf_changed":false,"_page_background_color":"","_accent_color":"","footnotes":""},"class_list":["post-282288","page","type-page","status-publish","hentry"],"acf":[],"_links":{"self":[{"href":"https:\/\/variset.fi\/sv\/wp-json\/wp\/v2\/pages\/282288","targetHints":{"allow":["GET"]}}],"collection":[{"href":"https:\/\/variset.fi\/sv\/wp-json\/wp\/v2\/pages"}],"about":[{"href":"https:\/\/variset.fi\/sv\/wp-json\/wp\/v2\/types\/page"}],"author":[{"embeddable":true,"href":"https:\/\/variset.fi\/sv\/wp-json\/wp\/v2\/users\/3"}],"replies":[{"embeddable":true,"href":"https:\/\/variset.fi\/sv\/wp-json\/wp\/v2\/comments?post=282288"}],"version-history":[{"count":1,"href":"https:\/\/variset.fi\/sv\/wp-json\/wp\/v2\/pages\/282288\/revisions"}],"predecessor-version":[{"id":282289,"href":"https:\/\/variset.fi\/sv\/wp-json\/wp\/v2\/pages\/282288\/revisions\/282289"}],"wp:attachment":[{"href":"https:\/\/variset.fi\/sv\/wp-json\/wp\/v2\/media?parent=282288"}],"curies":[{"name":"wp","href":"https:\/\/api.w.org\/{rel}","templated":true}]}}