{"id":282334,"date":"2026-01-20T13:40:51","date_gmt":"2026-01-20T11:40:51","guid":{"rendered":"https:\/\/variset.fi\/innehallssida"},"modified":"2026-02-12T16:56:37","modified_gmt":"2026-02-12T14:56:37","slug":"innehallssida","status":"publish","type":"page","link":"https:\/\/variset.fi\/sv\/innehallssida\/","title":{"rendered":"Inneh\u00e5llssida"},"content":{"rendered":"<section class=\"block block-hero has-media layout-half\">\r\n\r\n    <div class=\"hero-media\">\r\n                            <img decoding=\"async\" src=\"https:\/\/variset.fi\/wp-content\/uploads\/2026\/01\/hero-889x593.jpg\" alt=\"\" width=\"2500\" height=\"1667\" srcset=\"https:\/\/variset.fi\/wp-content\/uploads\/2026\/01\/hero-300x200.jpg 300w, https:\/\/variset.fi\/wp-content\/uploads\/2026\/01\/hero-1024x683.jpg 1024w, https:\/\/variset.fi\/wp-content\/uploads\/2026\/01\/hero-768x512.jpg 768w, https:\/\/variset.fi\/wp-content\/uploads\/2026\/01\/hero-1536x1024.jpg 1536w, https:\/\/variset.fi\/wp-content\/uploads\/2026\/01\/hero-2048x1366.jpg 2048w, https:\/\/variset.fi\/wp-content\/uploads\/2026\/01\/hero-1920x1280.jpg 1920w, https:\/\/variset.fi\/wp-content\/uploads\/2026\/01\/hero-889x593.jpg 889w, https:\/\/variset.fi\/wp-content\/uploads\/2026\/01\/hero-714x476.jpg 714w, https:\/\/variset.fi\/wp-content\/uploads\/2026\/01\/hero-590x393.jpg 590w, https:\/\/variset.fi\/wp-content\/uploads\/2026\/01\/hero-367x245.jpg 367w\" data-no-lazy=\"1\" fetchpriority=\"high\">            <\/div>\r\n\r\n    <div class=\"hero-content\">\r\n        <div class=\"hero-container\">\r\n            <div class=\"content-container\">\r\n                                    <div class=\"breadcrumbs-container\"><ol itemscope itemtype=\"https:\/\/schema.org\/BreadcrumbList\"><li itemprop=\"itemListElement\" itemscope itemtype=\"https:\/\/schema.org\/ListItem\"><a itemprop=\"item\" href=\"https:\/\/variset.fi\/sv\/\"><span itemprop=\"name\">V\u00e4riset<\/span><\/a><meta itemprop=\"position\" content=\"1\" \/><\/li><\/ol><\/div>                                \n<div class=\"wp-block-wds-hero\">\n<h1 class=\"wp-block-heading\">V\u00e5r historia<\/h1>\n\n\n\n<p>Phasellus auctor est in pellentesque laoreet. Etiam in porttitor sem, ut imperdiet ex. Pellentesque vitae ipsum viverra, auctor quam a, commodo lorem.  <\/p>\n<\/div>\n            <\/div>\r\n        <\/div>\r\n    <\/div>\r\n<\/section><section class=\"block block-title-text\">\r\n    <div class=\"content-container\">\r\n        <div class=\"content reveal\">\r\n            \n<div class=\"wp-block-wds-title-text\">\n<h3 class=\"wp-block-heading\">Lorem ipsum dolor sit amet, consectetur adipiscing elit.<\/h3>\n\n\n\n<p>Lorem ipsum dolor sit amet, consectetur adipiscing elit. Suspendisse ut ex diam. <br\/><br\/>Phasellus auctor est in pellentesque laoreet. Etiam in porttitor sem, ut imperdiet ex. Pellentesque vitae ipsum viverra, auctor quam a, commodo lorem. Phasellus auctor est in pellentesque laoreet. Etiam in porttitor sem, ut imperdiet ex. Pellentesque vitae ipsum viverra, auctor quam a, commodo lorem.     <br\/><br\/>Phasellus auctor est in pellentesque laoreet. Etiam in porttitor sem, ut imperdiet ex. Pellentesque vitae ipsum viverra, auctor quam a, commodo lorem.  <\/p>\n<\/div>\n        <\/div>\r\n    <\/div>\r\n<\/section>\n<figure class=\"wp-block-image size-full\"><img loading=\"lazy\" decoding=\"async\" width=\"590\" height=\"332\" src=\"https:\/\/variset.fi\/wp-content\/uploads\/2026\/01\/article2-590x332.jpg\" srcset=\"https:\/\/variset.fi\/wp-content\/uploads\/2026\/01\/article2-590x332.jpg 590w, https:\/\/variset.fi\/wp-content\/uploads\/2026\/01\/article2-300x169.jpg 300w, https:\/\/variset.fi\/wp-content\/uploads\/2026\/01\/article2-1024x577.jpg 1024w, https:\/\/variset.fi\/wp-content\/uploads\/2026\/01\/article2-768x432.jpg 768w, https:\/\/variset.fi\/wp-content\/uploads\/2026\/01\/article2-1536x865.jpg 1536w, https:\/\/variset.fi\/wp-content\/uploads\/2026\/01\/article2-1920x1081.jpg 1920w, https:\/\/variset.fi\/wp-content\/uploads\/2026\/01\/article2-1053x593.jpg 1053w, https:\/\/variset.fi\/wp-content\/uploads\/2026\/01\/article2-714x402.jpg 714w, https:\/\/variset.fi\/wp-content\/uploads\/2026\/01\/article2-846x476.jpg 846w, https:\/\/variset.fi\/wp-content\/uploads\/2026\/01\/article2.jpg 2048w\" sizes=\"auto, (max-width: 590px) 100vw, 590px\" alt=\"\" class=\"wp-image-334\"\/><\/figure>\n<section class=\"block block-title-text\">\r\n    <div class=\"content-container\">\r\n        <div class=\"content reveal\">\r\n            \n<div class=\"wp-block-wds-title-text\">\n<h3 class=\"wp-block-heading\">Lorem ipsum dolor sit amet, consectetur adipiscing elit.<\/h3>\n\n\n\n<p>Lorem ipsum dolor sit amet, consectetur adipiscing elit. Suspendisse ut ex diam. <br\/><br\/>Phasellus auctor est in pellentesque laoreet. Etiam in porttitor sem, ut imperdiet ex. Pellentesque vitae ipsum viverra, auctor quam a, commodo lorem. Phasellus auctor est in pellentesque laoreet. Etiam in porttitor sem, ut imperdiet ex. Pellentesque vitae ipsum viverra, auctor quam a, commodo lorem.     <br\/><br\/>Phasellus auctor est in pellentesque laoreet. Etiam in porttitor sem, ut imperdiet ex. Pellentesque vitae ipsum viverra, auctor quam a, commodo lorem.  <\/p>\n<\/div>\n        <\/div>\r\n    <\/div>\r\n<\/section>\n<h3 class=\"wp-block-heading\">V\u00e4rderingar<\/h3>\n<section class=\"block block-small-lifts\">\r\n    <div class=\"container\">\r\n        <div class=\"small-lifts-grid\">\r\n            \n<div class=\"wp-block-wds-small-lifts\"><div class=\"small-lift layout-icon larger-heading\">\r\n            <div class=\"lift-icon\">\r\n            <img decoding=\"async\" src=\"https:\/\/variset.fi\/wp-content\/uploads\/2026\/01\/icon-avainlippu.svg\" alt=\"\">        <\/div>\r\n    \r\n    \r\n            <h4 class=\"heading\">Lorem ipsum dolor sit amet<\/h4>\r\n    \r\n            <p class=\"text\">Lorem ipsum dolor sit amet, consectetur adipiscing elit. Suspendisse ut ex diam. Phasellus auctor est in pellentesque laoreet. Etiam in porttitor sem, ut imperdiet ex.   <\/p>\r\n    <\/div>\r\n\n\n<div class=\"small-lift layout-icon larger-heading\">\r\n            <div class=\"lift-icon\">\r\n            <img decoding=\"async\" src=\"https:\/\/variset.fi\/wp-content\/uploads\/2026\/01\/icon-avainlippu.svg\" alt=\"\">        <\/div>\r\n    \r\n    \r\n            <h4 class=\"heading\">Lorem ipsum dolor sit amet<\/h4>\r\n    \r\n            <p class=\"text\">Lorem ipsum dolor sit amet, consectetur adipiscing elit. Suspendisse ut ex diam. Phasellus auctor est in pellentesque laoreet. Etiam in porttitor sem, ut imperdiet ex.   <\/p>\r\n    <\/div>\r\n\n\n<div class=\"small-lift layout-icon larger-heading\">\r\n            <div class=\"lift-icon\">\r\n            <img decoding=\"async\" src=\"https:\/\/variset.fi\/wp-content\/uploads\/2026\/01\/icon-avainlippu.svg\" alt=\"\">        <\/div>\r\n    \r\n    \r\n            <h4 class=\"heading\">Lorem ipsum dolor sit amet<\/h4>\r\n    \r\n            <p class=\"text\">Lorem ipsum dolor sit amet, consectetur adipiscing elit. Suspendisse ut ex diam. Phasellus auctor est in pellentesque laoreet. Etiam in porttitor sem, ut imperdiet ex.   <\/p>\r\n    <\/div>\r\n<\/div>\n        <\/div>\r\n    <\/div>\r\n<\/section>\r\n<section class=\"block block-title-text\">\r\n    <div class=\"content-container\">\r\n        <div class=\"content reveal\">\r\n            \n<div class=\"wp-block-wds-title-text\">\n<h3 class=\"wp-block-heading\">Varf\u00f6r v\u00e4lja V\u00e4riset?<\/h3>\n\n\n\n<h3 class=\"wp-block-heading\">Branschens b\u00e4sta team<\/h3>\n\n\n\n<p>Arbetet utf\u00f6rs av v\u00e5ra utbildade m\u00e5lare, fr\u00e5n vilka noggrant hantverk och god kundupplevelse \u00e4r garanterad<br\/><\/p>\n\n\n\n<h3 class=\"wp-block-heading\">S\u00e4ker kvalitet<\/h3>\n\n\n\n<p>Vi anv\u00e4nder endast de b\u00e4sta och h\u00f6gkvalitativa produkterna fr\u00e5n penslar till f\u00e4rger och m\u00e5lningsst\u00e4llningar<\/p>\n\n\n\n<h3 class=\"wp-block-heading\">Smidig process <\/h3>\n\n\n\n<p>Vi vill g\u00f6ra ditt m\u00e5lningsprojekt s\u00e5 enkelt som m\u00f6jligt. osv. Kundn\u00f6jdhet \u00e4r viktigast f\u00f6r oss osv  <\/p>\n<\/div>\n        <\/div>\r\n    <\/div>\r\n<\/section><section class=\"block block-card-lifts cards-per-row-2\">\r\n    <div class=\"container\">\r\n        <div class=\"card-lifts-grid\">\r\n            \n<div class=\"wp-block-wds-card-lifts\"><section class=\"block block-link-card\">\r\n    <div class=\"container\">\r\n        <div class=\"link-card lift-card\">\r\n                            <div class=\"image reveal\">\r\n                    <img width=\"1024\" height=\"683\" src=\"https:\/\/variset.fi\/wp-content\/uploads\/2026\/01\/hero-1024x683.jpg\" class=\"attachment-large size-large\" alt=\"\" loading=\"lazy\" decoding=\"async\" srcset=\"https:\/\/variset.fi\/wp-content\/uploads\/2026\/01\/hero-1024x683.jpg 1024w, https:\/\/variset.fi\/wp-content\/uploads\/2026\/01\/hero-300x200.jpg 300w, https:\/\/variset.fi\/wp-content\/uploads\/2026\/01\/hero-768x512.jpg 768w, https:\/\/variset.fi\/wp-content\/uploads\/2026\/01\/hero-1536x1024.jpg 1536w, https:\/\/variset.fi\/wp-content\/uploads\/2026\/01\/hero-2048x1366.jpg 2048w, https:\/\/variset.fi\/wp-content\/uploads\/2026\/01\/hero-1920x1280.jpg 1920w, https:\/\/variset.fi\/wp-content\/uploads\/2026\/01\/hero-889x593.jpg 889w, https:\/\/variset.fi\/wp-content\/uploads\/2026\/01\/hero-714x476.jpg 714w, https:\/\/variset.fi\/wp-content\/uploads\/2026\/01\/hero-590x393.jpg 590w, https:\/\/variset.fi\/wp-content\/uploads\/2026\/01\/hero-367x245.jpg 367w\" sizes=\"auto, (max-width: 1024px) 100vw, 1024px\" \/>                <\/div>\r\n            \r\n            <div class=\"content reveal\">\r\n                                    <h3 class=\"heading\">Lorem ipsum dolor sit amet<\/h3>\r\n                \r\n                                    <p class=\"excerpt\">Lorem ipsum dolor sit amet<\/p>\r\n                \r\n                                    <p class=\"text\">Lorem ipsum dolor sit amet, consectetur adipiscing elit. Suspendisse ut ex diam. Phasellus auctor est in pellentesque laoreet. Etiam in porttitor sem, ut imperdiet ex.   <\/p>\r\n                \r\n                <div class=\"buttons\">\r\n                    \n<div class=\"wp-block-wds-link-card\">\n<div class=\"wp-block-buttons is-layout-flex wp-block-buttons-is-layout-flex\">\n<div class=\"wp-block-button is-style-outline is-style-outline--1\"><a class=\"wp-block-button__link wp-element-button\" href=\"\">P\u00e5b\u00f6rja bokning<\/a><\/div>\n<\/div>\n<\/div>\n                <\/div>\r\n            <\/div>\r\n                    <\/div>\r\n    <\/div>\r\n<\/section>\n\n<section class=\"block block-link-card\">\r\n    <div class=\"container\">\r\n        <div class=\"link-card lift-card\">\r\n                            <div class=\"image reveal\">\r\n                    <img width=\"1024\" height=\"683\" src=\"https:\/\/variset.fi\/wp-content\/uploads\/2026\/01\/lift-1024x683.jpg\" class=\"attachment-large size-large\" alt=\"\" loading=\"lazy\" decoding=\"async\" srcset=\"https:\/\/variset.fi\/wp-content\/uploads\/2026\/01\/lift-1024x683.jpg 1024w, https:\/\/variset.fi\/wp-content\/uploads\/2026\/01\/lift-300x200.jpg 300w, https:\/\/variset.fi\/wp-content\/uploads\/2026\/01\/lift-768x512.jpg 768w, https:\/\/variset.fi\/wp-content\/uploads\/2026\/01\/lift-1536x1024.jpg 1536w, https:\/\/variset.fi\/wp-content\/uploads\/2026\/01\/lift-2048x1366.jpg 2048w, https:\/\/variset.fi\/wp-content\/uploads\/2026\/01\/lift-1920x1280.jpg 1920w, https:\/\/variset.fi\/wp-content\/uploads\/2026\/01\/lift-889x593.jpg 889w, https:\/\/variset.fi\/wp-content\/uploads\/2026\/01\/lift-714x476.jpg 714w, https:\/\/variset.fi\/wp-content\/uploads\/2026\/01\/lift-590x393.jpg 590w, https:\/\/variset.fi\/wp-content\/uploads\/2026\/01\/lift-367x245.jpg 367w\" sizes=\"auto, (max-width: 1024px) 100vw, 1024px\" \/>                <\/div>\r\n            \r\n            <div class=\"content reveal\">\r\n                                    <h3 class=\"heading\">Lorem ipsum dolor sit amet<\/h3>\r\n                \r\n                                    <p class=\"excerpt\">Lorem ipsum dolor sit amet<\/p>\r\n                \r\n                                    <p class=\"text\">Lorem ipsum dolor sit amet, consectetur adipiscing elit. Suspendisse ut ex diam. Phasellus auctor est in pellentesque laoreet. Etiam in porttitor sem, ut imperdiet ex.   <\/p>\r\n                \r\n                <div class=\"buttons\">\r\n                    \n<div class=\"wp-block-wds-link-card\">\n<div class=\"wp-block-buttons is-layout-flex wp-block-buttons-is-layout-flex\">\n<div class=\"wp-block-button is-style-outline is-style-outline--2\"><a class=\"wp-block-button__link wp-element-button\" href=\"\">P\u00e5b\u00f6rja bokning<\/a><\/div>\n<\/div>\n<\/div>\n                <\/div>\r\n            <\/div>\r\n                    <\/div>\r\n    <\/div>\r\n<\/section><\/div>\n        <\/div>\r\n    <\/div>\r\n<\/section>\r\n\n<h3 class=\"wp-block-heading\">Process<\/h3>\n<section class=\"block block-phases\">\r\n    <div class=\"container\">\r\n        <div class=\"phases-wrapper layout-vertical\">\r\n            \n<div class=\"wp-block-wds-phases\"><div class=\"phase-item\">\r\n            <div class=\"phase-number\">\r\n            <span>1<\/span>\r\n        <\/div>\r\n        \r\n    <div class=\"phase-content\">\r\n                    <h4 class=\"phase-heading\">Besiktning och offert<\/h4>\r\n                \r\n                    <p class=\"phase-text\">Lorem ipsum dolor sit amet, consectetur adipiscing elit. Suspendisse ut ex diam. Phasellus auctor est in pellentesque laoreet. Etiam in porttitor sem, ut imperdiet ex.   <\/p>\r\n            <\/div>\r\n<\/div>\r\n\n\n<div class=\"phase-item\">\r\n            <div class=\"phase-number\">\r\n            <span>2<\/span>\r\n        <\/div>\r\n        \r\n    <div class=\"phase-content\">\r\n                    <h4 class=\"phase-heading\">Avtal och tidsplanering<\/h4>\r\n                \r\n                    <p class=\"phase-text\">Lorem ipsum dolor sit amet, consectetur adipiscing elit. Suspendisse ut ex diam. Phasellus auctor est in pellentesque laoreet. Etiam in porttitor sem, ut imperdiet ex.   <\/p>\r\n            <\/div>\r\n<\/div>\r\n\n\n<div class=\"phase-item\">\r\n            <div class=\"phase-number\">\r\n            <span>3<\/span>\r\n        <\/div>\r\n        \r\n    <div class=\"phase-content\">\r\n                    <h4 class=\"phase-heading\">Arbetet b\u00f6rjar <\/h4>\r\n                \r\n                    <p class=\"phase-text\">Lorem ipsum dolor sit amet, consectetur adipiscing elit. Suspendisse ut ex diam. Phasellus auctor est in pellentesque laoreet. Etiam in porttitor sem, ut imperdiet ex.   <\/p>\r\n            <\/div>\r\n<\/div>\r\n\n\n<div class=\"phase-item\">\r\n            <div class=\"phase-number\">\r\n            <span>4<\/span>\r\n        <\/div>\r\n        \r\n    <div class=\"phase-content\">\r\n                    <h4 class=\"phase-heading\">Klart!<\/h4>\r\n                \r\n                    <p class=\"phase-text\">Lorem ipsum dolor sit amet, consectetur adipiscing elit. Suspendisse ut ex diam. Phasellus auctor est in pellentesque laoreet. Etiam in porttitor sem, ut imperdiet ex.   <\/p>\r\n            <\/div>\r\n<\/div>\r\n\n\n<div class=\"phase-item\">\r\n            <div class=\"phase-number\">\r\n            <span>5<\/span>\r\n        <\/div>\r\n        \r\n    <div class=\"phase-content\">\r\n                    <h4 class=\"phase-heading\">Garanti<\/h4>\r\n                \r\n                    <p class=\"phase-text\">Lorem ipsum dolor sit amet, consectetur adipiscing elit. Suspendisse ut ex diam. Phasellus auctor est in pellentesque laoreet. Etiam in porttitor sem, ut imperdiet ex.   <\/p>\r\n            <\/div>\r\n<\/div>\r\n<\/div>\n        <\/div>\r\n    <\/div>\r\n<\/section>\r\n<div class=\"block block-faq layout-heading-left\">\r\n    <div class=\"container\">\r\n                    <h3 class=\"wp-block-heading faq-title\">Vanliga fr\u00e5gor<\/h3>        \r\n                    <div class=\"accordion accordion-sections\"><div class=\"accordion-section\"><div class=\"accordion-item\"><h4 class=\"h5 accordion-header\" id=\"heading-lorem-ipsum-dolor-sit-amet-consectetur-adipiscing-elit-suspendisse-ut-ex-diamaccordion-item-69d3beada88bd9.64882737\"><button class=\"accordion-button\" type=\"button\" data-bs-toggle=\"collapse\" data-bs-target=\"#collapse-lorem-ipsum-dolor-sit-amet-consectetur-adipiscing-elit-suspendisse-ut-ex-diamaccordion-item-69d3beada88bd9.64882737\" aria-expanded=\"true\" aria-controls=\"collapse-lorem-ipsum-dolor-sit-amet-consectetur-adipiscing-elit-suspendisse-ut-ex-diamaccordion-item-69d3beada88bd9.64882737\">Lorem ipsum dolor sit amet, consectetur adipiscing elit. Suspendisse ut ex diam?<\/button><\/h4><div id=\"collapse-lorem-ipsum-dolor-sit-amet-consectetur-adipiscing-elit-suspendisse-ut-ex-diamaccordion-item-69d3beada88bd9.64882737\" class=\"accordion-collapse collapse\" aria-labelledby=\"heading-lorem-ipsum-dolor-sit-amet-consectetur-adipiscing-elit-suspendisse-ut-ex-diamaccordion-item-69d3beada88bd9.64882737\"><div class=\"accordion-body\"><div class=\"accordion-body-container\"><div class=\"wp-block-group faq-answer is-layout-constrained wp-block-group-is-layout-constrained\">\n<p>Lorem ipsum dolor sit amet, consectetur adipiscing elit. Suspendisse ut ex diam. Phasellus auctor est in pellentesque laoreet. Etiam in porttitor sem, ut imperdiet ex. Pellentesque vitae ipsum viverra, auctor quam a, commodo lorem. Maecenas interdum ante non tellus pretium, non suscipit turpis fringilla.      <\/p>\n<\/div><\/div><\/div><\/div><\/div><\/div><div class=\"accordion-section\"><div class=\"accordion-item\"><h4 class=\"h5 accordion-header\" id=\"heading-lorem-ipsum-dolor-sit-amet-consectetur-adipiscing-elit-suspendisse-ut-ex-diamaccordion-item-69d3beada88e14.13487435\"><button class=\"accordion-button\" type=\"button\" data-bs-toggle=\"collapse\" data-bs-target=\"#collapse-lorem-ipsum-dolor-sit-amet-consectetur-adipiscing-elit-suspendisse-ut-ex-diamaccordion-item-69d3beada88e14.13487435\" aria-expanded=\"true\" aria-controls=\"collapse-lorem-ipsum-dolor-sit-amet-consectetur-adipiscing-elit-suspendisse-ut-ex-diamaccordion-item-69d3beada88e14.13487435\">Lorem ipsum dolor sit amet, consectetur adipiscing elit. Suspendisse ut ex diam?<\/button><\/h4><div id=\"collapse-lorem-ipsum-dolor-sit-amet-consectetur-adipiscing-elit-suspendisse-ut-ex-diamaccordion-item-69d3beada88e14.13487435\" class=\"accordion-collapse collapse\" aria-labelledby=\"heading-lorem-ipsum-dolor-sit-amet-consectetur-adipiscing-elit-suspendisse-ut-ex-diamaccordion-item-69d3beada88e14.13487435\"><div class=\"accordion-body\"><div class=\"accordion-body-container\"><div class=\"wp-block-group faq-answer is-layout-constrained wp-block-group-is-layout-constrained\">\n<p>Lorem ipsum dolor sit amet, consectetur adipiscing elit. Suspendisse ut ex diam. Phasellus auctor est in pellentesque laoreet. Etiam in porttitor sem, ut imperdiet ex. Pellentesque vitae ipsum viverra, auctor quam a, commodo lorem. Maecenas interdum ante non tellus pretium, non suscipit turpis fringilla.      <\/p>\n<\/div><\/div><\/div><\/div><\/div><\/div><\/div>            <\/div>\r\n<\/div>\r\n\r\n    <script type=\"application\/ld+json\">\r\n        {\n    \"@context\": \"https:\/\/schema.org\",\n    \"@type\": \"FAQPage\",\n    \"mainEntity\": [\n        {\n            \"@type\": \"Question\",\n            \"name\": \"Lorem ipsum dolor sit amet, consectetur adipiscing elit. Suspendisse ut ex diam?\",\n            \"acceptedAnswer\": {\n                \"@type\": \"Answer\",\n                \"text\": \"Lorem ipsum dolor sit amet, consectetur adipiscing elit. Suspendisse ut ex diam. Phasellus auctor est in pellentesque laoreet. Etiam in porttitor sem, ut imperdiet ex. Pellentesque vitae ipsum viverra, auctor quam a, commodo lorem. Maecenas interdum ante non tellus pretium, non suscipit turpis fringilla.\"\n            }\n        },\n        {\n            \"@type\": \"Question\",\n            \"name\": \"Lorem ipsum dolor sit amet, consectetur adipiscing elit. Suspendisse ut ex diam?\",\n            \"acceptedAnswer\": {\n                \"@type\": \"Answer\",\n                \"text\": \"Lorem ipsum dolor sit amet, consectetur adipiscing elit. Suspendisse ut ex diam. Phasellus auctor est in pellentesque laoreet. Etiam in porttitor sem, ut imperdiet ex. Pellentesque vitae ipsum viverra, auctor quam a, commodo lorem. Maecenas interdum ante non tellus pretium, non suscipit turpis fringilla.\"\n            }\n        }\n    ]\n}    <\/script>\r\n","protected":false},"excerpt":{"rendered":"<p>V\u00e4rderingar Process<\/p>\n","protected":false},"author":1,"featured_media":0,"parent":0,"menu_order":0,"comment_status":"closed","ping_status":"closed","template":"","meta":{"_acf_changed":false,"_page_background_color":"","_accent_color":"","footnotes":""},"class_list":["post-282334","page","type-page","status-publish","hentry"],"acf":[],"_links":{"self":[{"href":"https:\/\/variset.fi\/sv\/wp-json\/wp\/v2\/pages\/282334","targetHints":{"allow":["GET"]}}],"collection":[{"href":"https:\/\/variset.fi\/sv\/wp-json\/wp\/v2\/pages"}],"about":[{"href":"https:\/\/variset.fi\/sv\/wp-json\/wp\/v2\/types\/page"}],"author":[{"embeddable":true,"href":"https:\/\/variset.fi\/sv\/wp-json\/wp\/v2\/users\/1"}],"replies":[{"embeddable":true,"href":"https:\/\/variset.fi\/sv\/wp-json\/wp\/v2\/comments?post=282334"}],"version-history":[{"count":1,"href":"https:\/\/variset.fi\/sv\/wp-json\/wp\/v2\/pages\/282334\/revisions"}],"predecessor-version":[{"id":282335,"href":"https:\/\/variset.fi\/sv\/wp-json\/wp\/v2\/pages\/282334\/revisions\/282335"}],"wp:attachment":[{"href":"https:\/\/variset.fi\/sv\/wp-json\/wp\/v2\/media?parent=282334"}],"curies":[{"name":"wp","href":"https:\/\/api.w.org\/{rel}","templated":true}]}}