{"id":282374,"date":"2026-02-09T23:36:59","date_gmt":"2026-02-09T21:36:59","guid":{"rendered":"https:\/\/variset.fi\/foretag\/var-historia"},"modified":"2026-02-13T11:52:12","modified_gmt":"2026-02-13T09:52:12","slug":"var-historia","status":"publish","type":"page","link":"https:\/\/variset.fi\/sv\/foretag\/var-historia\/","title":{"rendered":"V\u00e5r historia"},"content":{"rendered":"<section class=\"block block-hero has-transparent-background-color has-background has-media layout-split\">\r\n\r\n    <div class=\"hero-media\">\r\n                            <img decoding=\"async\" src=\"https:\/\/variset.fi\/wp-content\/uploads\/2026\/01\/yhteystiedot-792x593.jpg\" alt=\"\" width=\"2500\" height=\"1873\" srcset=\"https:\/\/variset.fi\/wp-content\/uploads\/2026\/01\/yhteystiedot-300x225.jpg 300w, https:\/\/variset.fi\/wp-content\/uploads\/2026\/01\/yhteystiedot-1024x767.jpg 1024w, https:\/\/variset.fi\/wp-content\/uploads\/2026\/01\/yhteystiedot-768x575.jpg 768w, https:\/\/variset.fi\/wp-content\/uploads\/2026\/01\/yhteystiedot-1536x1151.jpg 1536w, https:\/\/variset.fi\/wp-content\/uploads\/2026\/01\/yhteystiedot-2048x1534.jpg 2048w, https:\/\/variset.fi\/wp-content\/uploads\/2026\/01\/yhteystiedot-1920x1438.jpg 1920w, https:\/\/variset.fi\/wp-content\/uploads\/2026\/01\/yhteystiedot-792x593.jpg 792w, https:\/\/variset.fi\/wp-content\/uploads\/2026\/01\/yhteystiedot-709x531.jpg 709w, https:\/\/variset.fi\/wp-content\/uploads\/2026\/01\/yhteystiedot-590x442.jpg 590w\" data-no-lazy=\"1\" fetchpriority=\"high\">            <\/div>\r\n\r\n    <div class=\"hero-content\">\r\n        <div class=\"hero-container\">\r\n            <div class=\"content-container\">\r\n                                    <div class=\"breadcrumbs-container\"><ol itemscope itemtype=\"https:\/\/schema.org\/BreadcrumbList\"><li itemprop=\"itemListElement\" itemscope itemtype=\"https:\/\/schema.org\/ListItem\"><a itemprop=\"item\" href=\"https:\/\/variset.fi\/sv\/\"><span itemprop=\"name\">V\u00e4riset<\/span><\/a><meta itemprop=\"position\" content=\"1\" \/><\/li><\/ol><\/div>                                \n<div class=\"wp-block-wds-hero has-transparent-background-color has-background\">\n<h2 class=\"wp-block-heading\">Det d\u00e4r V\u00e4riset<\/h2>\n<\/div>\n            <\/div>\r\n        <\/div>\r\n    <\/div>\r\n<\/section><section class=\"block block-basic\">\r\n    <div class=\"container\">\r\n        <div class=\"content-container reveal\">\r\n            \n<div class=\"wp-block-wds-basic\">\n<div style=\"height:30px\" aria-hidden=\"true\" class=\"wp-block-spacer\"><\/div>\n\n\n\n<p class=\"has-medium-font-size\"><em><strong>Det finns ett gammalt ordspr\u00e5k om att saker \u00e4r vad de ser ut att vara. Och s\u00e5 bed\u00f6mer vi m\u00e4nniskor ofta saker. Hur ser det ut just nu? Och om fem eller 15 \u00e5r?   <\/strong><\/em><\/p>\n\n\n\n<p>Att m\u00e5la huset handlar om sk\u00f6nhet och estetik, det \u00e4r v\u00e5rd och underh\u00e5ll. Att sk\u00f6ta husets fasader, precis som att underh\u00e5lla taken, \u00e4r att f\u00f6r\u00e4dla den mest v\u00e4rdefulla egendomen \u2013 att \u00f6ka v\u00e4rdet.  <\/p>\n\n\n\n<p>Nyckelfr\u00e5gan f\u00f6r att f\u00f6r\u00e4dla hemmets v\u00e4rde \u00e4r: hur ser det ut? Fasaden kallas f\u00f6r den offentliga sidan eftersom det \u00e4r den sida som ber\u00e4ttar husets historia ut\u00e5t, i f\u00f6rsta intrycket och vid n\u00e4rmare granskning. Hur ser den mest v\u00e4rdefulla egendomen ut nu och n\u00e4r v\u00e4rdet m\u00e4ts? Fasaden ber\u00e4ttar historien.   <\/p>\n\n\n\n<p>Det finns en akt\u00f6r, ett team av proffs med tiotusentals upprepningar, som kan se b\u00e5de sk\u00f6nhetens och h\u00e5llbarhetens betydelse samtidigt, en akt\u00f6r som f\u00f6rst\u00e5r v\u00e4rdef\u00f6r\u00e4dling p\u00e5 djupet. <\/p>\n\n\n\n<p class=\"has-medium-font-size\"><strong><em>Det \u00e4r De F\u00e4rgglada.<\/em><\/strong><\/p>\n\n\n\n<p>V\u00e4riset \u00e4r Finlands enda m\u00e5lningsf\u00f6retag som styr sitt arbete med L7-kvalitetskoden. F\u00f6re, under och efter. <\/p>\n\n\n\n<p>I Finland \u00e4r m\u00e5lning av hus och underh\u00e5ll av tak mycket exceptionellt. I v\u00e4rldsm\u00e5tt lever vi under helt exceptionella f\u00f6rh\u00e5llanden. H\u00f6st, vinter, v\u00e5r och sommar. Vindar, regn, sn\u00f6, kyla och solens r\u00f6relse p\u00e5 nordligt vis st\u00e4ller helt egna gr\u00e4nser och ramar f\u00f6r byggnader, b\u00e5de f\u00f6r fasader och tak. Just d\u00e4rf\u00f6r anv\u00e4nder vi f\u00e4rger som \u00e4r designade f\u00f6r v\u00e4rldens mest kr\u00e4vande f\u00f6rh\u00e5llanden.    <\/p>\n\n\n\n<p class=\"has-medium-font-size\"><strong><em>D\u00e4rf\u00f6r f\u00f6ljer vi L7-kvalitetskoden.<\/em><\/strong><\/p>\n\n\n\n<ol class=\"wp-block-list\">\n<li><strong>Vi identifierar<\/strong> objektets egenskaper i f\u00f6rv\u00e4g med proffsets \u00f6gon och laserm\u00e4tningens precision.<\/li>\n\n\n\n<li><strong>Vi respekterar<\/strong> naturens f\u00f6rh\u00e5llanden. Vi beaktar v\u00e4dret och arbetar professionellt utan att riskera v\u00e4rdet. <\/li>\n\n\n\n<li><strong>Vi anv\u00e4nder<\/strong> tidsgaffelmodellen (v\u00e4derf\u00f6rh\u00e5llandenas p\u00e5verkan) och arbetar alltid enligt \u00f6verenskommen tidsplan.<\/li>\n\n\n\n<li><strong>Vi kommunicerar<\/strong> f\u00f6re, under och efter enligt v\u00e5r kvalitetskod. <\/li>\n\n\n\n<li><strong>Ni f\u00e5r<\/strong> ett L7-kvalitetsintyg som \u00e4r v\u00e4rt att spara till exempel f\u00f6r den dag om och n\u00e4r objektet s\u00e4ljs. V\u00e4rdet m\u00e4rks.  <em>V\u00e5rt m\u00e5lningsarbete inkluderar en garanti p\u00e5 3+2 \u00e5r. <\/em><\/li>\n\n\n\n<li><strong>V\u00e5ra m\u00e5lare<\/strong> \u00e4r v\u00e5ra viktigaste medarbetare, ettan i kedjan f\u00f6r allt vi g\u00f6r. Alla v\u00e5ra m\u00e5lare genomg\u00e5r L7-kvalitetsutbildning. V\u00e5r arbetsledning styrs av s\u00e4kerhet, noggrannhet och v\u00e4rdef\u00f6r\u00e4dlingst\u00e4nkande.  <\/li>\n\n\n\n<li><strong>Vi \u00e5tervinner och skyddar. <\/strong>Allt avfall fr\u00e5n arbetet \u00e5tervinns p\u00e5 r\u00e4tt s\u00e4tt, och till exempel takmossa hamnar i v\u00e4rmeverk. F\u00e4rgrester samlas in f\u00f6r problemavfallshantering av oss. (till exempel hamnar st\u00f6rsta delen av mossan fr\u00e5n taken i biov\u00e4rmeverk. Alla \u00f6verskottsf\u00e4rger levereras till problemavfallshantering, plast och metaller \u00e5tervinns.   <\/li>\n<\/ol>\n\n\n\n<p>Dessutom har vi en \u00f6verraskning. <\/p>\n\n\n\n<p>Vilket m\u00e5lningsprojekt som helst, \u00e4ven mindre, skapar stress f\u00f6r kunden. Stressen minskar n\u00e4r man \u00f6kar f\u00f6rutseendet och kommunikationen.  <\/p>\n\n\n\n<p>Detta t\u00e4nkande \u00e4r f\u00f6rankrat i v\u00e5ra v\u00e4rderingar: vi agerar rakryggat, h\u00e5ller alltid grunderna i ordning och v\u00e4rdes\u00e4tter tid, varandras och v\u00e5ra kunders. Vi menar allvar.<\/p>\n\n\n\n<p>I ett m\u00e5lningsprojekt uppst\u00e5r sm\u00e5 \u00f6verraskningar. En f\u00e4rgdroppe har hamnat p\u00e5 f\u00f6nstret, andra sidan av staketet \u00e4r fortfarande om\u00e5lat, starten skjuts upp ett dygn.  <\/p>\n\n\n\n<p>Den droppen tas bort fr\u00e5n f\u00f6nstret n\u00e4r f\u00e4rgen \u00e4r torr. Andra sidan av staketet m\u00e5las i morgon. Starten skjuts bara upp inom tidsflexibiliteten eftersom luftfuktigheten inte \u00e4r den b\u00e4sta m\u00f6jliga f\u00f6r v\u00e4rdeinl\u00f6sen.  <\/p>\n\n\n\n<p>\u00d6verraskningar uppst\u00e5r, men stressande konsekvenser av \u00f6verraskningar uppst\u00e5r mindre n\u00e4r man ber\u00e4ttar i f\u00f6rv\u00e4g att \u00f6verraskningar uppst\u00e5r. Och de tas om hand.  <\/p>\n\n\n\n<p>10 000 uppdrag och noll fall i domstol. Vi menar allvar. D\u00e4rf\u00f6r \u00e4r vi De F\u00e4rgglada.<\/p>\n\n\n\n<p>Vi arbetar f\u00f6r fastigheters och hus h\u00e5llbarhet och sk\u00f6nhet. Detta arbete leder till att husets v\u00e4rde \u00f6kar.  <\/p>\n\n\n\n<p>Vi har att g\u00f6ra med en seri\u00f6s sak, en sak d\u00e4r b\u00e5de k\u00e4nsloplanet och f\u00f6rnuftsplanet \u00e4r inblandade. B\u00e5da sakerna \u00e4r saker som \u00e4r vad de ser ut att vara.  <\/p>\n\n\n\n<p>H\u00e5llbarhet och sk\u00f6nhet st\u00e4rks, v\u00e4rdet f\u00f6r\u00e4dlas. Det syns n\u00e4r det h\u00e4nder. Det \u00e4r vad v\u00e5r L7-kvalitetskod levererar, som enda i Finland.  <\/p>\n\n\n\n<p>Och vi har en \u00f6verraskning till. Den ser kunden n\u00e4r jobbet \u00e4r klart.  <\/p>\n\n\n\n<p>Vi menar allvar \u2013 f\u00f6re, under och efter.<\/p>\n\n\n\n<p class=\"has-medium-font-size\"><strong><em>Tack f\u00f6r den roligaste sommarjobbssajten! Vi \u00e4r De F\u00e4rgglada. <\/em><\/strong><\/p>\n\n\n\n<div style=\"height:30px\" aria-hidden=\"true\" class=\"wp-block-spacer\"><\/div>\n<\/div>\n        <\/div>\r\n    <\/div>\r\n<\/section>","protected":false},"excerpt":{"rendered":"","protected":false},"author":3,"featured_media":0,"parent":282338,"menu_order":0,"comment_status":"closed","ping_status":"closed","template":"","meta":{"_acf_changed":false,"_page_background_color":"","_accent_color":"","footnotes":""},"class_list":["post-282374","page","type-page","status-publish","hentry"],"acf":[],"_links":{"self":[{"href":"https:\/\/variset.fi\/sv\/wp-json\/wp\/v2\/pages\/282374","targetHints":{"allow":["GET"]}}],"collection":[{"href":"https:\/\/variset.fi\/sv\/wp-json\/wp\/v2\/pages"}],"about":[{"href":"https:\/\/variset.fi\/sv\/wp-json\/wp\/v2\/types\/page"}],"author":[{"embeddable":true,"href":"https:\/\/variset.fi\/sv\/wp-json\/wp\/v2\/users\/3"}],"replies":[{"embeddable":true,"href":"https:\/\/variset.fi\/sv\/wp-json\/wp\/v2\/comments?post=282374"}],"version-history":[{"count":3,"href":"https:\/\/variset.fi\/sv\/wp-json\/wp\/v2\/pages\/282374\/revisions"}],"predecessor-version":[{"id":283208,"href":"https:\/\/variset.fi\/sv\/wp-json\/wp\/v2\/pages\/282374\/revisions\/283208"}],"up":[{"embeddable":true,"href":"https:\/\/variset.fi\/sv\/wp-json\/wp\/v2\/pages\/282338"}],"wp:attachment":[{"href":"https:\/\/variset.fi\/sv\/wp-json\/wp\/v2\/media?parent=282374"}],"curies":[{"name":"wp","href":"https:\/\/api.w.org\/{rel}","templated":true}]}}