{"id":282488,"date":"2026-02-12T00:07:55","date_gmt":"2026-02-11T22:07:55","guid":{"rendered":"https:\/\/variset.fi\/for-bostadsbolag\/referenser\/referenser-pa-kartan"},"modified":"2026-02-12T17:49:45","modified_gmt":"2026-02-12T15:49:45","slug":"referenser-pa-kartan","status":"publish","type":"page","link":"https:\/\/variset.fi\/sv\/for-bostadsbolag\/referenser\/referenser-pa-kartan\/","title":{"rendered":"Referenser p\u00e5 kartan"},"content":{"rendered":"\n<div style=\"height:20px\" aria-hidden=\"true\" class=\"wp-block-spacer\"><\/div>\n<section class=\"block block-references-map\" id=\"references-map-69dec0960495e\">\r\n        <div class=\"references-map-layout\">\r\n        <!-- Left sidebar: title and search -->\r\n        <div class=\"references-sidebar\">\r\n                            <h1 class=\"references-title\">Referenser p\u00e5 kartan<\/h1>\r\n            \r\n            <!-- Search section -->\r\n            <div class=\"references-search-section\">\r\n                                    <h3 class=\"search-title\">S\u00f6k objekt<\/h3>\r\n                \r\n                                    <p class=\"search-description\">Ange postnummer, bostadsomr\u00e5de eller gatuadress i f\u00e4ltet nedan s\u00e5 ser du v\u00e5ra genomf\u00f6rda objekt i ditt n\u00e4romr\u00e5de.<\/p>\r\n                \r\n                \r\n                <form class=\"search-form\" data-references-search>\r\n                    <input\r\n                        type=\"text\"\r\n                        id=\"references-map-69dec0960495e-search\"\r\n                        class=\"search-input\"\r\n                        placeholder=\"Postnummer eller omr\u00e5de\"\r\n                        value=\"\"\r\n                        data-search-input\r\n                        autocomplete=\"off\" \/>\r\n                    <button type=\"submit\" class=\"btn btn-primary search-button\">\r\n                        S\u00f6k                    <\/button>\r\n                <\/form>\r\n            <\/div>\r\n        <\/div>\r\n\r\n        <!-- Right side: filters and map -->\r\n        <div class=\"references-map-container\">\r\n            <!-- Filters toggle -->\r\n            <div class=\"filters-section\">\r\n                <button type=\"button\" class=\"filters-toggle open\" data-filters-toggle>\r\n                    <span>Filtrera objekt<\/span>\r\n                    <svg class=\"icon-chevron-down\" width=\"16\" height=\"16\" viewBox=\"0 0 16 16\" fill=\"none\" xmlns=\"http:\/\/www.w3.org\/2000\/svg\">\r\n                        <path d=\"M4 6L8 10L12 6\" stroke=\"currentColor\" stroke-linecap=\"round\" stroke-linejoin=\"round\" \/>\r\n                    <\/svg>\r\n                <\/button>\r\n\r\n                            <\/div>\r\n\r\n            <!-- Map container -->\r\n            <div class=\"map-wrapper\">\r\n                <div class=\"map-loading\" data-map-loading>\r\n                    <span class=\"spinner\"><\/span>\r\n                    Laddar karta&#8230;                <\/div>\r\n                <div class=\"google-map\" data-references-map><\/div>\r\n            <\/div>\r\n        <\/div>\r\n\r\n        <!-- References list section -->\r\n        <div class=\"references-list-section\">\r\n                            <h3 class=\"list-title\">N\u00e4rmaste objekt<\/h3>\r\n            \r\n            <div class=\"references-list\" data-references-list>\r\n                <div class=\"references-loading\">\r\n                    <span class=\"spinner\"><\/span>\r\n                    Laddar referenser&#8230;                <\/div>\r\n            <\/div>\r\n        <\/div>\r\n    <\/div>\r\n<\/section>","protected":false},"excerpt":{"rendered":"","protected":false},"author":3,"featured_media":0,"parent":282367,"menu_order":0,"comment_status":"closed","ping_status":"closed","template":"","meta":{"_acf_changed":false,"_page_background_color":"","_accent_color":"","footnotes":""},"class_list":["post-282488","page","type-page","status-publish","hentry"],"acf":[],"_links":{"self":[{"href":"https:\/\/variset.fi\/sv\/wp-json\/wp\/v2\/pages\/282488","targetHints":{"allow":["GET"]}}],"collection":[{"href":"https:\/\/variset.fi\/sv\/wp-json\/wp\/v2\/pages"}],"about":[{"href":"https:\/\/variset.fi\/sv\/wp-json\/wp\/v2\/types\/page"}],"author":[{"embeddable":true,"href":"https:\/\/variset.fi\/sv\/wp-json\/wp\/v2\/users\/3"}],"replies":[{"embeddable":true,"href":"https:\/\/variset.fi\/sv\/wp-json\/wp\/v2\/comments?post=282488"}],"version-history":[{"count":1,"href":"https:\/\/variset.fi\/sv\/wp-json\/wp\/v2\/pages\/282488\/revisions"}],"predecessor-version":[{"id":282489,"href":"https:\/\/variset.fi\/sv\/wp-json\/wp\/v2\/pages\/282488\/revisions\/282489"}],"up":[{"embeddable":true,"href":"https:\/\/variset.fi\/sv\/wp-json\/wp\/v2\/pages\/282367"}],"wp:attachment":[{"href":"https:\/\/variset.fi\/sv\/wp-json\/wp\/v2\/media?parent=282488"}],"curies":[{"name":"wp","href":"https:\/\/api.w.org\/{rel}","templated":true}]}}