{"id":282912,"date":"2026-02-12T02:11:07","date_gmt":"2026-02-12T00:11:07","guid":{"rendered":"https:\/\/variset.fi\/cookiepolicy"},"modified":"2026-02-12T23:22:11","modified_gmt":"2026-02-12T21:22:11","slug":"cookiepolicy","status":"publish","type":"page","link":"https:\/\/variset.fi\/sv\/cookiepolicy\/","title":{"rendered":"Cookiepolicy"},"content":{"rendered":"<section class=\"block block-hero no-media layout-half large-heading\">\r\n\r\n    <div class=\"hero-media\">\r\n                    <\/div>\r\n\r\n    <div class=\"hero-content\">\r\n        <div class=\"hero-container\">\r\n            <div class=\"content-container\">\r\n                                    <div class=\"breadcrumbs-container\"><ol itemscope itemtype=\"https:\/\/schema.org\/BreadcrumbList\"><li itemprop=\"itemListElement\" itemscope itemtype=\"https:\/\/schema.org\/ListItem\"><a itemprop=\"item\" href=\"https:\/\/variset.fi\/sv\/\"><span itemprop=\"name\">V\u00e4riset<\/span><\/a><meta itemprop=\"position\" content=\"1\" \/><\/li><\/ol><\/div>                                \n<div class=\"wp-block-wds-hero\">\n<h1 class=\"wp-block-heading\">Cookiepolicy<\/h1>\n<\/div>\n            <\/div>\r\n        <\/div>\r\n    <\/div>\r\n<\/section><section class=\"block block-basic\">\r\n    <div class=\"container\">\r\n        <div class=\"content-container reveal\">\r\n            \n<div class=\"wp-block-wds-basic\">\n<p>I den h\u00e4r cookiepolicyn beskrivs vad cookies \u00e4r samt hur och varf\u00f6r vi anv\u00e4nder dem. Vi ber\u00e4ttar ocks\u00e5 vilka typer av cookies vi anv\u00e4nder och hur du kan \u00e4ndra dina cookieinst\u00e4llningar samt p\u00e5verka anv\u00e4ndningen av cookies. Mer information om hur vi behandlar dina personuppgifter hittar du i <a href=\"https:\/\/variset.fi\/sv\/integritetspolicy\/\" data-type=\"page\" data-id=\"399\">v\u00e5r integritetspolicy<\/a>. Du kan n\u00e4r som helst \u00e4ndra eller \u00e5terkalla ditt samtycke i cookiemeddelandet p\u00e5 v\u00e5r webbplats. I v\u00e5r integritetspolicy hittar du mer information om oss, hur du kan kontakta oss och hur vi behandlar personuppgifter. Ditt samtycke g\u00e4ller f\u00f6ljande dom\u00e4ner: variset.fi       <\/p>\n\n\n\n<h3 class=\"wp-block-heading\">Vad \u00e4r cookies?<\/h3>\n\n\n\n<p>Cookies \u00e4r sm\u00e5 textfiler som anv\u00e4nds f\u00f6r att lagra sm\u00e5 m\u00e4ngder information. De sparas p\u00e5 din enhet n\u00e4r webbplatsen laddas i din webbl\u00e4sare. Dessa cookies hj\u00e4lper oss att f\u00e5 webbplatsen att fungera korrekt, f\u00f6rb\u00e4ttra dess s\u00e4kerhet, erbjuda en b\u00e4ttre anv\u00e4ndarupplevelse och f\u00f6rst\u00e5 hur webbplatsen fungerar samt analysera vad som fungerar och var det finns utrymme f\u00f6r f\u00f6rb\u00e4ttring.  <\/p>\n\n\n\n<h3 class=\"wp-block-heading\">Hur anv\u00e4nder vi cookies p\u00e5 webbplatsen?<\/h3>\n\n\n\n<p>Precis som de flesta webbtj\u00e4nster anv\u00e4nder v\u00e5r webbplats f\u00f6rstaparts- och tredjepartscookies f\u00f6r flera \u00e4ndam\u00e5l. F\u00f6rstapartscookies \u00e4r oftast n\u00f6dv\u00e4ndiga f\u00f6r att webbplatsen ska fungera korrekt och de samlar inte in n\u00e5gra personuppgifter om dig. Tredjepartscookies som anv\u00e4nds p\u00e5 v\u00e5r webbplats \u00e4r fr\u00e4mst avsedda f\u00f6r att f\u00f6rst\u00e5 hur webbplatsen fungerar och hur du interagerar med v\u00e5r webbplats. De \u00e4r ocks\u00e5 avsedda att h\u00e5lla v\u00e5ra tj\u00e4nster s\u00e4kra, ge dig relevanta annonser och en b\u00e4ttre anv\u00e4ndarupplevelse samt hj\u00e4lpa till att p\u00e5skynda ditt n\u00e4sta bes\u00f6k p\u00e5 v\u00e5r webbplats.   <\/p>\n\n\n\n<p>Vilka typer av cookies anv\u00e4nder vi?<\/p>\n\n\n\n<p>[wcc_category_list]<\/p>\n<\/div>\n        <\/div>\r\n    <\/div>\r\n<\/section>","protected":false},"excerpt":{"rendered":"","protected":false},"author":3,"featured_media":0,"parent":0,"menu_order":0,"comment_status":"closed","ping_status":"closed","template":"","meta":{"_acf_changed":false,"_page_background_color":"","_accent_color":"","footnotes":""},"class_list":["post-282912","page","type-page","status-publish","hentry"],"acf":[],"_links":{"self":[{"href":"https:\/\/variset.fi\/sv\/wp-json\/wp\/v2\/pages\/282912","targetHints":{"allow":["GET"]}}],"collection":[{"href":"https:\/\/variset.fi\/sv\/wp-json\/wp\/v2\/pages"}],"about":[{"href":"https:\/\/variset.fi\/sv\/wp-json\/wp\/v2\/types\/page"}],"author":[{"embeddable":true,"href":"https:\/\/variset.fi\/sv\/wp-json\/wp\/v2\/users\/3"}],"replies":[{"embeddable":true,"href":"https:\/\/variset.fi\/sv\/wp-json\/wp\/v2\/comments?post=282912"}],"version-history":[{"count":2,"href":"https:\/\/variset.fi\/sv\/wp-json\/wp\/v2\/pages\/282912\/revisions"}],"predecessor-version":[{"id":283152,"href":"https:\/\/variset.fi\/sv\/wp-json\/wp\/v2\/pages\/282912\/revisions\/283152"}],"wp:attachment":[{"href":"https:\/\/variset.fi\/sv\/wp-json\/wp\/v2\/media?parent=282912"}],"curies":[{"name":"wp","href":"https:\/\/api.w.org\/{rel}","templated":true}]}}