{"id":284301,"date":"2026-02-24T13:32:37","date_gmt":"2026-02-24T11:32:37","guid":{"rendered":"https:\/\/variset.fi\/?page_id=284301"},"modified":"2026-02-24T16:44:58","modified_gmt":"2026-02-24T14:44:58","slug":"rekrytering","status":"publish","type":"page","link":"https:\/\/variset.fi\/sv\/foretag\/rekrytering\/rekrytering\/","title":{"rendered":"S\u00e4ljare"},"content":{"rendered":"<section class=\"block block-hero has-media layout-full\">\r\n\r\n    <div class=\"hero-media\">\r\n                            <img decoding=\"async\" src=\"https:\/\/variset.fi\/wp-content\/uploads\/2026\/02\/variset_joona_myyjarekry-890x593.jpg\" alt=\"\" width=\"2560\" height=\"1707\" srcset=\"https:\/\/variset.fi\/wp-content\/uploads\/2026\/02\/variset_joona_myyjarekry-300x200.jpg 300w, https:\/\/variset.fi\/wp-content\/uploads\/2026\/02\/variset_joona_myyjarekry-1024x683.jpg 1024w, https:\/\/variset.fi\/wp-content\/uploads\/2026\/02\/variset_joona_myyjarekry-768x512.jpg 768w, https:\/\/variset.fi\/wp-content\/uploads\/2026\/02\/variset_joona_myyjarekry-1536x1024.jpg 1536w, https:\/\/variset.fi\/wp-content\/uploads\/2026\/02\/variset_joona_myyjarekry-2048x1365.jpg 2048w, https:\/\/variset.fi\/wp-content\/uploads\/2026\/02\/variset_joona_myyjarekry-1920x1280.jpg 1920w, https:\/\/variset.fi\/wp-content\/uploads\/2026\/02\/variset_joona_myyjarekry-890x593.jpg 890w, https:\/\/variset.fi\/wp-content\/uploads\/2026\/02\/variset_joona_myyjarekry-714x476.jpg 714w, https:\/\/variset.fi\/wp-content\/uploads\/2026\/02\/variset_joona_myyjarekry-590x393.jpg 590w, https:\/\/variset.fi\/wp-content\/uploads\/2026\/02\/variset_joona_myyjarekry-367x245.jpg 367w, https:\/\/variset.fi\/wp-content\/uploads\/2026\/02\/variset_joona_myyjarekry-600x400.jpg 600w\" data-no-lazy=\"1\" fetchpriority=\"high\">            <\/div>\r\n\r\n    <div class=\"hero-content\">\r\n        <div class=\"hero-container\">\r\n            <div class=\"content-container\">\r\n                                \n<div class=\"wp-block-wds-hero\">\n<h2 class=\"wp-block-heading\">Vi s\u00f6ker s\u00e4ljare till Nyland och Egentliga Finland<\/h2>\n\n\n\n<h1 class=\"wp-block-heading\">Bli sommarf\u00f6rs\u00e4ljare hos V\u00e4riset<\/h1>\n\n\n\n<div class=\"wp-block-buttons is-layout-flex wp-block-buttons-is-layout-flex\">\n<div class=\"wp-block-button\"><a class=\"wp-block-button__link wp-element-button\" href=\"#lomake\">Skicka ans\u00f6kan<\/a><\/div>\n<\/div>\n<\/div>\n            <\/div>\r\n        <\/div>\r\n    <\/div>\r\n<\/section><section class=\"block block-value-propositions\">\r\n    <div class=\"content-container\">\r\n        <div class=\"value-propositions-grid\">\r\n            <div class=\"scroll-container\">\r\n                <div class=\"content\">\r\n                    \n<div class=\"wp-block-wds-value-propositions\">\n<div class=\"wp-block-group value-propositions-grid is-layout-flex wp-block-group-is-layout-flex\"><div class=\"block block-icon-text\">\r\n            <div class=\"icon-container\">\r\n            <img width=\"36\" height=\"35\" src=\"https:\/\/variset.fi\/wp-content\/uploads\/2026\/02\/icon-star.svg\" class=\"attachment-thumbnail size-thumbnail\" alt=\"\" loading=\"lazy\" decoding=\"async\" \/>        <\/div>\r\n        <div class=\"content-container\">\r\n        \n<div class=\"wp-block-wds-icon-text\">\n<h3 class=\"wp-block-heading\">Trevliga arbetskamrater<\/h3>\n\n\n\n<p><\/p>\n<\/div>\n    <\/div>\r\n<\/div>\r\n\n\n<div class=\"block block-icon-text\">\r\n            <div class=\"icon-container\">\r\n            <img width=\"36\" height=\"35\" src=\"https:\/\/variset.fi\/wp-content\/uploads\/2026\/02\/icon-star.svg\" class=\"attachment-thumbnail size-thumbnail\" alt=\"\" loading=\"lazy\" decoding=\"async\" \/>        <\/div>\r\n        <div class=\"content-container\">\r\n        \n<div class=\"wp-block-wds-icon-text\">\n<h3 class=\"wp-block-heading\">Omfattande introduktion<\/h3>\n\n\n\n<p><\/p>\n<\/div>\n    <\/div>\r\n<\/div>\r\n\n\n<div class=\"block block-icon-text\">\r\n            <div class=\"icon-container\">\r\n            <img width=\"36\" height=\"35\" src=\"https:\/\/variset.fi\/wp-content\/uploads\/2026\/02\/icon-star.svg\" class=\"attachment-thumbnail size-thumbnail\" alt=\"\" loading=\"lazy\" decoding=\"async\" \/>        <\/div>\r\n        <div class=\"content-container\">\r\n        \n<div class=\"wp-block-wds-icon-text\">\n<h3 class=\"wp-block-heading\">R\u00e4ttvis l\u00f6n<\/h3>\n\n\n\n<p><\/p>\n<\/div>\n    <\/div>\r\n<\/div>\r\n\n\n<div class=\"block block-icon-text\">\r\n        <div class=\"content-container\">\r\n        \n<div class=\"wp-block-wds-icon-text\">\n<h3 class=\"wp-block-heading\"><\/h3>\n\n\n\n<p><\/p>\n<\/div>\n    <\/div>\r\n<\/div>\r\n<\/div>\n<\/div>\n                <\/div>\r\n                <div class=\"mobile-content\">\r\n                    \n<div class=\"wp-block-wds-value-propositions\">\n<div class=\"wp-block-group value-propositions-grid is-layout-flex wp-block-group-is-layout-flex\"><div class=\"block block-icon-text\">\r\n            <div class=\"icon-container\">\r\n            <img width=\"36\" height=\"35\" src=\"https:\/\/variset.fi\/wp-content\/uploads\/2026\/02\/icon-star.svg\" class=\"attachment-thumbnail size-thumbnail\" alt=\"\" loading=\"lazy\" decoding=\"async\" \/>        <\/div>\r\n        <div class=\"content-container\">\r\n        \n<div class=\"wp-block-wds-icon-text\">\n<h3 class=\"wp-block-heading\">Trevliga arbetskamrater<\/h3>\n\n\n\n<p><\/p>\n<\/div>\n    <\/div>\r\n<\/div>\r\n\n\n<div class=\"block block-icon-text\">\r\n            <div class=\"icon-container\">\r\n            <img width=\"36\" height=\"35\" src=\"https:\/\/variset.fi\/wp-content\/uploads\/2026\/02\/icon-star.svg\" class=\"attachment-thumbnail size-thumbnail\" alt=\"\" loading=\"lazy\" decoding=\"async\" \/>        <\/div>\r\n        <div class=\"content-container\">\r\n        \n<div class=\"wp-block-wds-icon-text\">\n<h3 class=\"wp-block-heading\">Omfattande introduktion<\/h3>\n\n\n\n<p><\/p>\n<\/div>\n    <\/div>\r\n<\/div>\r\n\n\n<div class=\"block block-icon-text\">\r\n            <div class=\"icon-container\">\r\n            <img width=\"36\" height=\"35\" src=\"https:\/\/variset.fi\/wp-content\/uploads\/2026\/02\/icon-star.svg\" class=\"attachment-thumbnail size-thumbnail\" alt=\"\" loading=\"lazy\" decoding=\"async\" \/>        <\/div>\r\n        <div class=\"content-container\">\r\n        \n<div class=\"wp-block-wds-icon-text\">\n<h3 class=\"wp-block-heading\">R\u00e4ttvis l\u00f6n<\/h3>\n\n\n\n<p><\/p>\n<\/div>\n    <\/div>\r\n<\/div>\r\n\n\n<div class=\"block block-icon-text\">\r\n        <div class=\"content-container\">\r\n        \n<div class=\"wp-block-wds-icon-text\">\n<h3 class=\"wp-block-heading\"><\/h3>\n\n\n\n<p><\/p>\n<\/div>\n    <\/div>\r\n<\/div>\r\n<\/div>\n<\/div>\n                <\/div>\r\n            <\/div>\r\n        <\/div>\r\n    <\/div>\r\n<\/section>\r\n\n<div style=\"height:30px\" aria-hidden=\"true\" class=\"wp-block-spacer\"><\/div>\n<section class=\"block block-basic\">\r\n    <div class=\"container\">\r\n        <div class=\"content-container reveal\">\r\n            \n<div class=\"wp-block-wds-basic\">\n<p class=\"has-medium-font-size\"><strong>Vill du st\u00e5 bakom genuint kvalitativa tj\u00e4nster? Om ditt hj\u00e4rta sl\u00e5r f\u00f6r f\u00f6rs\u00e4ljning, du redan \u00e4r en bra s\u00e4ljare eller \u00e4r intresserad av f\u00f6rs\u00e4ljningsarbete och v\u00e4rdes\u00e4tter en bra arbetsgemenskap, kan vi inte v\u00e4nta p\u00e5 att h\u00f6ra fr\u00e5n dig! <\/strong><\/p>\n\n\n\n<p>H\u00e4r har du m\u00f6jlighet att p\u00e5verka din egen l\u00f6n genom din aktivitet och kompetensutveckling \u2013 v\u00e5ra s\u00e4ljare n\u00e5r ocks\u00e5 goda inkomster.<\/p>\n\n\n\n<p>Vi s\u00f6ker nu s\u00e4songsf\u00f6rs\u00e4ljare till Nyland och Egentliga Finland. Start enligt \u00f6verenskommelse s\u00e5 snart som m\u00f6jligt. <\/p>\n\n\n\n<p>Hos oss f\u00e5r du st\u00e5 bakom en genuint h\u00f6gkvalitativ tj\u00e4nst: vi s\u00e4ljer utomhusm\u00e5lning, takt\u00e4ckning av tegeltak samt m\u00e5lning av pl\u00e5ttak f\u00f6r v\u00e5ra kunders verkliga behov. V\u00e5r kundn\u00f6jdhet \u00e4r bevisligen mycket h\u00f6g, vilket framg\u00e5r av v\u00e5ra 4,8 stj\u00e4rnor p\u00e5 Google. <\/p>\n\n\n\n<h3 class=\"wp-block-heading\">Vad du kan f\u00f6rv\u00e4nta dig:<\/h3>\n\n\n\n<ul class=\"wp-block-list\">\n<li>Priserna t\u00e5l j\u00e4mf\u00f6relse p\u00e5 marknaden \u2013 vi klarar oss bra i priskonkurrens<\/li>\n\n\n\n<li>Kundn\u00f6jdheten ligger betydligt \u00f6ver branschgenomsnittet<\/li>\n\n\n\n<li>Flexibla arbetstider<\/li>\n\n\n\n<li>Du f\u00e5r betald utbildning utan resultatansvar under utbildningsperioden<\/li>\n\n\n\n<li>Hos oss \u00e4r medarbetarn\u00f6jdheten bevisligen h\u00f6g<\/li>\n\n\n\n<li>Arbetsklimatet \u00e4r mycket bra<\/li>\n\n\n\n<li>M\u00f6jlighet att n\u00e5 utm\u00e4rkta inkomster<\/li>\n<\/ul>\n\n\n\n<h3 class=\"wp-block-heading\">Vad vi f\u00f6rv\u00e4ntar oss:<\/h3>\n\n\n\n<ul class=\"wp-block-list\">\n<li>Erfarenhet av m\u00e5lningsarbete eller framg\u00e5ngsrikt s\u00e4ljarbete<\/li>\n\n\n\n<li>Vilja att arbeta h\u00e5rt och l\u00e4ra dig nya saker<\/li>\n\n\n\n<li>Vilja att arbeta tillsammans med andra<\/li>\n\n\n\n<li>K\u00f6rkort och m\u00f6jlighet att anv\u00e4nda egen bil (vi ers\u00e4tter naturligtvis milers\u00e4ttning)<\/li>\n<\/ul>\n\n\n\n<p>Hos oss p\u00e5verkas s\u00e4ljarens provision f\u00f6rutom av f\u00f6rs\u00e4ljningssumman \u00e4ven av bland annat kundn\u00f6jdheten, som \u00e4r mycket viktig f\u00f6r oss. <\/p>\n\n\n\n<p>V\u00e4risets tillv\u00e4xtstrategi \u00e4r m\u00e5ttfull, s\u00e5 att allt f\u00f6rblir hanterbart. V\u00e5rt m\u00e5l \u00e4r att vara Finlands b\u00e4sta m\u00e5lningsf\u00f6retag. Vi vill erbjuda v\u00e5ra kunder en f\u00f6rstklassig upplevelse som de g\u00e4rna minns \u00e4ven efter flera \u00e5r. V\u00e5ra v\u00e4rderingar \u00e4r mod, ansvar och entusiasm. Vi tar hand om kunderna och deras egendom och slutf\u00f6r alltid arbetet enligt \u00f6verenskommelse. Vi v\u00e4rnar om en god gemenskap och vill att v\u00e5rt f\u00f6retag ska vara den b\u00e4sta m\u00f6jliga platsen att arbeta h\u00e5rt p\u00e5.     <\/p>\n\n\n\n<p><strong>Skicka in din ans\u00f6kan s\u00e5 snart som m\u00f6jligt, eftersom tj\u00e4nsten tills\u00e4tts s\u00e5 fort vi hittar r\u00e4tt person. Om du \u00e4r intresserad, skicka in din ans\u00f6kan eller ring   <\/strong><\/p>\n\n\n\n<p>I Nyland Taneli<br\/>\ud83d\udce9 <a>taneli.jamsa@variset.fi<\/a><br\/>\ud83d\udcde 040 015 0564<\/p>\n\n\n\n<p>I Egentliga Finland Perttu<br\/>\ud83d\udce9 <a>perttu.aunio@variset.fi<\/a><br\/>\ud83d\udcde 040 640 4032<strong><br\/><\/strong><\/p>\n\n\n\n<div class=\"wp-block-buttons is-layout-flex wp-block-buttons-is-layout-flex\">\n<div class=\"wp-block-button\"><a class=\"wp-block-button__link wp-element-button\" href=\"#lomake\">Skicka ans\u00f6kan<\/a><\/div>\n<\/div>\n<\/div>\n        <\/div>\r\n    <\/div>\r\n<\/section><section class=\"block block-content-tabs\">\r\n    <div class=\"container\">\r\n        <ul class=\"nav nav-tabs\" id=\"tabs-69e3496daad33\" role=\"tablist\">\r\n                            <li class=\"nav-item\" role=\"presentation\">\r\n                    <button\r\n                        class=\"nav-link active\"\r\n                        id=\"tabs-69e3496daad33-0-tab\"\r\n                        data-bs-toggle=\"tab\"\r\n                        data-bs-target=\"#tabs-69e3496daad33-0\"\r\n                        type=\"button\"\r\n                        role=\"tab\"\r\n                        aria-controls=\"tabs-69e3496daad33-0\"\r\n                        aria-selected=\"true\"\r\n                    >\r\n                        S\u00e5 h\u00e4r t\u00e4nker v\u00e5ra medarbetare                    <\/button>\r\n                <\/li>\r\n                            <li class=\"nav-item\" role=\"presentation\">\r\n                    <button\r\n                        class=\"nav-link\"\r\n                        id=\"tabs-69e3496daad33-1-tab\"\r\n                        data-bs-toggle=\"tab\"\r\n                        data-bs-target=\"#tabs-69e3496daad33-1\"\r\n                        type=\"button\"\r\n                        role=\"tab\"\r\n                        aria-controls=\"tabs-69e3496daad33-1\"\r\n                        aria-selected=\"false\"\r\n                    >\r\n                        L\u00e4s erfarenheter                    <\/button>\r\n                <\/li>\r\n                    <\/ul>\r\n        <div class=\"tab-content\" id=\"tabs-69e3496daad33-content\">\r\n                            <div\r\n                    class=\"tab-pane fade show active\"\r\n                    id=\"tabs-69e3496daad33-0\"\r\n                    role=\"tabpanel\"\r\n                    aria-labelledby=\"tabs-69e3496daad33-0-tab\"\r\n                >\r\n                    \n<div class=\"wp-block-wds-content-tab\"><section class=\"block block-video\">\r\n    <div class=\"container\">\r\n                    <div class=\"video-content\">\r\n                \n<div class=\"wp-block-wds-video\">\n<h3 class=\"wp-block-heading\">S\u00e5 h\u00e4r t\u00e4nker v\u00e5ra medarbetare om V\u00e4riset<\/h3>\n<\/div>\n            <\/div>\r\n        \r\n                    <div class=\"video-container\">\r\n                                    <div class=\"video-embed\">\r\n                        <div class=\"video-embed-wrapper\"><iframe src=\"https:\/\/www.youtube.com\/embed\/CVZT7XPLbiI?playlist=CVZT7XPLbiI&#038;controls=1&#038;showinfo=0&#038;rel=0&#038;modestbranding=1\" allowfullscreen><\/iframe><\/div>\r\n                    <\/div>\r\n                            <\/div>\r\n            <\/div>\r\n<\/section>\r\n<\/div>\n                <\/div>\r\n                            <div\r\n                    class=\"tab-pane fade\"\r\n                    id=\"tabs-69e3496daad33-1\"\r\n                    role=\"tabpanel\"\r\n                    aria-labelledby=\"tabs-69e3496daad33-1-tab\"\r\n                >\r\n                                    <\/div>\r\n                    <\/div>\r\n    <\/div>\r\n<\/section>\r\n<section class=\"block block-text-form has-background-image\">\r\n    <div class=\"content-container\">\r\n                    <div class=\"background-container\"><img width=\"1024\" height=\"1001\" src=\"https:\/\/variset.fi\/wp-content\/uploads\/2026\/01\/joonat-1024x1001.png\" class=\"attachment-large size-large\" alt=\"\" loading=\"lazy\" decoding=\"async\" srcset=\"https:\/\/variset.fi\/wp-content\/uploads\/2026\/01\/joonat-1024x1001.png 1024w, https:\/\/variset.fi\/wp-content\/uploads\/2026\/01\/joonat-300x293.png 300w, https:\/\/variset.fi\/wp-content\/uploads\/2026\/01\/joonat-768x751.png 768w, https:\/\/variset.fi\/wp-content\/uploads\/2026\/01\/joonat-606x593.png 606w, https:\/\/variset.fi\/wp-content\/uploads\/2026\/01\/joonat-543x531.png 543w, https:\/\/variset.fi\/wp-content\/uploads\/2026\/01\/joonat-590x577.png 590w, https:\/\/variset.fi\/wp-content\/uploads\/2026\/01\/joonat.png 1456w\" sizes=\"auto, (max-width: 1024px) 100vw, 1024px\" \/><\/div>\r\n        \r\n        <div class=\"content\">\r\n\r\n            <div class=\"text-content reveal\">\r\n                \n<div id=\"lomake\" class=\"wp-block-wds-text-form\">\n<h2 class=\"wp-block-heading\">S\u00f6k som s\u00e4ljare, <br\/>fyll i ans\u00f6kan!<\/h2>\n\n\n\n<p class=\"has-medium-font-size\">L\u00e4mna din ans\u00f6kan nu, s\u00e5 h\u00f6r vi av oss till dig.<\/p>\n<\/div>\n            <\/div>\r\n\r\n            <div class=\"form-content reveal\">\r\n                                    \n<div class=\"wpcf7 no-js\" id=\"wpcf7-f284314-o1\" lang=\"sv-SE\" dir=\"ltr\" data-wpcf7-id=\"284314\">\n<div class=\"screen-reader-response\"><p role=\"status\" aria-live=\"polite\" aria-atomic=\"true\"><\/p> <ul><\/ul><\/div>\n<form action=\"\/sv\/wp-json\/wp\/v2\/pages\/284301#wpcf7-f284314-o1\" method=\"post\" class=\"wpcf7-form init\" aria-label=\"Kontaktformul\u00e4r\" enctype=\"multipart\/form-data\" novalidate=\"novalidate\" data-status=\"init\">\n<fieldset class=\"hidden-fields-container\"><input type=\"hidden\" name=\"_wpcf7\" value=\"284314\" \/><input type=\"hidden\" name=\"_wpcf7_version\" value=\"6.1.5\" \/><input type=\"hidden\" name=\"_wpcf7_locale\" value=\"sv_SE\" \/><input type=\"hidden\" name=\"_wpcf7_unit_tag\" value=\"wpcf7-f284314-o1\" \/><input type=\"hidden\" name=\"_wpcf7_container_post\" value=\"0\" \/><input type=\"hidden\" name=\"_wpcf7_posted_data_hash\" value=\"\" \/>\n<\/fieldset>\n<div class=\"wpcf7-turnstile cf-turnstile\" data-sitekey=\"0x4AAAAAACes2WIGZ21uqEaf\" data-response-field-name=\"_wpcf7_turnstile_response\"><\/div>\n\n<fieldset><label>Namn *\n    <span class=\"wpcf7-form-control-wrap\" data-name=\"fullname\"><input size=\"40\" maxlength=\"400\" class=\"wpcf7-form-control wpcf7-text form-control form-control-gray  wpcf7-validates-as-required\" autocomplete=\"name\" aria-required=\"true\" aria-invalid=\"false\" value=\"\" type=\"text\" name=\"fullname\" \/><\/span> <\/label><\/fieldset>\n\n<fieldset class=\"narrow\"><label>E-post *\n    <span class=\"wpcf7-form-control-wrap\" data-name=\"email\"><input size=\"40\" maxlength=\"400\" class=\"wpcf7-form-control wpcf7-email wpcf7-validates-as-required wpcf7-text form-control form-control-gray  wpcf7-validates-as-email\" autocomplete=\"email\" aria-required=\"true\" aria-invalid=\"false\" value=\"\" type=\"email\" name=\"email\" \/><\/span> <\/label><\/fieldset>\n\n<fieldset class=\"narrow\"><label>Telefon *\n    <span class=\"wpcf7-form-control-wrap\" data-name=\"phone\"><input size=\"40\" maxlength=\"400\" class=\"wpcf7-form-control wpcf7-text form-control form-control-gray  wpcf7-validates-as-required\" autocomplete=\"tel\" aria-required=\"true\" aria-invalid=\"false\" value=\"\" type=\"text\" name=\"phone\" \/><\/span> <\/label><\/fieldset>\n\n<fieldset><label>Ans\u00f6kan g\u00e4ller *<\/label>\n    <span class=\"wpcf7-form-control-wrap\" data-name=\"hakukohde\"><span class=\"wpcf7-form-control wpcf7-radio\"><div class=\"form-check\"><input id=\"cf7_radio_1\" class=\"form-check-input\" type=\"radio\" name=\"hakukohde\" value=\"S\u00e4ljare\" \/><label class=\"form-check-label\" for=\"cf7_radio_1\"><span class=\"wpcf7-list-item-label\">S\u00e4ljare<\/span><\/label><\/div><div class=\"form-check\"><input id=\"cf7_radio_2\" class=\"form-check-input\" type=\"radio\" name=\"hakukohde\" value=\"Kundanskaffare\" \/><label class=\"form-check-label\" for=\"cf7_radio_2\"><span class=\"wpcf7-list-item-label\">Kundanskaffare<\/span><\/label><\/div><div class=\"form-check\"><input id=\"cf7_radio_3\" class=\"form-check-input\" type=\"radio\" name=\"hakukohde\" value=\"M\u00e5lare\" \/><label class=\"form-check-label\" for=\"cf7_radio_3\"><span class=\"wpcf7-list-item-label\">M\u00e5lare<\/span><\/label><\/div><div class=\"form-check\"><input id=\"cf7_radio_4\" class=\"form-check-input\" type=\"radio\" name=\"hakukohde\" value=\"Annan \u00f6ppen ans\u00f6kan\" \/><label class=\"form-check-label\" for=\"cf7_radio_4\"><span class=\"wpcf7-list-item-label\">Annan \u00f6ppen ans\u00f6kan<\/span><\/label><\/div><\/span><\/span><\/fieldset>\n\n\n<fieldset> <label> Jag \u00e4r intresserad av att arbeta *<\/label>\n    <span class=\"wpcf7-form-control-wrap\" data-name=\"Sijainti\"><span class=\"wpcf7-form-control wpcf7-checkbox wpcf7-validates-as-required\"><div class=\"form-check\"><input id=\"cf7_checkbox_1\" class=\"form-check-input\" type=\"checkbox\" name=\"Sijainti[]\" value=\"i Nyland\" \/><label class=\"form-check-label\" for=\"cf7_checkbox_1\"><span class=\"wpcf7-list-item-label\">i Nyland<\/span><\/label><\/div><div class=\"form-check\"><input id=\"cf7_checkbox_2\" class=\"form-check-input\" type=\"checkbox\" name=\"Sijainti[]\" value=\"i Birkaland\" \/><label class=\"form-check-label\" for=\"cf7_checkbox_2\"><span class=\"wpcf7-list-item-label\">i Birkaland<\/span><\/label><\/div><div class=\"form-check\"><input id=\"cf7_checkbox_3\" class=\"form-check-input\" type=\"checkbox\" name=\"Sijainti[]\" value=\"i Egentliga Finland\" \/><label class=\"form-check-label\" for=\"cf7_checkbox_3\"><span class=\"wpcf7-list-item-label\">i Egentliga Finland<\/span><\/label><\/div><div class=\"form-check\"><input id=\"cf7_checkbox_4\" class=\"form-check-input\" type=\"checkbox\" name=\"Sijainti[]\" value=\"p\u00e5 annan ort i Finland\" \/><label class=\"form-check-label\" for=\"cf7_checkbox_4\"><span class=\"wpcf7-list-item-label\">p\u00e5 annan ort i Finland<\/span><\/label><\/div><\/span><\/span> <\/fieldset>\n\n<fieldset><label>  Bil\n    <span class=\"wpcf7-form-control-wrap\" data-name=\"Auto\"><span class=\"wpcf7-form-control wpcf7-checkbox\"><span class=\"wpcf7-list-item first last\"><input type=\"checkbox\" name=\"Auto[]\" value=\"Jag har tillg\u00e5ng till bil\" \/><span class=\"wpcf7-list-item-label\">Jag har tillg\u00e5ng till bil<\/span><\/span><\/span><\/span> <\/label><\/fieldset>\n\n<fieldset><label> Under vilken tidsperiod skulle du kunna arbeta (\u00f6ver 3 m\u00e5nader ses som en f\u00f6rdel)\n    <span class=\"wpcf7-form-control-wrap\" data-name=\"Aikavali\"><input size=\"40\" maxlength=\"400\" class=\"wpcf7-form-control wpcf7-text form-control form-control-gray \" aria-invalid=\"false\" value=\"\" type=\"text\" name=\"Aikavali\" \/><\/span> <\/label><\/fieldset>\n\n<fieldset><label> Varf\u00f6r skulle du vara r\u00e4tt person f\u00f6r jobbet?*\n    <span class=\"wpcf7-form-control-wrap\" data-name=\"Miksihaet\"><textarea cols=\"40\" rows=\"10\" maxlength=\"2000\" class=\"wpcf7-form-control wpcf7-text form-control form-control-gray area wpcf7-validates-as-required\" aria-required=\"true\" aria-invalid=\"false\" name=\"Miksihaet\"><\/textarea><\/span> <\/label><\/fieldset>\n\n<fieldset><label>Vilken utbildning har du? Vilka jobb har du haft tidigare?*\n    <span class=\"wpcf7-form-control-wrap\" data-name=\"tausta\"><textarea cols=\"40\" rows=\"10\" maxlength=\"2000\" class=\"wpcf7-form-control wpcf7-text form-control form-control-gray area wpcf7-validates-as-required\" aria-required=\"true\" aria-invalid=\"false\" name=\"tausta\"><\/textarea><\/span> <\/label><\/fieldset>\n\n<fieldset> <label> Bifoga CV (frivilligt)\n    <span class=\"wpcf7-form-control-wrap\" data-name=\"CV\"><input size=\"40\" class=\"wpcf7-form-control wpcf7-file\" accept=\".pdf,.doc,.docx\" aria-invalid=\"false\" type=\"file\" name=\"CV\" \/><\/span> <\/label>\n    <span style=\"font-size: 0.85em; display: block; margin-top: 5px; opacity: 0.8;\">Maximal filstorlek 10 MB. CV kan vara i PDF- eller Word-format<\/span>\n<\/fieldset>\n\n<fieldset><label><span class=\"wpcf7-form-control-wrap\" data-name=\"markkinointilupa\"><span class=\"wpcf7-form-control wpcf7-acceptance\"><div class=\"form-check\"><input id=\"cf7_checkbox_5\" class=\"form-check-input\" type=\"checkbox\" name=\"markkinointilupa\" value=\"1\" aria-invalid=\"false\" \/><label class=\"form-check-label\" for=\"cf7_checkbox_5\"><span class=\"wpcf7-list-item-label\">* Jag godk\u00e4nner V\u00e4risets <a href=\"\/tietosuojaseloste\/\" target=\"_blank\">integritetspolicy<\/a><\/span><\/label><\/div><\/span><\/span><\/label><\/fieldset>\n\n\n\n\n<fieldset>\n    <button type=\"submit\" class=\"btn btn-fill\">Skicka ans\u00f6kan<\/button>\n<\/fieldset>\n\n<p class=\"disclaimer\">Observera att formul\u00e4ret inte kan skickas om du inte har godk\u00e4nt integritetspolicyn och fyllt i obligatoriska f\u00e4lt.<\/p><div class=\"wpcf7-response-output\" aria-hidden=\"true\"><\/div>\n<\/form>\n<\/div>\n                            <\/div>\r\n\r\n        <\/div>\r\n    <\/div>\r\n<\/section>","protected":false},"excerpt":{"rendered":"","protected":false},"author":3,"featured_media":0,"parent":282464,"menu_order":0,"comment_status":"closed","ping_status":"closed","template":"","meta":{"_acf_changed":false,"_page_background_color":"","_accent_color":"","footnotes":""},"class_list":["post-284301","page","type-page","status-publish","hentry"],"acf":[],"_links":{"self":[{"href":"https:\/\/variset.fi\/sv\/wp-json\/wp\/v2\/pages\/284301","targetHints":{"allow":["GET"]}}],"collection":[{"href":"https:\/\/variset.fi\/sv\/wp-json\/wp\/v2\/pages"}],"about":[{"href":"https:\/\/variset.fi\/sv\/wp-json\/wp\/v2\/types\/page"}],"author":[{"embeddable":true,"href":"https:\/\/variset.fi\/sv\/wp-json\/wp\/v2\/users\/3"}],"replies":[{"embeddable":true,"href":"https:\/\/variset.fi\/sv\/wp-json\/wp\/v2\/comments?post=284301"}],"version-history":[{"count":8,"href":"https:\/\/variset.fi\/sv\/wp-json\/wp\/v2\/pages\/284301\/revisions"}],"predecessor-version":[{"id":284607,"href":"https:\/\/variset.fi\/sv\/wp-json\/wp\/v2\/pages\/284301\/revisions\/284607"}],"up":[{"embeddable":true,"href":"https:\/\/variset.fi\/sv\/wp-json\/wp\/v2\/pages\/282464"}],"wp:attachment":[{"href":"https:\/\/variset.fi\/sv\/wp-json\/wp\/v2\/media?parent=284301"}],"curies":[{"name":"wp","href":"https:\/\/api.w.org\/{rel}","templated":true}]}}