{"id":284495,"date":"2026-02-24T15:55:47","date_gmt":"2026-02-24T13:55:47","guid":{"rendered":"https:\/\/variset.fi\/?page_id=284495"},"modified":"2026-02-25T14:11:31","modified_gmt":"2026-02-25T12:11:31","slug":"saljare","status":"publish","type":"page","link":"https:\/\/variset.fi\/sv\/foretag\/rekrytering\/saljare\/","title":{"rendered":"Kundanskaffare"},"content":{"rendered":"<section class=\"block block-hero has-media layout-full\">\r\n\r\n    <div class=\"hero-media\">\r\n                            <img decoding=\"async\" src=\"https:\/\/variset.fi\/wp-content\/uploads\/2026\/02\/variset_joona_myyjarekry-890x593.jpg\" alt=\"\" width=\"2560\" height=\"1707\" srcset=\"https:\/\/variset.fi\/wp-content\/uploads\/2026\/02\/variset_joona_myyjarekry-300x200.jpg 300w, https:\/\/variset.fi\/wp-content\/uploads\/2026\/02\/variset_joona_myyjarekry-1024x683.jpg 1024w, https:\/\/variset.fi\/wp-content\/uploads\/2026\/02\/variset_joona_myyjarekry-768x512.jpg 768w, https:\/\/variset.fi\/wp-content\/uploads\/2026\/02\/variset_joona_myyjarekry-1536x1024.jpg 1536w, https:\/\/variset.fi\/wp-content\/uploads\/2026\/02\/variset_joona_myyjarekry-2048x1365.jpg 2048w, https:\/\/variset.fi\/wp-content\/uploads\/2026\/02\/variset_joona_myyjarekry-1920x1280.jpg 1920w, https:\/\/variset.fi\/wp-content\/uploads\/2026\/02\/variset_joona_myyjarekry-890x593.jpg 890w, https:\/\/variset.fi\/wp-content\/uploads\/2026\/02\/variset_joona_myyjarekry-714x476.jpg 714w, https:\/\/variset.fi\/wp-content\/uploads\/2026\/02\/variset_joona_myyjarekry-590x393.jpg 590w, https:\/\/variset.fi\/wp-content\/uploads\/2026\/02\/variset_joona_myyjarekry-367x245.jpg 367w, https:\/\/variset.fi\/wp-content\/uploads\/2026\/02\/variset_joona_myyjarekry-600x400.jpg 600w\" data-no-lazy=\"1\" fetchpriority=\"high\">            <\/div>\r\n\r\n    <div class=\"hero-content\">\r\n        <div class=\"hero-container\">\r\n            <div class=\"content-container\">\r\n                                \n<div class=\"wp-block-wds-hero\">\n<h2 class=\"wp-block-heading\">Vi s\u00f6ker kundanskaffare \u00f6ver hela Finland<\/h2>\n\n\n\n<h1 class=\"wp-block-heading\">Bli kundanskaffare hos V\u00e4riset<\/h1>\n\n\n\n<div class=\"wp-block-buttons is-layout-flex wp-block-buttons-is-layout-flex\">\n<div class=\"wp-block-button\"><a class=\"wp-block-button__link wp-element-button\" href=\"#lomake\">Skicka ans\u00f6kan<\/a><\/div>\n<\/div>\n<\/div>\n            <\/div>\r\n        <\/div>\r\n    <\/div>\r\n<\/section><section class=\"block block-value-propositions\">\r\n    <div class=\"content-container\">\r\n        <div class=\"value-propositions-grid\">\r\n            <div class=\"scroll-container\">\r\n                <div class=\"content\">\r\n                    \n<div class=\"wp-block-wds-value-propositions\">\n<div class=\"wp-block-group value-propositions-grid is-layout-flex wp-block-group-is-layout-flex\"><div class=\"block block-icon-text\">\r\n            <div class=\"icon-container\">\r\n            <img width=\"36\" height=\"35\" src=\"https:\/\/variset.fi\/wp-content\/uploads\/2026\/02\/icon-star.svg\" class=\"attachment-thumbnail size-thumbnail\" alt=\"\" loading=\"lazy\" decoding=\"async\" \/>        <\/div>\r\n        <div class=\"content-container\">\r\n        \n<div class=\"wp-block-wds-icon-text\">\n<h3 class=\"wp-block-heading\">Trevliga arbetskamrater<\/h3>\n\n\n\n<p><\/p>\n<\/div>\n    <\/div>\r\n<\/div>\r\n\n\n<div class=\"block block-icon-text\">\r\n            <div class=\"icon-container\">\r\n            <img width=\"36\" height=\"35\" src=\"https:\/\/variset.fi\/wp-content\/uploads\/2026\/02\/icon-star.svg\" class=\"attachment-thumbnail size-thumbnail\" alt=\"\" loading=\"lazy\" decoding=\"async\" \/>        <\/div>\r\n        <div class=\"content-container\">\r\n        \n<div class=\"wp-block-wds-icon-text\">\n<h3 class=\"wp-block-heading\">Omfattande introduktion<\/h3>\n\n\n\n<p><\/p>\n<\/div>\n    <\/div>\r\n<\/div>\r\n\n\n<div class=\"block block-icon-text\">\r\n            <div class=\"icon-container\">\r\n            <img width=\"36\" height=\"35\" src=\"https:\/\/variset.fi\/wp-content\/uploads\/2026\/02\/icon-star.svg\" class=\"attachment-thumbnail size-thumbnail\" alt=\"\" loading=\"lazy\" decoding=\"async\" \/>        <\/div>\r\n        <div class=\"content-container\">\r\n        \n<div class=\"wp-block-wds-icon-text\">\n<h3 class=\"wp-block-heading\">R\u00e4ttvis l\u00f6n<\/h3>\n\n\n\n<p><\/p>\n<\/div>\n    <\/div>\r\n<\/div>\r\n\n\n<div class=\"block block-icon-text\">\r\n        <div class=\"content-container\">\r\n        \n<div class=\"wp-block-wds-icon-text\">\n<h3 class=\"wp-block-heading\"><\/h3>\n\n\n\n<p><\/p>\n<\/div>\n    <\/div>\r\n<\/div>\r\n<\/div>\n<\/div>\n                <\/div>\r\n                <div class=\"mobile-content\">\r\n                    \n<div class=\"wp-block-wds-value-propositions\">\n<div class=\"wp-block-group value-propositions-grid is-layout-flex wp-block-group-is-layout-flex\"><div class=\"block block-icon-text\">\r\n            <div class=\"icon-container\">\r\n            <img width=\"36\" height=\"35\" src=\"https:\/\/variset.fi\/wp-content\/uploads\/2026\/02\/icon-star.svg\" class=\"attachment-thumbnail size-thumbnail\" alt=\"\" loading=\"lazy\" decoding=\"async\" \/>        <\/div>\r\n        <div class=\"content-container\">\r\n        \n<div class=\"wp-block-wds-icon-text\">\n<h3 class=\"wp-block-heading\">Trevliga arbetskamrater<\/h3>\n\n\n\n<p><\/p>\n<\/div>\n    <\/div>\r\n<\/div>\r\n\n\n<div class=\"block block-icon-text\">\r\n            <div class=\"icon-container\">\r\n            <img width=\"36\" height=\"35\" src=\"https:\/\/variset.fi\/wp-content\/uploads\/2026\/02\/icon-star.svg\" class=\"attachment-thumbnail size-thumbnail\" alt=\"\" loading=\"lazy\" decoding=\"async\" \/>        <\/div>\r\n        <div class=\"content-container\">\r\n        \n<div class=\"wp-block-wds-icon-text\">\n<h3 class=\"wp-block-heading\">Omfattande introduktion<\/h3>\n\n\n\n<p><\/p>\n<\/div>\n    <\/div>\r\n<\/div>\r\n\n\n<div class=\"block block-icon-text\">\r\n            <div class=\"icon-container\">\r\n            <img width=\"36\" height=\"35\" src=\"https:\/\/variset.fi\/wp-content\/uploads\/2026\/02\/icon-star.svg\" class=\"attachment-thumbnail size-thumbnail\" alt=\"\" loading=\"lazy\" decoding=\"async\" \/>        <\/div>\r\n        <div class=\"content-container\">\r\n        \n<div class=\"wp-block-wds-icon-text\">\n<h3 class=\"wp-block-heading\">R\u00e4ttvis l\u00f6n<\/h3>\n\n\n\n<p><\/p>\n<\/div>\n    <\/div>\r\n<\/div>\r\n\n\n<div class=\"block block-icon-text\">\r\n        <div class=\"content-container\">\r\n        \n<div class=\"wp-block-wds-icon-text\">\n<h3 class=\"wp-block-heading\"><\/h3>\n\n\n\n<p><\/p>\n<\/div>\n    <\/div>\r\n<\/div>\r\n<\/div>\n<\/div>\n                <\/div>\r\n            <\/div>\r\n        <\/div>\r\n    <\/div>\r\n<\/section>\r\n\n<div style=\"height:30px\" aria-hidden=\"true\" class=\"wp-block-spacer\"><\/div>\n<section class=\"block block-basic\">\r\n    <div class=\"container\">\r\n        <div class=\"content-container reveal\">\r\n            \n<div class=\"wp-block-wds-basic\">\n<p class=\"has-medium-font-size\"><strong>Vill du ha ett jobb d\u00e4r din egen aktivitet direkt syns i l\u00f6nen?<\/strong><\/p>\n\n\n\n<p>Tycker du om att m\u00f6ta m\u00e4nniskor och vill du representera en tj\u00e4nst som du kan st\u00e5 bakom till hundra procent?<\/p>\n\n\n\n<p>Vi s\u00f6ker nu kundanskaffare till Nyland, Birkaland, Egentliga Finland, Mellersta Finland och P\u00e4ij\u00e4nne-Tavastland.<\/p>\n\n\n\n<p>Arbetet \u00e4r kundanskaffning d\u00f6rr till d\u00f6rr, p\u00e5 m\u00e4ssor och vid st\u00e5nd: du bokar m\u00f6ten f\u00f6r v\u00e5ra s\u00e4ljare om utomhusm\u00e5lning, bel\u00e4ggning av tegeltak och m\u00e5lning av pl\u00e5ttak.<\/p>\n\n\n\n<h3 class=\"wp-block-heading\">Vad arbetet inneb\u00e4r i praktiken:<\/h3>\n\n\n\n<ul class=\"wp-block-list\">\n<li>Du samtalar med villa\u00e4gare om deras hus utv\u00e4ndiga ytor<\/li>\n\n\n\n<li>Du bokar m\u00f6ten f\u00f6r v\u00e5ra s\u00e4ljare<\/li>\n\n\n\n<li>Du r\u00f6r dig tillsammans med din kollega p\u00e5 olika h\u00e5ll i verksamhetsomr\u00e5det<\/li>\n\n\n\n<li>Du bygger upp din kompetens som s\u00e4ljproffs<\/li>\n<\/ul>\n\n\n\n<h3 class=\"wp-block-heading\">Vad erbjuder vi dig?<\/h3>\n\n\n\n<ul class=\"wp-block-list\">\n<li>Flexibla arbetstider<\/li>\n\n\n\n<li>Kilometerers\u00e4ttning f\u00f6r anv\u00e4ndning av egen bil<\/li>\n\n\n\n<li>Bevisligen h\u00f6gkvalitativ service (Google 4,8 \u2b50)<\/li>\n\n\n\n<li>M\u00f6jlighet till utm\u00e4rkta inkomster (2000\u20ac\u20136000\u20ac\/m\u00e5n) \u2013 aktiva medarbetare n\u00e5r goda m\u00e5nadsinkomster<\/li>\n<\/ul>\n\n\n\n<h3 class=\"wp-block-heading\">F\u00f6r vem passar arbetet?<\/h3>\n\n\n\n<ul class=\"wp-block-list\">\n<li>Du \u00e4r inte r\u00e4dd f\u00f6r d\u00f6rrklockan<\/li>\n\n\n\n<li>Du orkar m\u00f6ta m\u00e4nniskor dagligen<\/li>\n\n\n\n<li>Du vill p\u00e5verka din egen l\u00f6n<\/li>\n\n\n\n<li>Du har B-k\u00f6rkort och m\u00f6jlighet att anv\u00e4nda egen bil<\/li>\n\n\n\n<li>Ett plus \u00e4r tidigare erfarenhet av m\u00e5lningsarbete eller s\u00e4ljarbete<\/li>\n<\/ul>\n\n\n\n<p>V\u00e4riset v\u00e4xer m\u00e5ttfullt och kontrollerat. V\u00e5rt m\u00e5l \u00e4r att vara Finlands b\u00e4sta m\u00e5lningsf\u00f6retag \u2013 inte st\u00f6rst, utan b\u00e4st. <\/p>\n\n\n\n<p>V\u00e5ra v\u00e4rderingar \u00e4r mod, ansvar och entusiasm. Vi h\u00e5ller v\u00e5ra l\u00f6ften till kunderna och till varandra. Det viktigaste i ditt arbete \u00e4r att h\u00e4lsa, jobba h\u00e5rt och st\u00f6tta kollegan.  <\/p>\n\n\n\n<p><strong>Skicka in din ans\u00f6kan s\u00e5 snart som m\u00f6jligt, eftersom tj\u00e4nsten tills\u00e4tts omedelbart n\u00e4r r\u00e4tt person hittas. Om du blev intresserad, skicka in din ans\u00f6kan eller ring<\/strong>:<\/p>\n\n\n\n<p>I Nyland Taneli<br\/>\ud83d\udce9 <a>taneli.jamsa@variset.fi<\/a><br\/>\ud83d\udcde 040 015 0564<\/p>\n\n\n\n<p>I Birkaland Eemil<br\/>\ud83d\udce9 <a>eemil.pitkala@variset.fi<\/a><br\/>\ud83d\udcde 050 524 2131<\/p>\n\n\n\n<p>I Egentliga Finland Perttu<br\/>\ud83d\udce9 <a>perttu.aunio@variset.fi<\/a><br\/>\ud83d\udcde 040 640 4032<\/p>\n\n\n\n<p>I \u00f6vriga Finland Verneri<br\/>\ud83d\udce9 <a>verneri.tuomikoski@variset.fi<\/a><br\/>\ud83d\udcde 040 026 1507<\/p>\n\n\n\n<p><strong><br\/><\/strong><\/p>\n\n\n\n<div class=\"wp-block-buttons is-layout-flex wp-block-buttons-is-layout-flex\">\n<div class=\"wp-block-button\"><a class=\"wp-block-button__link wp-element-button\" href=\"#lomake\">Skicka ans\u00f6kan<\/a><\/div>\n<\/div>\n<\/div>\n        <\/div>\r\n    <\/div>\r\n<\/section><section class=\"block block-content-tabs\">\r\n    <div class=\"container\">\r\n        <ul class=\"nav nav-tabs\" id=\"tabs-69da5d9c953ad\" role=\"tablist\">\r\n                            <li class=\"nav-item\" role=\"presentation\">\r\n                    <button\r\n                        class=\"nav-link active\"\r\n                        id=\"tabs-69da5d9c953ad-0-tab\"\r\n                        data-bs-toggle=\"tab\"\r\n                        data-bs-target=\"#tabs-69da5d9c953ad-0\"\r\n                        type=\"button\"\r\n                        role=\"tab\"\r\n                        aria-controls=\"tabs-69da5d9c953ad-0\"\r\n                        aria-selected=\"true\"\r\n                    >\r\n                        S\u00e5 h\u00e4r t\u00e4nker v\u00e5ra medarbetare                    <\/button>\r\n                <\/li>\r\n                            <li class=\"nav-item\" role=\"presentation\">\r\n                    <button\r\n                        class=\"nav-link\"\r\n                        id=\"tabs-69da5d9c953ad-1-tab\"\r\n                        data-bs-toggle=\"tab\"\r\n                        data-bs-target=\"#tabs-69da5d9c953ad-1\"\r\n                        type=\"button\"\r\n                        role=\"tab\"\r\n                        aria-controls=\"tabs-69da5d9c953ad-1\"\r\n                        aria-selected=\"false\"\r\n                    >\r\n                        L\u00e4s erfarenheter                    <\/button>\r\n                <\/li>\r\n                    <\/ul>\r\n        <div class=\"tab-content\" id=\"tabs-69da5d9c953ad-content\">\r\n                            <div\r\n                    class=\"tab-pane fade show active\"\r\n                    id=\"tabs-69da5d9c953ad-0\"\r\n                    role=\"tabpanel\"\r\n                    aria-labelledby=\"tabs-69da5d9c953ad-0-tab\"\r\n                >\r\n                    \n<div class=\"wp-block-wds-content-tab\"><section class=\"block block-video\">\r\n    <div class=\"container\">\r\n                    <div class=\"video-content\">\r\n                \n<div class=\"wp-block-wds-video\">\n<h3 class=\"wp-block-heading\">S\u00e5 h\u00e4r t\u00e4nker v\u00e5ra medarbetare om V\u00e4riset<\/h3>\n<\/div>\n            <\/div>\r\n        \r\n                    <div class=\"video-container\">\r\n                                    <div class=\"video-embed\">\r\n                        <div class=\"video-embed-wrapper\"><iframe src=\"https:\/\/www.youtube.com\/embed\/CVZT7XPLbiI?playlist=CVZT7XPLbiI&#038;controls=1&#038;showinfo=0&#038;rel=0&#038;modestbranding=1\" allowfullscreen><\/iframe><\/div>\r\n                    <\/div>\r\n                            <\/div>\r\n            <\/div>\r\n<\/section>\r\n<\/div>\n                <\/div>\r\n                            <div\r\n                    class=\"tab-pane fade\"\r\n                    id=\"tabs-69da5d9c953ad-1\"\r\n                    role=\"tabpanel\"\r\n                    aria-labelledby=\"tabs-69da5d9c953ad-1-tab\"\r\n                >\r\n                                    <\/div>\r\n                    <\/div>\r\n    <\/div>\r\n<\/section>\r\n<section class=\"block block-text-form has-background-image\">\r\n    <div class=\"content-container\">\r\n                    <div class=\"background-container\"><img width=\"1024\" height=\"1001\" src=\"https:\/\/variset.fi\/wp-content\/uploads\/2026\/01\/joonat-1024x1001.png\" class=\"attachment-large size-large\" alt=\"\" loading=\"lazy\" decoding=\"async\" srcset=\"https:\/\/variset.fi\/wp-content\/uploads\/2026\/01\/joonat-1024x1001.png 1024w, https:\/\/variset.fi\/wp-content\/uploads\/2026\/01\/joonat-300x293.png 300w, https:\/\/variset.fi\/wp-content\/uploads\/2026\/01\/joonat-768x751.png 768w, https:\/\/variset.fi\/wp-content\/uploads\/2026\/01\/joonat-606x593.png 606w, https:\/\/variset.fi\/wp-content\/uploads\/2026\/01\/joonat-543x531.png 543w, https:\/\/variset.fi\/wp-content\/uploads\/2026\/01\/joonat-590x577.png 590w, https:\/\/variset.fi\/wp-content\/uploads\/2026\/01\/joonat.png 1456w\" sizes=\"auto, (max-width: 1024px) 100vw, 1024px\" \/><\/div>\r\n        \r\n        <div class=\"content\">\r\n\r\n            <div class=\"text-content reveal\">\r\n                \n<div id=\"lomake\" class=\"wp-block-wds-text-form\">\n<h2 class=\"wp-block-heading\">S\u00f6k som kundv\u00e4rvare, <br\/>fyll i ans\u00f6kan!<\/h2>\n\n\n\n<p class=\"has-medium-font-size\">L\u00e4mna din ans\u00f6kan nu, s\u00e5 h\u00f6r vi av oss till dig.<\/p>\n<\/div>\n            <\/div>\r\n\r\n            <div class=\"form-content reveal\">\r\n                                    \n<div class=\"wpcf7 no-js\" id=\"wpcf7-f284314-o1\" lang=\"sv-SE\" dir=\"ltr\" data-wpcf7-id=\"284314\">\n<div class=\"screen-reader-response\"><p role=\"status\" aria-live=\"polite\" aria-atomic=\"true\"><\/p> <ul><\/ul><\/div>\n<form action=\"\/sv\/wp-json\/wp\/v2\/pages\/284495#wpcf7-f284314-o1\" method=\"post\" class=\"wpcf7-form init\" aria-label=\"Kontaktformul\u00e4r\" enctype=\"multipart\/form-data\" novalidate=\"novalidate\" data-status=\"init\">\n<fieldset class=\"hidden-fields-container\"><input type=\"hidden\" name=\"_wpcf7\" value=\"284314\" \/><input type=\"hidden\" name=\"_wpcf7_version\" value=\"6.1.5\" \/><input type=\"hidden\" name=\"_wpcf7_locale\" value=\"sv_SE\" \/><input type=\"hidden\" name=\"_wpcf7_unit_tag\" value=\"wpcf7-f284314-o1\" \/><input type=\"hidden\" name=\"_wpcf7_container_post\" value=\"0\" \/><input type=\"hidden\" name=\"_wpcf7_posted_data_hash\" value=\"\" \/>\n<\/fieldset>\n<div class=\"wpcf7-turnstile cf-turnstile\" data-sitekey=\"0x4AAAAAACes2WIGZ21uqEaf\" data-response-field-name=\"_wpcf7_turnstile_response\"><\/div>\n\n<fieldset><label>Namn *\n    <span class=\"wpcf7-form-control-wrap\" data-name=\"fullname\"><input size=\"40\" maxlength=\"400\" class=\"wpcf7-form-control wpcf7-text form-control form-control-gray  wpcf7-validates-as-required\" autocomplete=\"name\" aria-required=\"true\" aria-invalid=\"false\" value=\"\" type=\"text\" name=\"fullname\" \/><\/span> <\/label><\/fieldset>\n\n<fieldset class=\"narrow\"><label>E-post *\n    <span class=\"wpcf7-form-control-wrap\" data-name=\"email\"><input size=\"40\" maxlength=\"400\" class=\"wpcf7-form-control wpcf7-email wpcf7-validates-as-required wpcf7-text form-control form-control-gray  wpcf7-validates-as-email\" autocomplete=\"email\" aria-required=\"true\" aria-invalid=\"false\" value=\"\" type=\"email\" name=\"email\" \/><\/span> <\/label><\/fieldset>\n\n<fieldset class=\"narrow\"><label>Telefon *\n    <span class=\"wpcf7-form-control-wrap\" data-name=\"phone\"><input size=\"40\" maxlength=\"400\" class=\"wpcf7-form-control wpcf7-text form-control form-control-gray  wpcf7-validates-as-required\" autocomplete=\"tel\" aria-required=\"true\" aria-invalid=\"false\" value=\"\" type=\"text\" name=\"phone\" \/><\/span> <\/label><\/fieldset>\n\n<fieldset><label>Ans\u00f6kan g\u00e4ller *<\/label>\n    <span class=\"wpcf7-form-control-wrap\" data-name=\"hakukohde\"><span class=\"wpcf7-form-control wpcf7-radio\"><div class=\"form-check\"><input id=\"cf7_radio_1\" class=\"form-check-input\" type=\"radio\" name=\"hakukohde\" value=\"S\u00e4ljare\" \/><label class=\"form-check-label\" for=\"cf7_radio_1\"><span class=\"wpcf7-list-item-label\">S\u00e4ljare<\/span><\/label><\/div><div class=\"form-check\"><input id=\"cf7_radio_2\" class=\"form-check-input\" type=\"radio\" name=\"hakukohde\" value=\"Kundanskaffare\" \/><label class=\"form-check-label\" for=\"cf7_radio_2\"><span class=\"wpcf7-list-item-label\">Kundanskaffare<\/span><\/label><\/div><div class=\"form-check\"><input id=\"cf7_radio_3\" class=\"form-check-input\" type=\"radio\" name=\"hakukohde\" value=\"M\u00e5lare\" \/><label class=\"form-check-label\" for=\"cf7_radio_3\"><span class=\"wpcf7-list-item-label\">M\u00e5lare<\/span><\/label><\/div><div class=\"form-check\"><input id=\"cf7_radio_4\" class=\"form-check-input\" type=\"radio\" name=\"hakukohde\" value=\"Annan \u00f6ppen ans\u00f6kan\" \/><label class=\"form-check-label\" for=\"cf7_radio_4\"><span class=\"wpcf7-list-item-label\">Annan \u00f6ppen ans\u00f6kan<\/span><\/label><\/div><\/span><\/span><\/fieldset>\n\n\n<fieldset> <label> Jag \u00e4r intresserad av att arbeta *<\/label>\n    <span class=\"wpcf7-form-control-wrap\" data-name=\"Sijainti\"><span class=\"wpcf7-form-control wpcf7-checkbox wpcf7-validates-as-required\"><div class=\"form-check\"><input id=\"cf7_checkbox_1\" class=\"form-check-input\" type=\"checkbox\" name=\"Sijainti[]\" value=\"i Nyland\" \/><label class=\"form-check-label\" for=\"cf7_checkbox_1\"><span class=\"wpcf7-list-item-label\">i Nyland<\/span><\/label><\/div><div class=\"form-check\"><input id=\"cf7_checkbox_2\" class=\"form-check-input\" type=\"checkbox\" name=\"Sijainti[]\" value=\"i Birkaland\" \/><label class=\"form-check-label\" for=\"cf7_checkbox_2\"><span class=\"wpcf7-list-item-label\">i Birkaland<\/span><\/label><\/div><div class=\"form-check\"><input id=\"cf7_checkbox_3\" class=\"form-check-input\" type=\"checkbox\" name=\"Sijainti[]\" value=\"i Egentliga Finland\" \/><label class=\"form-check-label\" for=\"cf7_checkbox_3\"><span class=\"wpcf7-list-item-label\">i Egentliga Finland<\/span><\/label><\/div><div class=\"form-check\"><input id=\"cf7_checkbox_4\" class=\"form-check-input\" type=\"checkbox\" name=\"Sijainti[]\" value=\"p\u00e5 annan ort i Finland\" \/><label class=\"form-check-label\" for=\"cf7_checkbox_4\"><span class=\"wpcf7-list-item-label\">p\u00e5 annan ort i Finland<\/span><\/label><\/div><\/span><\/span> <\/fieldset>\n\n<fieldset><label>  Bil\n    <span class=\"wpcf7-form-control-wrap\" data-name=\"Auto\"><span class=\"wpcf7-form-control wpcf7-checkbox\"><span class=\"wpcf7-list-item first last\"><input type=\"checkbox\" name=\"Auto[]\" value=\"Jag har tillg\u00e5ng till bil\" \/><span class=\"wpcf7-list-item-label\">Jag har tillg\u00e5ng till bil<\/span><\/span><\/span><\/span> <\/label><\/fieldset>\n\n<fieldset><label> Under vilken tidsperiod skulle du kunna arbeta (\u00f6ver 3 m\u00e5nader ses som en f\u00f6rdel)\n    <span class=\"wpcf7-form-control-wrap\" data-name=\"Aikavali\"><input size=\"40\" maxlength=\"400\" class=\"wpcf7-form-control wpcf7-text form-control form-control-gray \" aria-invalid=\"false\" value=\"\" type=\"text\" name=\"Aikavali\" \/><\/span> <\/label><\/fieldset>\n\n<fieldset><label> Varf\u00f6r skulle du vara r\u00e4tt person f\u00f6r jobbet?*\n    <span class=\"wpcf7-form-control-wrap\" data-name=\"Miksihaet\"><textarea cols=\"40\" rows=\"10\" maxlength=\"2000\" class=\"wpcf7-form-control wpcf7-text form-control form-control-gray area wpcf7-validates-as-required\" aria-required=\"true\" aria-invalid=\"false\" name=\"Miksihaet\"><\/textarea><\/span> <\/label><\/fieldset>\n\n<fieldset><label>Vilken utbildning har du? Vilka jobb har du haft tidigare?*\n    <span class=\"wpcf7-form-control-wrap\" data-name=\"tausta\"><textarea cols=\"40\" rows=\"10\" maxlength=\"2000\" class=\"wpcf7-form-control wpcf7-text form-control form-control-gray area wpcf7-validates-as-required\" aria-required=\"true\" aria-invalid=\"false\" name=\"tausta\"><\/textarea><\/span> <\/label><\/fieldset>\n\n<fieldset> <label> Bifoga CV (frivilligt)\n    <span class=\"wpcf7-form-control-wrap\" data-name=\"CV\"><input size=\"40\" class=\"wpcf7-form-control wpcf7-file\" accept=\".pdf,.doc,.docx\" aria-invalid=\"false\" type=\"file\" name=\"CV\" \/><\/span> <\/label>\n    <span style=\"font-size: 0.85em; display: block; margin-top: 5px; opacity: 0.8;\">Maximal filstorlek 10 MB. CV kan vara i PDF- eller Word-format<\/span>\n<\/fieldset>\n\n<fieldset><label><span class=\"wpcf7-form-control-wrap\" data-name=\"markkinointilupa\"><span class=\"wpcf7-form-control wpcf7-acceptance\"><div class=\"form-check\"><input id=\"cf7_checkbox_5\" class=\"form-check-input\" type=\"checkbox\" name=\"markkinointilupa\" value=\"1\" aria-invalid=\"false\" \/><label class=\"form-check-label\" for=\"cf7_checkbox_5\"><span class=\"wpcf7-list-item-label\">* Jag godk\u00e4nner V\u00e4risets <a href=\"\/tietosuojaseloste\/\" target=\"_blank\">integritetspolicy<\/a><\/span><\/label><\/div><\/span><\/span><\/label><\/fieldset>\n\n\n\n\n<fieldset>\n    <button type=\"submit\" class=\"btn btn-fill\">Skicka ans\u00f6kan<\/button>\n<\/fieldset>\n\n<p class=\"disclaimer\">Observera att formul\u00e4ret inte kan skickas om du inte har godk\u00e4nt integritetspolicyn och fyllt i obligatoriska f\u00e4lt.<\/p><div class=\"wpcf7-response-output\" aria-hidden=\"true\"><\/div>\n<\/form>\n<\/div>\n                            <\/div>\r\n\r\n        <\/div>\r\n    <\/div>\r\n<\/section>","protected":false},"excerpt":{"rendered":"","protected":false},"author":6,"featured_media":0,"parent":282464,"menu_order":0,"comment_status":"closed","ping_status":"closed","template":"","meta":{"_acf_changed":false,"_page_background_color":"","_accent_color":"","footnotes":""},"class_list":["post-284495","page","type-page","status-publish","hentry"],"acf":[],"_links":{"self":[{"href":"https:\/\/variset.fi\/sv\/wp-json\/wp\/v2\/pages\/284495","targetHints":{"allow":["GET"]}}],"collection":[{"href":"https:\/\/variset.fi\/sv\/wp-json\/wp\/v2\/pages"}],"about":[{"href":"https:\/\/variset.fi\/sv\/wp-json\/wp\/v2\/types\/page"}],"author":[{"embeddable":true,"href":"https:\/\/variset.fi\/sv\/wp-json\/wp\/v2\/users\/6"}],"replies":[{"embeddable":true,"href":"https:\/\/variset.fi\/sv\/wp-json\/wp\/v2\/comments?post=284495"}],"version-history":[{"count":9,"href":"https:\/\/variset.fi\/sv\/wp-json\/wp\/v2\/pages\/284495\/revisions"}],"predecessor-version":[{"id":284725,"href":"https:\/\/variset.fi\/sv\/wp-json\/wp\/v2\/pages\/284495\/revisions\/284725"}],"up":[{"embeddable":true,"href":"https:\/\/variset.fi\/sv\/wp-json\/wp\/v2\/pages\/282464"}],"wp:attachment":[{"href":"https:\/\/variset.fi\/sv\/wp-json\/wp\/v2\/media?parent=284495"}],"curies":[{"name":"wp","href":"https:\/\/api.w.org\/{rel}","templated":true}]}}