{"id":289528,"date":"2026-03-19T08:35:50","date_gmt":"2026-03-19T06:35:50","guid":{"rendered":"https:\/\/variset.fi\/foretag\/betala-jobbet-enkelt-med-ops-finansiering-1-manad-rantefri-och-kostnadsfri-betalningstid\/"},"modified":"2026-03-19T08:38:53","modified_gmt":"2026-03-19T06:38:53","slug":"betala-jobbet-enkelt-med-ops-finansiering-1-manad-rantefri-och-kostnadsfri-betalningstid","status":"publish","type":"page","link":"https:\/\/variset.fi\/sv\/betala-jobbet-enkelt-med-ops-finansiering-1-manad-rantefri-och-kostnadsfri-betalningstid\/","title":{"rendered":"Betala jobbet enkelt med OP:s finansiering \u2013 1 m\u00e5nad r\u00e4ntefri och kostnadsfri betalningstid!"},"content":{"rendered":"<section class=\"block block-hero has-media layout-full\">\r\n\r\n    <div class=\"hero-media\">\r\n                            <img decoding=\"async\" src=\"https:\/\/variset.fi\/wp-content\/uploads\/2026\/02\/Variset_rahoitus-1044x593.jpeg\" alt=\"\" width=\"2560\" height=\"1454\" srcset=\"https:\/\/variset.fi\/wp-content\/uploads\/2026\/02\/Variset_rahoitus-300x170.jpeg 300w, https:\/\/variset.fi\/wp-content\/uploads\/2026\/02\/Variset_rahoitus-1024x582.jpeg 1024w, https:\/\/variset.fi\/wp-content\/uploads\/2026\/02\/Variset_rahoitus-768x436.jpeg 768w, https:\/\/variset.fi\/wp-content\/uploads\/2026\/02\/Variset_rahoitus-1536x872.jpeg 1536w, https:\/\/variset.fi\/wp-content\/uploads\/2026\/02\/Variset_rahoitus-2048x1163.jpeg 2048w, https:\/\/variset.fi\/wp-content\/uploads\/2026\/02\/Variset_rahoitus-1920x1091.jpeg 1920w, https:\/\/variset.fi\/wp-content\/uploads\/2026\/02\/Variset_rahoitus-1044x593.jpeg 1044w, https:\/\/variset.fi\/wp-content\/uploads\/2026\/02\/Variset_rahoitus-714x406.jpeg 714w, https:\/\/variset.fi\/wp-content\/uploads\/2026\/02\/Variset_rahoitus-590x335.jpeg 590w, https:\/\/variset.fi\/wp-content\/uploads\/2026\/02\/Variset_rahoitus-846x476.jpeg 846w, https:\/\/variset.fi\/wp-content\/uploads\/2026\/02\/Variset_rahoitus-600x341.jpeg 600w\" data-no-lazy=\"1\" fetchpriority=\"high\">            <\/div>\r\n\r\n    <div class=\"hero-content\">\r\n        <div class=\"hero-container\">\r\n            <div class=\"content-container\">\r\n                                \n<div class=\"wp-block-wds-hero\">\n<h1 class=\"wp-block-heading\">Betala jobbet enkelt med OP:s finansiering <\/h1>\n\n\n\n<h2 class=\"wp-block-heading\">1 m\u00e5nad r\u00e4ntefri och kostnadsfri betalningstid<\/h2>\n<\/div>\n            <\/div>\r\n        <\/div>\r\n    <\/div>\r\n<\/section><section class=\"block block-basic\">\r\n    <div class=\"container\">\r\n        <div class=\"content-container reveal\">\r\n            \n<div class=\"wp-block-wds-basic\">\n<p>Du kan enkelt ans\u00f6ka om finansiering online f\u00f6r den produkt eller tj\u00e4nst du vill ha, n\u00e4r som helst, ensam eller tillsammans.<br\/>Du kan betala tillbaka l\u00e5net i f\u00f6rtid, finansieringen har fast r\u00e4nta och kr\u00e4ver varken s\u00e4kerheter eller borgensm\u00e4n. Du kan ans\u00f6ka om finansiering redan innan du kontaktar s\u00e4ljaren eller tj\u00e4nsteleverant\u00f6ren, och att fylla i ans\u00f6kan inneb\u00e4r inte att du m\u00e5ste k\u00f6pa. <\/p>\n\n\n\n<h2 class=\"wp-block-heading\">Enkelt och smidigt:<\/h2>\n\n\n\n<ul class=\"wp-block-list\">\n<li>Du kan betala hela l\u00e5net p\u00e5 en g\u00e5ng utan extra kostnader.<\/li>\n\n\n\n<li>Finansiering 2 500 \u2013 50 000 \u20ac.<\/li>\n\n\n\n<li>Flexibel \u00e5terbetalningstid.<\/li>\n\n\n\n<li>F\u00f6rm\u00e5nlig r\u00e4nta OP-prime + 6,95 %*.<\/li>\n\n\n\n<li>Faktureringsavgift 7 \u20ac\/m\u00e5n.<\/li>\n\n\n\n<li>1 m\u00e5nad r\u00e4ntefri och kostnadsfri betalningstid.<\/li>\n<\/ul>\n<\/div>\n        <\/div>\r\n    <\/div>\r\n<\/section>\n<!-- PARENT-SIVUN JAVASCRIPT IFRAMEN KORKEUTTA VARTEN -->\n\n<script>\n\/\/ List of allowed iframe origins\/domains for security validation\nconst allowedIframeOrigins = [\n \t'https:\/\/kullas.net'\n];\n\nwindow.addEventListener('message', function(event) {\n \/\/ Validate message origin\n if (!allowedIframeOrigins.includes(event.origin)) {\n   console.warn('Blocked message from unauthorized origin:', event.origin);\n   return;\n }\n\n const iframes = document.querySelectorAll('iframe');\n\n \/\/ Resize only the iframe that sent the message\n iframes.forEach((iframe) => {\n   if (iframe.src.startsWith(event.data.iframeUrl)) {\n     iframe.style.height = event.data.iframeHeight + 'px';\n   }\n });\n}, false);\n\n<\/script>\n<!-- \/PARENT-SIVUN JAVASCRIPT IFRAMEN KORKEUTTA VARTEN -->\n\n<iframe id=\"kullasnetlaskuri\" width=\"100%\" frameborder=\"0\" src=\"https:\/\/kullas.net\/Laskuri_Variset\/index.html\"><\/iframe>\n","protected":false},"excerpt":{"rendered":"","protected":false},"author":3,"featured_media":0,"parent":0,"menu_order":0,"comment_status":"closed","ping_status":"closed","template":"","meta":{"_acf_changed":false,"_page_background_color":"","_accent_color":"","footnotes":""},"class_list":["post-289528","page","type-page","status-publish","hentry"],"acf":[],"_links":{"self":[{"href":"https:\/\/variset.fi\/sv\/wp-json\/wp\/v2\/pages\/289528","targetHints":{"allow":["GET"]}}],"collection":[{"href":"https:\/\/variset.fi\/sv\/wp-json\/wp\/v2\/pages"}],"about":[{"href":"https:\/\/variset.fi\/sv\/wp-json\/wp\/v2\/types\/page"}],"author":[{"embeddable":true,"href":"https:\/\/variset.fi\/sv\/wp-json\/wp\/v2\/users\/3"}],"replies":[{"embeddable":true,"href":"https:\/\/variset.fi\/sv\/wp-json\/wp\/v2\/comments?post=289528"}],"version-history":[{"count":10,"href":"https:\/\/variset.fi\/sv\/wp-json\/wp\/v2\/pages\/289528\/revisions"}],"predecessor-version":[{"id":289551,"href":"https:\/\/variset.fi\/sv\/wp-json\/wp\/v2\/pages\/289528\/revisions\/289551"}],"wp:attachment":[{"href":"https:\/\/variset.fi\/sv\/wp-json\/wp\/v2\/media?parent=289528"}],"curies":[{"name":"wp","href":"https:\/\/api.w.org\/{rel}","templated":true}]}}