{"id":282967,"date":"2026-02-05T17:10:13","date_gmt":"2026-02-05T15:10:13","guid":{"rendered":"https:\/\/variset.fi\/tuote\/testprodukt"},"modified":"2026-02-16T21:55:15","modified_gmt":"2026-02-16T19:55:15","slug":"testprodukt","status":"publish","type":"product","link":"https:\/\/variset.fi\/sv\/tuote\/testprodukt\/","title":{"rendered":"\u00c5rlig takservice"},"content":{"rendered":"<p>\u00c5rlig takservice finns tillg\u00e4nglig f\u00f6r alla taktyper och inkluderar:<\/p>\n<ul>\n<li><span style=\"font-weight: 400;\">Reng\u00f6ring av tak med l\u00f6vbl\u00e5s<\/span><\/li>\n<li><span style=\"font-weight: 400;\">F\u00f6r tegeltak: Byte av trasiga takpannor till nya (ers\u00e4ttningspannor fr\u00e5n best\u00e4llaren)<\/span><\/li>\n<li><span style=\"font-weight: 400;\">T\u00f6mning av takr\u00e4nnor<\/span><\/li>\n<li><span style=\"font-weight: 400;\">Slutst\u00e4dning och bortforsling av avfall<\/span><\/li>\n<li><span style=\"font-weight: 400;\">Uppr\u00e4ttande och leverans av servicerapport till kunden<\/span><\/li>\n<\/ul>\n<p><span style=\"font-weight: 400;\">F\u00f6r byte av kapbara plattor vid gering tillkommer ett till\u00e4gg p\u00e5 10 \u20ac \/st.<\/span><\/p>\n","protected":false},"excerpt":{"rendered":"<p>Kort beskrivning<\/p>\n","protected":false},"featured_media":283498,"comment_status":"closed","ping_status":"closed","template":"","meta":{"_acf_changed":false,"_page_background_color":"","_accent_color":""},"product_brand":[],"product_cat":[537],"product_tag":[],"class_list":{"0":"post-282967","1":"product","2":"type-product","3":"status-publish","4":"has-post-thumbnail","6":"product_cat-taktjanster","8":"first","9":"instock","10":"sale","11":"sold-individually","12":"taxable","13":"shipping-taxable","14":"purchasable","15":"product-type-simple"},"acf":[],"_links":{"self":[{"href":"https:\/\/variset.fi\/sv\/wp-json\/wp\/v2\/product\/282967","targetHints":{"allow":["GET"]}}],"collection":[{"href":"https:\/\/variset.fi\/sv\/wp-json\/wp\/v2\/product"}],"about":[{"href":"https:\/\/variset.fi\/sv\/wp-json\/wp\/v2\/types\/product"}],"replies":[{"embeddable":true,"href":"https:\/\/variset.fi\/sv\/wp-json\/wp\/v2\/comments?post=282967"}],"wp:featuredmedia":[{"embeddable":true,"href":"https:\/\/variset.fi\/sv\/wp-json\/wp\/v2\/media\/283498"}],"wp:attachment":[{"href":"https:\/\/variset.fi\/sv\/wp-json\/wp\/v2\/media?parent=282967"}],"wp:term":[{"taxonomy":"product_brand","embeddable":true,"href":"https:\/\/variset.fi\/sv\/wp-json\/wp\/v2\/product_brand?post=282967"},{"taxonomy":"product_cat","embeddable":true,"href":"https:\/\/variset.fi\/sv\/wp-json\/wp\/v2\/product_cat?post=282967"},{"taxonomy":"product_tag","embeddable":true,"href":"https:\/\/variset.fi\/sv\/wp-json\/wp\/v2\/product_tag?post=282967"}],"curies":[{"name":"wp","href":"https:\/\/api.w.org\/{rel}","templated":true}]}}