{"id":286431,"date":"2026-03-06T09:46:40","date_gmt":"2026-03-06T07:46:40","guid":{"rendered":"https:\/\/variset.fi\/tuote\/tomning-av-takrannor-for-smahus\/"},"modified":"2026-03-06T09:49:20","modified_gmt":"2026-03-06T07:49:20","slug":"tomning-av-takrannor-for-smahus","status":"publish","type":"product","link":"https:\/\/variset.fi\/sv\/tuote\/tomning-av-takrannor-for-smahus\/","title":{"rendered":"T\u00f6mning av takr\u00e4nnor f\u00f6r sm\u00e5hus"},"content":{"rendered":"<p><span style=\"font-weight: 400;\">T\u00f6mning av takr\u00e4nnor kan best\u00e4llas f\u00f6r alla taktyper. T\u00f6mningen utf\u00f6rs enligt arbetsbeskrivningen nedan <\/span><\/p>\n<ul>\n<li><span style=\"font-weight: 400;\">T\u00f6mning av takr\u00e4nnor med r\u00e4nnsugar eller som selesarbete<\/span><\/li>\n<li><span style=\"font-weight: 400;\">Reng\u00f6ring av takr\u00e4nnor<\/span><\/li>\n<li><span style=\"font-weight: 400;\">Slutst\u00e4dning och bortforsling av avfall<\/span><\/li>\n<\/ul>\n","protected":false},"excerpt":{"rendered":"<p>T\u00f6mning av takr\u00e4nnor kan best\u00e4llas f\u00f6r alla taktyper. T\u00f6mningen utf\u00f6rs enligt arbetsbeskrivningen nedan T\u00f6mning&#8230;<\/p>\n","protected":false},"featured_media":286432,"comment_status":"closed","ping_status":"closed","template":"","meta":{"_acf_changed":false,"_page_background_color":"","_accent_color":""},"product_brand":[],"product_cat":[537],"product_tag":[],"class_list":{"0":"post-286431","1":"product","2":"type-product","3":"status-publish","4":"has-post-thumbnail","6":"product_cat-taktjanster","8":"first","9":"instock","10":"sold-individually","11":"taxable","12":"shipping-taxable","13":"purchasable","14":"product-type-variable"},"acf":[],"_links":{"self":[{"href":"https:\/\/variset.fi\/sv\/wp-json\/wp\/v2\/product\/286431","targetHints":{"allow":["GET"]}}],"collection":[{"href":"https:\/\/variset.fi\/sv\/wp-json\/wp\/v2\/product"}],"about":[{"href":"https:\/\/variset.fi\/sv\/wp-json\/wp\/v2\/types\/product"}],"replies":[{"embeddable":true,"href":"https:\/\/variset.fi\/sv\/wp-json\/wp\/v2\/comments?post=286431"}],"wp:featuredmedia":[{"embeddable":true,"href":"https:\/\/variset.fi\/sv\/wp-json\/wp\/v2\/media\/286432"}],"wp:attachment":[{"href":"https:\/\/variset.fi\/sv\/wp-json\/wp\/v2\/media?parent=286431"}],"wp:term":[{"taxonomy":"product_brand","embeddable":true,"href":"https:\/\/variset.fi\/sv\/wp-json\/wp\/v2\/product_brand?post=286431"},{"taxonomy":"product_cat","embeddable":true,"href":"https:\/\/variset.fi\/sv\/wp-json\/wp\/v2\/product_cat?post=286431"},{"taxonomy":"product_tag","embeddable":true,"href":"https:\/\/variset.fi\/sv\/wp-json\/wp\/v2\/product_tag?post=286431"}],"curies":[{"name":"wp","href":"https:\/\/api.w.org\/{rel}","templated":true}]}}