{"id":286468,"date":"2026-03-06T09:56:53","date_gmt":"2026-03-06T07:56:53","guid":{"rendered":"https:\/\/variset.fi\/tuote\/maleritillbehor-for-en-vecka\/"},"modified":"2026-03-17T12:56:21","modified_gmt":"2026-03-17T10:56:21","slug":"maleritillbehor-for-en-vecka","status":"publish","type":"product","link":"https:\/\/variset.fi\/sv\/tuote\/maleritillbehor-for-en-vecka\/","title":{"rendered":"M\u00e5leritillbeh\u00f6r f\u00f6r en vecka"},"content":{"rendered":"<p><span style=\"font-weight: 400;\">M\u00e5lningsvagn f\u00f6r en vecka (eller tv\u00e5) \u00e4r det perfekta valet f\u00f6r dig som m\u00e5lar sj\u00e4lv.<\/span><\/p>\n<h4>Best\u00e4llning \u00e4r enkelt<\/h4>\n<ol>\n<li><span style=\"font-weight: 400;\">Boka vagn f\u00f6r \u00f6nskad tidsperiod. Du ser tillg\u00e4ngliga tider p\u00e5 n\u00e4sta sida.  <\/span><\/li>\n<li><span style=\"font-weight: 400;\">Vi levererar m\u00e5lningsvagnen med omfattande tillbeh\u00f6r till \u00f6nskad plats<\/span><\/li>\n<li><span style=\"font-weight: 400;\">Vi h\u00e4mtar vagnen och kontrollerar att utrustningen \u00e4r i gott skick<br \/>\n<\/span><\/li>\n<\/ol>\n<p>ps. utrustningen levereras alltid p\u00e5 m\u00e5ndag eftermiddag och h\u00e4mtas f\u00f6ljande m\u00e5ndag f\u00f6rmiddag. <\/p>\n<h4>Priss\u00e4ttning<b>:<\/b><\/h4>\n<ul>\n<li><span style=\"font-weight: 400;\">Vecka 499 \u20ac (inkl. leverans upp till 50 km)<\/span><\/li>\n<li><span style=\"font-weight: 400;\">F\u00f6ljande veckor 299\u20ac (inkl. leverans upp till 50 km)<\/span><\/li>\n<\/ul>\n<p>I webbutiken kan du boka vagnen f\u00f6r en vecka i taget. Ange i best\u00e4llningens till\u00e4ggsinformation om du vill boka f\u00f6r en l\u00e4ngre period. <\/p>\n<p><strong>M\u00e5lark\u00e4rrans tillbeh\u00f6rsinneh\u00e5ll<\/strong><\/p>\n<ul>\n<li>St\u00e4llningstillbeh\u00f6r\n<ul>\n<li>6m h\u00f6ga kvalitetsst\u00e4llningar i aluminium, flyttbara<\/li>\n<li>Arbetsbock<\/li>\n<\/ul>\n<\/li>\n<\/ul>\n<ul>\n<li>Tv\u00e4tt- och grundarbetsmaterial\n<ul>\n<li>Borstar<\/li>\n<li>Vattenslang<\/li>\n<li>Pumpflaska f\u00f6r m\u00f6geltv\u00e4ttmedel<\/li>\n<li>2x m\u00e5larspatlar<\/li>\n<\/ul>\n<\/li>\n<\/ul>\n<ul>\n<li>Skyddsmaterial\n<ul>\n<li>Skyddsplastfolie p\u00e5 rulle<\/li>\n<li>2x sockelplast<\/li>\n<li>2x maskeringstejp<\/li>\n<li>Skyddsmatta<\/li>\n<li>1x sops\u00e4ckar p\u00e5 rulle<\/li>\n<\/ul>\n<\/li>\n<\/ul>\n<ul>\n<li>M\u00e5lningsmaterial\n<ul>\n<li>4x kvalitetspensel 120mm<\/li>\n<li>1x kvalitetspensel 240mm<\/li>\n<li>4x kvalitetspensel 50mm<\/li>\n<li>Liten rulle<\/li>\n<li>5x m\u00e5larhinkar<\/li>\n<li>2x f\u00f6rl\u00e4ngningsskaft<\/li>\n<li>Reng\u00f6ringsdukar<\/li>\n<\/ul>\n<\/li>\n<\/ul>\n<ul>\n<li>Dessutom beh\u00f6ver du skaffa sj\u00e4lv\n<ul>\n<li>M\u00f6geltv\u00e4ttmedel<\/li>\n<li>F\u00e4rg<\/li>\n<li>Skyddsutrustning (handskar, hj\u00e4lm, andningsskydd etc.)<\/li>\n<li>Rej\u00e4lt talkohum\u00f6r<\/li>\n<\/ul>\n<\/li>\n<\/ul>\n","protected":false},"excerpt":{"rendered":"<p>M\u00e5lningsvagn f\u00f6r en vecka (eller tv\u00e5) \u00e4r det perfekta valet f\u00f6r dig som m\u00e5lar&#8230;<\/p>\n","protected":false},"featured_media":286472,"comment_status":"closed","ping_status":"closed","template":"","meta":{"_acf_changed":false,"_page_background_color":"","_accent_color":""},"product_brand":[],"product_cat":[569],"product_tag":[],"class_list":{"0":"post-286468","1":"product","2":"type-product","3":"status-publish","4":"has-post-thumbnail","6":"product_cat-uthyrning","8":"first","9":"instock","10":"sold-individually","11":"taxable","12":"shipping-taxable","13":"purchasable","14":"product-type-simple"},"acf":[],"_links":{"self":[{"href":"https:\/\/variset.fi\/sv\/wp-json\/wp\/v2\/product\/286468","targetHints":{"allow":["GET"]}}],"collection":[{"href":"https:\/\/variset.fi\/sv\/wp-json\/wp\/v2\/product"}],"about":[{"href":"https:\/\/variset.fi\/sv\/wp-json\/wp\/v2\/types\/product"}],"replies":[{"embeddable":true,"href":"https:\/\/variset.fi\/sv\/wp-json\/wp\/v2\/comments?post=286468"}],"wp:featuredmedia":[{"embeddable":true,"href":"https:\/\/variset.fi\/sv\/wp-json\/wp\/v2\/media\/286472"}],"wp:attachment":[{"href":"https:\/\/variset.fi\/sv\/wp-json\/wp\/v2\/media?parent=286468"}],"wp:term":[{"taxonomy":"product_brand","embeddable":true,"href":"https:\/\/variset.fi\/sv\/wp-json\/wp\/v2\/product_brand?post=286468"},{"taxonomy":"product_cat","embeddable":true,"href":"https:\/\/variset.fi\/sv\/wp-json\/wp\/v2\/product_cat?post=286468"},{"taxonomy":"product_tag","embeddable":true,"href":"https:\/\/variset.fi\/sv\/wp-json\/wp\/v2\/product_tag?post=286468"}],"curies":[{"name":"wp","href":"https:\/\/api.w.org\/{rel}","templated":true}]}}