{"id":286480,"date":"2026-03-06T09:59:39","date_gmt":"2026-03-06T07:59:39","guid":{"rendered":"https:\/\/variset.fi\/tuote\/malare-for-en-dag\/"},"modified":"2026-03-06T09:59:39","modified_gmt":"2026-03-06T07:59:39","slug":"malare-for-en-dag","status":"publish","type":"product","link":"https:\/\/variset.fi\/sv\/tuote\/malare-for-en-dag\/","title":{"rendered":"M\u00e5lare f\u00f6r en dag"},"content":{"rendered":"<p><span style=\"font-weight: 400;\">M\u00e5lare f\u00f6r en dag hj\u00e4lper till med mindre m\u00e5lningsbehov av hemmets utsidor som l\u00e4tt blir f\u00f6rsummade. V\u00e5r m\u00e5lare kommer till platsen med n\u00f6dv\u00e4ndiga arbetsverktyg. Du ansvarar f\u00f6r att skaffa f\u00e4rg och definiera arbetet.  <\/span><span style=\"font-weight: 400;\"><br \/>\n<\/span><span style=\"font-weight: 400;\"><br \/>\n<\/span><span style=\"font-weight: 400;\">Om arbetet kr\u00e4ver tv\u00e4tt och grundarbeten kan du utf\u00f6ra dem sj\u00e4lv i f\u00f6rv\u00e4g eller best\u00e4lla arbetet f\u00f6r flera dagar.<\/span><span style=\"font-weight: 400;\"><br \/>\n<\/span><span style=\"font-weight: 400;\"><br \/>\n<\/span><strong>Exempel p\u00e5 jobb f\u00f6r en dag eller tv\u00e5:<\/strong><\/p>\n<ul>\n<li><span style=\"font-weight: 400;\">M\u00e5lning av vanliga terrassr\u00e4cken<\/span><\/li>\n<li><span style=\"font-weight: 400;\">Skrapning och m\u00e5lning av accentdetaljer p\u00e5 fasadens framsida som \u00e4r f\u00e4rdigtv\u00e4tt<\/span><\/li>\n<li><span style=\"font-weight: 400;\">M\u00e5lning av lekstuga och sophus<\/span><\/li>\n<li>Oljning av f\u00e4rdigtv\u00e4ttad terrass<\/li>\n<li>Osv..<\/li>\n<\/ul>\n<p>F\u00f6rsta m\u00e5lningsdagen 699 \u20ac, f\u00f6ljande 599 \u20ac \/ dag<\/p>\n","protected":false},"excerpt":{"rendered":"<p>M\u00e5lare f\u00f6r en dag hj\u00e4lper till med mindre m\u00e5lningsbehov av hemmets utsidor som l\u00e4tt&#8230;<\/p>\n","protected":false},"featured_media":286474,"comment_status":"closed","ping_status":"closed","template":"","meta":{"_acf_changed":false,"_page_background_color":"","_accent_color":""},"product_brand":[],"product_cat":[543],"product_tag":[],"class_list":{"0":"post-286480","1":"product","2":"type-product","3":"status-publish","4":"has-post-thumbnail","6":"product_cat-malerietjanster","8":"first","9":"instock","10":"sold-individually","11":"taxable","12":"shipping-taxable","13":"purchasable","14":"product-type-variable"},"acf":[],"_links":{"self":[{"href":"https:\/\/variset.fi\/sv\/wp-json\/wp\/v2\/product\/286480","targetHints":{"allow":["GET"]}}],"collection":[{"href":"https:\/\/variset.fi\/sv\/wp-json\/wp\/v2\/product"}],"about":[{"href":"https:\/\/variset.fi\/sv\/wp-json\/wp\/v2\/types\/product"}],"replies":[{"embeddable":true,"href":"https:\/\/variset.fi\/sv\/wp-json\/wp\/v2\/comments?post=286480"}],"wp:featuredmedia":[{"embeddable":true,"href":"https:\/\/variset.fi\/sv\/wp-json\/wp\/v2\/media\/286474"}],"wp:attachment":[{"href":"https:\/\/variset.fi\/sv\/wp-json\/wp\/v2\/media?parent=286480"}],"wp:term":[{"taxonomy":"product_brand","embeddable":true,"href":"https:\/\/variset.fi\/sv\/wp-json\/wp\/v2\/product_brand?post=286480"},{"taxonomy":"product_cat","embeddable":true,"href":"https:\/\/variset.fi\/sv\/wp-json\/wp\/v2\/product_cat?post=286480"},{"taxonomy":"product_tag","embeddable":true,"href":"https:\/\/variset.fi\/sv\/wp-json\/wp\/v2\/product_tag?post=286480"}],"curies":[{"name":"wp","href":"https:\/\/api.w.org\/{rel}","templated":true}]}}