{"id":287681,"date":"2026-03-11T15:23:49","date_gmt":"2026-03-11T13:23:49","guid":{"rendered":"https:\/\/variset.fi\/tuote\/kostnadsfri-varderingsbesok\/"},"modified":"2026-03-11T15:23:49","modified_gmt":"2026-03-11T13:23:49","slug":"kostnadsfri-varderingsbesok","status":"publish","type":"product","link":"https:\/\/variset.fi\/sv\/tuote\/kostnadsfri-varderingsbesok\/","title":{"rendered":"Kostnadsfri v\u00e4rderingsbes\u00f6k"},"content":{"rendered":"<p>Best\u00e4ll ett kostnadsfritt v\u00e4rderingsbes\u00f6k!<\/p>\n<p>Du f\u00e5r en v\u00e4rdering av ditt hems yttre m\u00e5lningsbehov bed\u00f6md av v\u00e5r expert<\/p>\n<p>Bes\u00f6ket f\u00f6rpliktar dig inte till n\u00e5got, men hj\u00e4lper dig att planera m\u00e5lningsarbetet och i b\u00e4sta fall best\u00e4ller du ett kvalitetsarbete fr\u00e5n V\u00e4riset.<\/p>\n","protected":false},"excerpt":{"rendered":"<p><img loading=\"lazy\" decoding=\"async\" class=\"alignnone size-medium wp-image-6227\" src=\"https:\/\/variset.fi\/wp-content\/uploads\/2026\/02\/taloyhtio-kotikulma_variset-2-300x169.jpg\" alt=\"\" width=\"300\" height=\"169\" srcset=\"https:\/\/variset.fi\/wp-content\/uploads\/2026\/02\/taloyhtio-kotikulma_variset-2-300x169.jpg 300w, https:\/\/variset.fi\/wp-content\/uploads\/2026\/02\/taloyhtio-kotikulma_variset-2-1024x576.jpg 1024w, https:\/\/variset.fi\/wp-content\/uploads\/2026\/02\/taloyhtio-kotikulma_variset-2-768x432.jpg 768w, https:\/\/variset.fi\/wp-content\/uploads\/2026\/02\/taloyhtio-kotikulma_variset-2-1054x593.jpg 1054w, https:\/\/variset.fi\/wp-content\/uploads\/2026\/02\/taloyhtio-kotikulma_variset-2-714x402.jpg 714w, https:\/\/variset.fi\/wp-content\/uploads\/2026\/02\/taloyhtio-kotikulma_variset-2-590x332.jpg 590w, https:\/\/variset.fi\/wp-content\/uploads\/2026\/02\/taloyhtio-kotikulma_variset-2-846x476.jpg 846w, https:\/\/variset.fi\/wp-content\/uploads\/2026\/02\/taloyhtio-kotikulma_variset-2-600x338.jpg 600w, https:\/\/variset.fi\/wp-content\/uploads\/2026\/02\/taloyhtio-kotikulma_variset-2.jpg 1280w\" sizes=\"auto, (max-width: 300px) 100vw, 300px\" \/><\/p>\n","protected":false},"featured_media":0,"comment_status":"closed","ping_status":"closed","template":"","meta":{"_acf_changed":false,"_page_background_color":"","_accent_color":""},"product_brand":[],"product_cat":[581],"product_tag":[],"class_list":{"0":"post-287681","1":"product","2":"type-product","3":"status-publish","5":"product_cat-andra-produkter","7":"first","8":"instock","9":"sold-individually","10":"taxable","11":"shipping-taxable","12":"purchasable","13":"product-type-simple"},"acf":[],"_links":{"self":[{"href":"https:\/\/variset.fi\/sv\/wp-json\/wp\/v2\/product\/287681","targetHints":{"allow":["GET"]}}],"collection":[{"href":"https:\/\/variset.fi\/sv\/wp-json\/wp\/v2\/product"}],"about":[{"href":"https:\/\/variset.fi\/sv\/wp-json\/wp\/v2\/types\/product"}],"replies":[{"embeddable":true,"href":"https:\/\/variset.fi\/sv\/wp-json\/wp\/v2\/comments?post=287681"}],"wp:attachment":[{"href":"https:\/\/variset.fi\/sv\/wp-json\/wp\/v2\/media?parent=287681"}],"wp:term":[{"taxonomy":"product_brand","embeddable":true,"href":"https:\/\/variset.fi\/sv\/wp-json\/wp\/v2\/product_brand?post=287681"},{"taxonomy":"product_cat","embeddable":true,"href":"https:\/\/variset.fi\/sv\/wp-json\/wp\/v2\/product_cat?post=287681"},{"taxonomy":"product_tag","embeddable":true,"href":"https:\/\/variset.fi\/sv\/wp-json\/wp\/v2\/product_tag?post=287681"}],"curies":[{"name":"wp","href":"https:\/\/api.w.org\/{rel}","templated":true}]}}