{"id":287691,"date":"2026-03-11T15:33:36","date_gmt":"2026-03-11T13:33:36","guid":{"rendered":"https:\/\/variset.fi\/?post_type=product&#038;p=287691"},"modified":"2026-03-11T15:42:37","modified_gmt":"2026-03-11T13:42:37","slug":"maleritillbehor-for-en-vecka-kopio","status":"publish","type":"product","link":"https:\/\/variset.fi\/sv\/tuote\/maleritillbehor-for-en-vecka-kopio\/","title":{"rendered":"Kostnadsfri v\u00e4rderingsbes\u00f6k"},"content":{"rendered":"<p>Best\u00e4ll oss f\u00f6r att granska ditt hems yttre skick helt kostnadsfritt<\/p>\n<p>Med ett kostnadsfritt bes\u00f6k f\u00e5r du en bed\u00f6mning av ditt hems yttre skick samt en offert som passar dina behov.<\/p>\n<p>I b\u00e4sta fall slutar du med att best\u00e4lla m\u00e5lningsarbeten fr\u00e5n V\u00e4riset.<\/p>\n","protected":false},"excerpt":{"rendered":"<p>Best\u00e4ll oss f\u00f6r att granska ditt hems yttre skick helt kostnadsfritt Med ett kostnadsfritt&#8230;<\/p>\n","protected":false},"featured_media":287694,"comment_status":"closed","ping_status":"closed","template":"","meta":{"_acf_changed":false,"_page_background_color":"","_accent_color":""},"product_brand":[],"product_cat":[583,581],"product_tag":[],"class_list":{"0":"post-287691","1":"product","2":"type-product","3":"status-publish","4":"has-post-thumbnail","6":"product_cat-allmant","7":"product_cat-andra-produkter","9":"first","10":"instock","11":"sold-individually","12":"taxable","13":"shipping-taxable","14":"purchasable","15":"product-type-simple"},"acf":[],"_links":{"self":[{"href":"https:\/\/variset.fi\/sv\/wp-json\/wp\/v2\/product\/287691","targetHints":{"allow":["GET"]}}],"collection":[{"href":"https:\/\/variset.fi\/sv\/wp-json\/wp\/v2\/product"}],"about":[{"href":"https:\/\/variset.fi\/sv\/wp-json\/wp\/v2\/types\/product"}],"replies":[{"embeddable":true,"href":"https:\/\/variset.fi\/sv\/wp-json\/wp\/v2\/comments?post=287691"}],"wp:featuredmedia":[{"embeddable":true,"href":"https:\/\/variset.fi\/sv\/wp-json\/wp\/v2\/media\/287694"}],"wp:attachment":[{"href":"https:\/\/variset.fi\/sv\/wp-json\/wp\/v2\/media?parent=287691"}],"wp:term":[{"taxonomy":"product_brand","embeddable":true,"href":"https:\/\/variset.fi\/sv\/wp-json\/wp\/v2\/product_brand?post=287691"},{"taxonomy":"product_cat","embeddable":true,"href":"https:\/\/variset.fi\/sv\/wp-json\/wp\/v2\/product_cat?post=287691"},{"taxonomy":"product_tag","embeddable":true,"href":"https:\/\/variset.fi\/sv\/wp-json\/wp\/v2\/product_tag?post=287691"}],"curies":[{"name":"wp","href":"https:\/\/api.w.org\/{rel}","templated":true}]}}